{"id":82840,"date":"2020-02-20T23:32:34","date_gmt":"2020-02-20T22:32:34","guid":{"rendered":"http:\/\/www.xn--so-paris-90a.com\/?page_id=82840"},"modified":"2022-09-02T12:53:23","modified_gmt":"2022-09-02T10:53:23","slug":"prestations","status":"publish","type":"page","link":"https:\/\/esoparis.co\/fr\/prestations\/","title":{"rendered":"Prestations"},"content":{"rendered":"<div class=\"wpb-content-wrapper\"><p>[vc_row row_height_percent=\u00a0\u00bb0&Prime; override_padding=\u00a0\u00bbyes\u00a0\u00bb h_padding=\u00a0\u00bb2&Prime; top_padding=\u00a0\u00bb4&Prime; bottom_padding=\u00a0\u00bb2&Prime; overlay_alpha=\u00a0\u00bb50&Prime; gutter_size=\u00a0\u00bb3&Prime; column_width_percent=\u00a0\u00bb100&Prime; shift_y=\u00a0\u00bb0&Prime; z_index=\u00a0\u00bb0&Prime;][vc_column width=\u00a0\u00bb1\/1&Prime;][vc_single_image media=\u00a0\u00bb84881&Prime; media_width_percent=\u00a0\u00bb100&Prime; alignment=\u00a0\u00bbcenter\u00a0\u00bb uncode_shortcode_id=\u00a0\u00bb212171&Prime;][\/vc_column][\/vc_row][vc_row row_height_percent=\u00a0\u00bb0&Prime; override_padding=\u00a0\u00bbyes\u00a0\u00bb h_padding=\u00a0\u00bb2&Prime; top_padding=\u00a0\u00bb2&Prime; bottom_padding=\u00a0\u00bb2&Prime; overlay_alpha=\u00a0\u00bb50&Prime; gutter_size=\u00a0\u00bb3&Prime; column_width_percent=\u00a0\u00bb100&Prime; shift_y=\u00a0\u00bb0&Prime; z_index=\u00a0\u00bb0&Prime;][vc_column column_width_percent=\u00a0\u00bb100&Prime; align_horizontal=\u00a0\u00bbalign_center\u00a0\u00bb gutter_size=\u00a0\u00bb3&Prime; overlay_alpha=\u00a0\u00bb50&Prime; shift_x=\u00a0\u00bb0&Prime; shift_y=\u00a0\u00bb0&Prime; shift_y_down=\u00a0\u00bb0&Prime; z_index=\u00a0\u00bb0&Prime; medium_width=\u00a0\u00bb0&Prime; mobile_width=\u00a0\u00bb0&Prime; width=\u00a0\u00bb1\/1&Prime;][vc_custom_heading heading_semantic=\u00a0\u00bbp\u00a0\u00bb text_font=\u00a0\u00bbfont-912227&Prime; text_size=\u00a0\u00bb\u00a0\u00bb text_weight=\u00a0\u00bb600&Prime; uncode_shortcode_id=\u00a0\u00bb168485&Prime;]PRESTATIONS[\/vc_custom_heading][vc_column_text uncode_shortcode_id=\u00a0\u00bb152708&Prime;]\u0116so vous accompagne dans la r\u00e9alisation de vos <a href=\"https:\/\/esoparis.co\/evenements\/\">\u00e9v\u00e9nements publics et priv\u00e9s<\/a> ; Soir\u00e9es, retraites, baby showers, mariages, ateliers&#8230;<\/p>\n<p>\u0116so propose aussi des <a href=\"https:\/\/esoparis.co\/eso-school\/\">formations<\/a> pour vous initier au monde \u00e9soterique,\u00a0des <a href=\"https:\/\/esoparis.co\/reserver-une-seance\/\">consultations priv\u00e9es<\/a> en pr\u00e9sentiel ou en ligne, ainsi qu\u2019un service de conciergerie. \u0116so c\u2019est aussi l\u2019envie d\u2019apporter un nouveau regard plus moderne sur le monde spirituel c\u2019est pourquoi nous collaborons aussi avec de nombreux artistes contemporains.<\/p>\n<p>Enfin nous pouvons vous accompagner dans la conception sur mesure de vos projets. Nous mettons \u00e0 profit notre large r\u00e9seau de <a href=\"https:\/\/esoparis.co\/reserver-une-seance\/\">praticiens certifi\u00e9s \u0116so<\/a> qui assurent une v\u00e9ritable ma\u00eetrise et une cr\u00e9dibilit\u00e9 dans l\u2019ex\u00e9cution de votre projet.<\/p>\n<p>Pour toute demandes de devis ou renseignements :\u00a0<a href=\"mailto:connect@esoparis.co\">connect@esoparis.co<\/a>[\/vc_column_text][\/vc_column][\/vc_row]<\/p>\n<\/div>","protected":false},"excerpt":{"rendered":"<p>[vc_row row_height_percent=\u00a0\u00bb0&Prime; override_padding=\u00a0\u00bbyes\u00a0\u00bb h_padding=\u00a0\u00bb2&Prime; top_padding=\u00a0\u00bb4&Prime; bottom_padding=\u00a0\u00bb2&Prime; overlay_alpha=\u00a0\u00bb50&Prime; gutter_size=\u00a0\u00bb3&Prime; column_width_percent=\u00a0\u00bb100&Prime; shift_y=\u00a0\u00bb0&Prime; z_index=\u00a0\u00bb0&Prime;][vc_column width=\u00a0\u00bb1\/1&Prime;][vc_single_image media=\u00a0\u00bb84881&Prime; media_width_percent=\u00a0\u00bb100&Prime; alignment=\u00a0\u00bbcenter\u00a0\u00bb uncode_shortcode_id=\u00a0\u00bb212171&Prime;][\/vc_column][\/vc_row][vc_row row_height_percent=\u00a0\u00bb0&Prime; override_padding=\u00a0\u00bbyes\u00a0\u00bb h_padding=\u00a0\u00bb2&Prime; top_padding=\u00a0\u00bb2&Prime; [&hellip;]<\/p>\n","protected":false},"author":1,"featured_media":0,"parent":0,"menu_order":0,"comment_status":"closed","ping_status":"closed","template":"","meta":{"footnotes":""},"class_list":["post-82840","page","type-page","status-publish","hentry"],"_links":{"self":[{"href":"https:\/\/esoparis.co\/fr\/wp-json\/wp\/v2\/pages\/82840","targetHints":{"allow":["GET"]}}],"collection":[{"href":"https:\/\/esoparis.co\/fr\/wp-json\/wp\/v2\/pages"}],"about":[{"href":"https:\/\/esoparis.co\/fr\/wp-json\/wp\/v2\/types\/page"}],"author":[{"embeddable":true,"href":"https:\/\/esoparis.co\/fr\/wp-json\/wp\/v2\/users\/1"}],"replies":[{"embeddable":true,"href":"https:\/\/esoparis.co\/fr\/wp-json\/wp\/v2\/comments?post=82840"}],"version-history":[{"count":69,"href":"https:\/\/esoparis.co\/fr\/wp-json\/wp\/v2\/pages\/82840\/revisions"}],"predecessor-version":[{"id":84972,"href":"https:\/\/esoparis.co\/fr\/wp-json\/wp\/v2\/pages\/82840\/revisions\/84972"}],"wp:attachment":[{"href":"https:\/\/esoparis.co\/fr\/wp-json\/wp\/v2\/media?parent=82840"}],"curies":[{"name":"wp","href":"https:\/\/api.w.org\/{rel}","templated":true}]}}