{"id":82843,"date":"2020-02-20T23:30:17","date_gmt":"2020-02-20T22:30:17","guid":{"rendered":"http:\/\/www.xn--so-paris-90a.com\/?page_id=82843"},"modified":"2022-09-02T12:51:19","modified_gmt":"2022-09-02T10:51:19","slug":"practiques","status":"publish","type":"page","link":"https:\/\/esoparis.co\/fr\/practiques\/","title":{"rendered":"Pratiques"},"content":{"rendered":"<div class=\"wpb-content-wrapper\"><p>[vc_row row_height_percent=\u00a0\u00bb0&Prime; override_padding=\u00a0\u00bbyes\u00a0\u00bb h_padding=\u00a0\u00bb2&Prime; top_padding=\u00a0\u00bb4&Prime; bottom_padding=\u00a0\u00bb2&Prime; overlay_alpha=\u00a0\u00bb50&Prime; gutter_size=\u00a0\u00bb3&Prime; column_width_percent=\u00a0\u00bb100&Prime; shift_y=\u00a0\u00bb0&Prime; z_index=\u00a0\u00bb0&Prime;][vc_column column_width_percent=\u00a0\u00bb100&Prime; align_horizontal=\u00a0\u00bbalign_center\u00a0\u00bb gutter_size=\u00a0\u00bb3&Prime; overlay_alpha=\u00a0\u00bb50&Prime; shift_x=\u00a0\u00bb0&Prime; shift_y=\u00a0\u00bb0&Prime; shift_y_down=\u00a0\u00bb0&Prime; z_index=\u00a0\u00bb0&Prime; medium_width=\u00a0\u00bb0&Prime; mobile_width=\u00a0\u00bb0&Prime; width=\u00a0\u00bb1\/1&Prime;][vc_custom_heading heading_semantic=\u00a0\u00bbp\u00a0\u00bb text_font=\u00a0\u00bbfont-912227&Prime; text_size=\u00a0\u00bb\u00a0\u00bb text_weight=\u00a0\u00bb600&Prime; text_transform=\u00a0\u00bbuppercase\u00a0\u00bb uncode_shortcode_id=\u00a0\u00bb769904&Prime;]Lectures psychiques intuitives[\/vc_custom_heading][vc_single_image media=\u00a0\u00bb82985&Prime; media_width_percent=\u00a0\u00bb100&Prime; alignment=\u00a0\u00bbcenter\u00a0\u00bb][\/vc_column][\/vc_row][vc_row row_height_percent=\u00a0\u00bb0&Prime; override_padding=\u00a0\u00bbyes\u00a0\u00bb h_padding=\u00a0\u00bb2&Prime; top_padding=\u00a0\u00bb2&Prime; bottom_padding=\u00a0\u00bb2&Prime; overlay_alpha=\u00a0\u00bb50&Prime; gutter_size=\u00a0\u00bb3&Prime; column_width_percent=\u00a0\u00bb100&Prime; shift_y=\u00a0\u00bb0&Prime; z_index=\u00a0\u00bb0&Prime;][vc_column column_width_percent=\u00a0\u00bb100&Prime; align_horizontal=\u00a0\u00bbalign_center\u00a0\u00bb gutter_size=\u00a0\u00bb3&Prime; overlay_alpha=\u00a0\u00bb50&Prime; shift_x=\u00a0\u00bb0&Prime; shift_y=\u00a0\u00bb0&Prime; shift_y_down=\u00a0\u00bb0&Prime; z_index=\u00a0\u00bb0&Prime; medium_width=\u00a0\u00bb0&Prime; mobile_width=\u00a0\u00bb0&Prime; width=\u00a0\u00bb1\/1&Prime;][vc_row_inner][vc_column_inner column_width_percent=\u00a0\u00bb100&Prime; align_horizontal=\u00a0\u00bbalign_center\u00a0\u00bb gutter_size=\u00a0\u00bb3&Prime; overlay_alpha=\u00a0\u00bb50&Prime; shift_x=\u00a0\u00bb0&Prime; shift_y=\u00a0\u00bb0&Prime; shift_y_down=\u00a0\u00bb0&Prime; z_index=\u00a0\u00bb0&Prime; medium_width=\u00a0\u00bb0&Prime; mobile_width=\u00a0\u00bb0&Prime; width=\u00a0\u00bb1\/2&Prime;][vc_custom_heading heading_semantic=\u00a0\u00bbp\u00a0\u00bb text_font=\u00a0\u00bbfont-912227&Prime; text_size=\u00a0\u00bb\u00a0\u00bb text_weight=\u00a0\u00bb600&Prime; subheading=\u00a0\u00bbLa capacit\u00e9 d&rsquo;obtenir des informations sur un objet, une personne, un lieu ou un \u00e9v\u00e9nement physique par le biais de la perception extrasensorielle.\u00a0\u00bb uncode_shortcode_id=\u00a0\u00bb401809&Prime;]Voyance[\/vc_custom_heading][\/vc_column_inner][vc_column_inner column_width_percent=\u00a0\u00bb100&Prime; align_horizontal=\u00a0\u00bbalign_center\u00a0\u00bb gutter_size=\u00a0\u00bb3&Prime; overlay_alpha=\u00a0\u00bb50&Prime; shift_x=\u00a0\u00bb0&Prime; shift_y=\u00a0\u00bb0&Prime; shift_y_down=\u00a0\u00bb0&Prime; z_index=\u00a0\u00bb0&Prime; medium_width=\u00a0\u00bb0&Prime; mobile_width=\u00a0\u00bb0&Prime; width=\u00a0\u00bb1\/2&Prime;][vc_custom_heading heading_semantic=\u00a0\u00bbp\u00a0\u00bb text_font=\u00a0\u00bbfont-912227&Prime; text_size=\u00a0\u00bb\u00a0\u00bb text_weight=\u00a0\u00bb600&Prime; subheading=\u00a0\u00bbL&rsquo;\u00e9tude de la main afin de discerner la nature d&rsquo;une personne ou des \u00e9v\u00e9nements futurs.\u00a0\u00bb uncode_shortcode_id=\u00a0\u00bb128549&Prime;]Chirologie[\/vc_custom_heading][\/vc_column_inner][\/vc_row_inner][vc_row_inner][vc_column_inner column_width_percent=\u00a0\u00bb100&Prime; align_horizontal=\u00a0\u00bbalign_center\u00a0\u00bb gutter_size=\u00a0\u00bb3&Prime; overlay_alpha=\u00a0\u00bb50&Prime; shift_x=\u00a0\u00bb0&Prime; shift_y=\u00a0\u00bb0&Prime; shift_y_down=\u00a0\u00bb0&Prime; z_index=\u00a0\u00bb0&Prime; medium_width=\u00a0\u00bb0&Prime; mobile_width=\u00a0\u00bb0&Prime; width=\u00a0\u00bb1\/2&Prime;][vc_custom_heading heading_semantic=\u00a0\u00bbp\u00a0\u00bb text_font=\u00a0\u00bbfont-912227&Prime; text_size=\u00a0\u00bb\u00a0\u00bb text_weight=\u00a0\u00bb600&Prime; subheading=\u00a0\u00bbL&rsquo;\u00e9criture automatique ou psychographie est une capacit\u00e9 physique permettant \u00e0 un support de produire des mots \u00e9crits sans \u00e9crire consciemment. Les mots sont cens\u00e9s provenir d&rsquo;une source subconsciente, spirituelle ou surnaturelle.\u00a0\u00bb uncode_shortcode_id=\u00a0\u00bb865342&Prime;]Ecriture automatique[\/vc_custom_heading][\/vc_column_inner][vc_column_inner column_width_percent=\u00a0\u00bb100&Prime; align_horizontal=\u00a0\u00bbalign_center\u00a0\u00bb gutter_size=\u00a0\u00bb3&Prime; overlay_alpha=\u00a0\u00bb50&Prime; shift_x=\u00a0\u00bb0&Prime; shift_y=\u00a0\u00bb0&Prime; shift_y_down=\u00a0\u00bb0&Prime; z_index=\u00a0\u00bb0&Prime; medium_width=\u00a0\u00bb0&Prime; mobile_width=\u00a0\u00bb0&Prime; width=\u00a0\u00bb1\/2&Prime;][vc_custom_heading heading_semantic=\u00a0\u00bbp\u00a0\u00bb text_font=\u00a0\u00bbfont-912227&Prime; text_size=\u00a0\u00bb\u00a0\u00bb text_weight=\u00a0\u00bb600&Prime; subheading=\u00a0\u00bbLes runes sont issues d&rsquo;un vieiI alphabet germanique appel\u00e9 Futhark qui fut utilis\u00e9 par les Celtes, les Scandinaves et les Germains. Le mot Futhark est compos\u00e9 des six premi\u00e8res lettres de l&rsquo;alphabet runique : Fehu, Uruz, Thurisaz, Ansuz, Raidho et Kenaz. Les runes \u00e9taient un art sacr\u00e9, \u00e9tymologiquement ce mot signifie secret, chuchotement ou murmure.<br \/>\nChaque rune poss\u00e8de sa propre signification, son propre message. Elles sont toutes rattach\u00e9es \u00e0 un \u00e9l\u00e9ment, une id\u00e9e ou un concept.\u00a0\u00bb uncode_shortcode_id=\u00a0\u00bb542788&Prime; text_color_type=\u00a0\u00bbuncode-palette\u00a0\u00bb text_color_solid=\u00a0\u00bb#ff0000&Prime;]Les runes[\/vc_custom_heading][\/vc_column_inner][\/vc_row_inner][\/vc_column][\/vc_row][vc_row][vc_column column_width_percent=\u00a0\u00bb100&Prime; align_horizontal=\u00a0\u00bbalign_center\u00a0\u00bb gutter_size=\u00a0\u00bb3&Prime; overlay_alpha=\u00a0\u00bb50&Prime; shift_x=\u00a0\u00bb0&Prime; shift_y=\u00a0\u00bb0&Prime; shift_y_down=\u00a0\u00bb0&Prime; z_index=\u00a0\u00bb0&Prime; medium_width=\u00a0\u00bb0&Prime; mobile_width=\u00a0\u00bb0&Prime; width=\u00a0\u00bb1\/1&Prime;][vc_custom_heading heading_semantic=\u00a0\u00bbp\u00a0\u00bb text_font=\u00a0\u00bbfont-912227&Prime; text_size=\u00a0\u00bb\u00a0\u00bb text_weight=\u00a0\u00bb600&Prime; text_transform=\u00a0\u00bbuppercase\u00a0\u00bb uncode_shortcode_id=\u00a0\u00bb164126&Prime;]Astrologie &amp; Num\u00e9rologie[\/vc_custom_heading][vc_single_image media=\u00a0\u00bb82983&Prime; media_width_percent=\u00a0\u00bb100&Prime; alignment=\u00a0\u00bbcenter\u00a0\u00bb][\/vc_column][\/vc_row][vc_row row_height_percent=\u00a0\u00bb0&Prime; override_padding=\u00a0\u00bbyes\u00a0\u00bb h_padding=\u00a0\u00bb2&Prime; top_padding=\u00a0\u00bb2&Prime; bottom_padding=\u00a0\u00bb2&Prime; overlay_alpha=\u00a0\u00bb50&Prime; gutter_size=\u00a0\u00bb3&Prime; column_width_percent=\u00a0\u00bb100&Prime; shift_y=\u00a0\u00bb0&Prime; z_index=\u00a0\u00bb0&Prime;][vc_column column_width_percent=\u00a0\u00bb100&Prime; align_horizontal=\u00a0\u00bbalign_center\u00a0\u00bb gutter_size=\u00a0\u00bb3&Prime; overlay_alpha=\u00a0\u00bb50&Prime; shift_x=\u00a0\u00bb0&Prime; shift_y=\u00a0\u00bb0&Prime; shift_y_down=\u00a0\u00bb0&Prime; z_index=\u00a0\u00bb0&Prime; medium_width=\u00a0\u00bb0&Prime; mobile_width=\u00a0\u00bb0&Prime; width=\u00a0\u00bb1\/1&Prime;][vc_row_inner][vc_column_inner column_width_percent=\u00a0\u00bb100&Prime; align_horizontal=\u00a0\u00bbalign_center\u00a0\u00bb gutter_size=\u00a0\u00bb3&Prime; overlay_alpha=\u00a0\u00bb50&Prime; shift_x=\u00a0\u00bb0&Prime; shift_y=\u00a0\u00bb0&Prime; shift_y_down=\u00a0\u00bb0&Prime; z_index=\u00a0\u00bb0&Prime; medium_width=\u00a0\u00bb0&Prime; mobile_width=\u00a0\u00bb0&Prime; width=\u00a0\u00bb1\/2&Prime;][vc_custom_heading heading_semantic=\u00a0\u00bbp\u00a0\u00bb text_font=\u00a0\u00bbfont-912227&Prime; text_size=\u00a0\u00bb\u00a0\u00bb text_weight=\u00a0\u00bb600&Prime; subheading=\u00a0\u00bbL&rsquo;\u00e9tude des mouvements et des positions relatives des plan\u00e8tes interpr\u00e9t\u00e9s symboliquement comme ayant une influence sur nous et le monde naturel.\u00a0\u00bb uncode_shortcode_id=\u00a0\u00bb381097&Prime;]Astrologie[\/vc_custom_heading][\/vc_column_inner][vc_column_inner column_width_percent=\u00a0\u00bb100&Prime; align_horizontal=\u00a0\u00bbalign_center\u00a0\u00bb gutter_size=\u00a0\u00bb3&Prime; overlay_alpha=\u00a0\u00bb50&Prime; shift_x=\u00a0\u00bb0&Prime; shift_y=\u00a0\u00bb0&Prime; shift_y_down=\u00a0\u00bb0&Prime; z_index=\u00a0\u00bb0&Prime; medium_width=\u00a0\u00bb0&Prime; mobile_width=\u00a0\u00bb0&Prime; width=\u00a0\u00bb1\/2&Prime;][vc_custom_heading heading_semantic=\u00a0\u00bbp\u00a0\u00bb text_font=\u00a0\u00bbfont-912227&Prime; text_size=\u00a0\u00bb\u00a0\u00bb text_weight=\u00a0\u00bb600&Prime; subheading=\u00a0\u00bbLa branche de la connaissance qui traite de la signification occulte des nombres.\u00a0\u00bb uncode_shortcode_id=\u00a0\u00bb536137&Prime;]Num\u00e9rologie[\/vc_custom_heading][\/vc_column_inner][\/vc_row_inner][vc_row_inner][vc_column_inner column_width_percent=\u00a0\u00bb100&Prime; align_horizontal=\u00a0\u00bbalign_center\u00a0\u00bb gutter_size=\u00a0\u00bb3&Prime; overlay_alpha=\u00a0\u00bb50&Prime; shift_x=\u00a0\u00bb0&Prime; shift_y=\u00a0\u00bb0&Prime; shift_y_down=\u00a0\u00bb0&Prime; z_index=\u00a0\u00bb0&Prime; medium_width=\u00a0\u00bb0&Prime; mobile_width=\u00a0\u00bb0&Prime; width=\u00a0\u00bb1\/2&Prime;][vc_custom_heading heading_semantic=\u00a0\u00bbp\u00a0\u00bb text_font=\u00a0\u00bbfont-912227&Prime; text_size=\u00a0\u00bb\u00a0\u00bb text_weight=\u00a0\u00bb600&Prime; subheading=\u00a0\u00bbLe zodiaque chinois est un syst\u00e8me de classification qui attribue un animal et ses attributs r\u00e9put\u00e9s \u00e0 chaque ann\u00e9e dans un cycle r\u00e9p\u00e9titif de 12 ans.\u00a0\u00bb uncode_shortcode_id=\u00a0\u00bb152178&Prime;]Astrologie chinoise[\/vc_custom_heading][\/vc_column_inner][vc_column_inner column_width_percent=\u00a0\u00bb100&Prime; align_horizontal=\u00a0\u00bbalign_center\u00a0\u00bb gutter_size=\u00a0\u00bb3&Prime; overlay_alpha=\u00a0\u00bb50&Prime; shift_x=\u00a0\u00bb0&Prime; shift_y=\u00a0\u00bb0&Prime; shift_y_down=\u00a0\u00bb0&Prime; z_index=\u00a0\u00bb0&Prime; medium_width=\u00a0\u00bb0&Prime; mobile_width=\u00a0\u00bb0&Prime; width=\u00a0\u00bb1\/2&Prime;][vc_custom_heading heading_semantic=\u00a0\u00bbp\u00a0\u00bb text_font=\u00a0\u00bbfont-912227&Prime; text_size=\u00a0\u00bb\u00a0\u00bb text_weight=\u00a0\u00bb600&Prime; subheading=\u00a0\u00bbHuman design est une science combinant l&rsquo;astrologie, I Ching, la Kabbale et les Chakras. La conception humaine a \u00e9t\u00e9 cr\u00e9\u00e9e par Robert Alan Krakower. Human Design pr\u00e9tend \u00eatre une m\u00e9thode d&rsquo;auto-assistance qui n&rsquo;a pas de composante religieuse. Elle a \u00e9t\u00e9 appel\u00e9e \u00abla nouvelle astrologie\u00bb. Dans l&rsquo;analyse Human Design, les plan\u00e8tes sont affich\u00e9es dans un type d&rsquo;horoscope appel\u00e9 bodygraph. Le bodygraph montre les 64 hexagrammes du I Ching \u00e0 divers endroits sur le corps. Il est parfois repr\u00e9sent\u00e9 \u00e0 l&rsquo;int\u00e9rieur d&rsquo;un mandala, superpos\u00e9 aux 12 signes du zodiaque. Human Design traite \u00e9galement du r\u00e9gime alimentaire. De plus, il pr\u00e9tend faciliter l&rsquo;acc\u00e8s \u00e0 l&rsquo;intelligence corporelle.\u00a0\u00bb uncode_shortcode_id=\u00a0\u00bb155655&Prime;]Human Design[\/vc_custom_heading][\/vc_column_inner][\/vc_row_inner][\/vc_column][\/vc_row][vc_row][vc_column column_width_percent=\u00a0\u00bb100&Prime; align_horizontal=\u00a0\u00bbalign_center\u00a0\u00bb gutter_size=\u00a0\u00bb3&Prime; overlay_alpha=\u00a0\u00bb50&Prime; shift_x=\u00a0\u00bb0&Prime; shift_y=\u00a0\u00bb0&Prime; shift_y_down=\u00a0\u00bb0&Prime; z_index=\u00a0\u00bb0&Prime; medium_width=\u00a0\u00bb0&Prime; mobile_width=\u00a0\u00bb0&Prime; width=\u00a0\u00bb1\/1&Prime;][vc_custom_heading heading_semantic=\u00a0\u00bbp\u00a0\u00bb text_font=\u00a0\u00bbfont-912227&Prime; text_size=\u00a0\u00bb\u00a0\u00bb text_weight=\u00a0\u00bb600&Prime; text_transform=\u00a0\u00bbuppercase\u00a0\u00bb uncode_shortcode_id=\u00a0\u00bb138955&Prime;]Gu\u00e9rison psycho-\u00e9nerg\u00e9tique et spirituelle[\/vc_custom_heading][vc_single_image media=\u00a0\u00bb82984&Prime; media_width_percent=\u00a0\u00bb100&Prime; alignment=\u00a0\u00bbcenter\u00a0\u00bb][\/vc_column][\/vc_row][vc_row row_height_percent=\u00a0\u00bb0&Prime; override_padding=\u00a0\u00bbyes\u00a0\u00bb h_padding=\u00a0\u00bb2&Prime; top_padding=\u00a0\u00bb2&Prime; bottom_padding=\u00a0\u00bb2&Prime; overlay_alpha=\u00a0\u00bb50&Prime; gutter_size=\u00a0\u00bb3&Prime; column_width_percent=\u00a0\u00bb100&Prime; shift_y=\u00a0\u00bb0&Prime; z_index=\u00a0\u00bb0&Prime;][vc_column column_width_percent=\u00a0\u00bb100&Prime; align_horizontal=\u00a0\u00bbalign_center\u00a0\u00bb gutter_size=\u00a0\u00bb3&Prime; overlay_alpha=\u00a0\u00bb50&Prime; shift_x=\u00a0\u00bb0&Prime; shift_y=\u00a0\u00bb0&Prime; shift_y_down=\u00a0\u00bb0&Prime; z_index=\u00a0\u00bb0&Prime; medium_width=\u00a0\u00bb0&Prime; mobile_width=\u00a0\u00bb0&Prime; width=\u00a0\u00bb1\/1&Prime;][vc_row_inner][vc_column_inner column_width_percent=\u00a0\u00bb100&Prime; align_horizontal=\u00a0\u00bbalign_center\u00a0\u00bb gutter_size=\u00a0\u00bb3&Prime; overlay_alpha=\u00a0\u00bb50&Prime; shift_x=\u00a0\u00bb0&Prime; shift_y=\u00a0\u00bb0&Prime; shift_y_down=\u00a0\u00bb0&Prime; z_index=\u00a0\u00bb0&Prime; medium_width=\u00a0\u00bb0&Prime; mobile_width=\u00a0\u00bb0&Prime; width=\u00a0\u00bb1\/2&Prime;][vc_custom_heading heading_semantic=\u00a0\u00bbp\u00a0\u00bb text_font=\u00a0\u00bbfont-912227&Prime; text_size=\u00a0\u00bb\u00a0\u00bb text_weight=\u00a0\u00bb600&Prime; subheading=\u00a0\u00bbL&rsquo;Access bars est une modalit\u00e9 pratique et douce. Les barres sont constitu\u00e9es de 32 points uniques sur la t\u00eate qui sont en corr\u00e9lation avec diff\u00e9rents domaines et aspects de la vie.\u00a0\u00bb uncode_shortcode_id=\u00a0\u00bb509131&Prime;]Access bars[\/vc_custom_heading][\/vc_column_inner][vc_column_inner column_width_percent=\u00a0\u00bb100&Prime; align_horizontal=\u00a0\u00bbalign_center\u00a0\u00bb gutter_size=\u00a0\u00bb3&Prime; overlay_alpha=\u00a0\u00bb50&Prime; shift_x=\u00a0\u00bb0&Prime; shift_y=\u00a0\u00bb0&Prime; shift_y_down=\u00a0\u00bb0&Prime; z_index=\u00a0\u00bb0&Prime; medium_width=\u00a0\u00bb0&Prime; mobile_width=\u00a0\u00bb0&Prime; width=\u00a0\u00bb1\/2&Prime;][vc_custom_heading heading_semantic=\u00a0\u00bbp\u00a0\u00bb text_font=\u00a0\u00bbfont-912227&Prime; text_size=\u00a0\u00bb\u00a0\u00bb text_weight=\u00a0\u00bb600&Prime; subheading=\u00a0\u00bbLe Reiki est une forme de th\u00e9rapie alternative commun\u00e9ment appel\u00e9e \u00ab\u00a0gu\u00e9rison \u00e9nerg\u00e9tique\u00ab\u00a0. Le Reiki permet de transf\u00e9rer l&rsquo;\u00e9nergie universelle des paumes du praticien \u00e0 son patient.\u00a0\u00bb uncode_shortcode_id=\u00a0\u00bb301995&Prime;]Reiki[\/vc_custom_heading][\/vc_column_inner][\/vc_row_inner][vc_row_inner][vc_column_inner column_width_percent=\u00a0\u00bb100&Prime; align_horizontal=\u00a0\u00bbalign_center\u00a0\u00bb gutter_size=\u00a0\u00bb3&Prime; overlay_alpha=\u00a0\u00bb50&Prime; shift_x=\u00a0\u00bb0&Prime; shift_y=\u00a0\u00bb0&Prime; shift_y_down=\u00a0\u00bb0&Prime; z_index=\u00a0\u00bb0&Prime; medium_width=\u00a0\u00bb0&Prime; mobile_width=\u00a0\u00bb0&Prime; width=\u00a0\u00bb1\/2&Prime;][vc_custom_heading heading_semantic=\u00a0\u00bbp\u00a0\u00bb text_font=\u00a0\u00bbfont-912227&Prime; text_size=\u00a0\u00bb\u00a0\u00bb text_weight=\u00a0\u00bb600&Prime; subheading=\u00a0\u00bbL&rsquo;hypnoth\u00e9rapie est un type de m\u00e9decine compl\u00e9mentaire dans lequel l&rsquo;hypnose est utilis\u00e9e pour cr\u00e9er un \u00e9tat d&rsquo;attention concentr\u00e9e et de suggestibilit\u00e9 accrue au cours duquel des suggestions positives et des images guid\u00e9es sont utilis\u00e9es pour aider les individus \u00e0 faire face \u00e0 une vari\u00e9t\u00e9 de pr\u00e9occupations et de probl\u00e8mes.\u00a0\u00bb uncode_shortcode_id=\u00a0\u00bb133439&Prime;]Hypnose[\/vc_custom_heading][\/vc_column_inner][vc_column_inner column_width_percent=\u00a0\u00bb100&Prime; align_horizontal=\u00a0\u00bbalign_center\u00a0\u00bb gutter_size=\u00a0\u00bb3&Prime; overlay_alpha=\u00a0\u00bb50&Prime; shift_x=\u00a0\u00bb0&Prime; shift_y=\u00a0\u00bb0&Prime; shift_y_down=\u00a0\u00bb0&Prime; z_index=\u00a0\u00bb0&Prime; medium_width=\u00a0\u00bb0&Prime; mobile_width=\u00a0\u00bb0&Prime; width=\u00a0\u00bb1\/2&Prime;][vc_custom_heading heading_semantic=\u00a0\u00bbp\u00a0\u00bb text_font=\u00a0\u00bbfont-912227&Prime; text_size=\u00a0\u00bb\u00a0\u00bb text_weight=\u00a0\u00bb600&Prime; subheading=\u00a0\u00bbLa gu\u00e9rison par les cristaux est un syst\u00e8me de gu\u00e9rison holistique non invasif bas\u00e9 sur l&rsquo;\u00e9nergie vibratoire. La technique utilise des cristaux plac\u00e9s avec pr\u00e9cision soit sur et autour du corps physique. Les cristaux peuvent \u00e9galement \u00eatre pos\u00e9s selon des motifs g\u00e9om\u00e9triques pr\u00e9cis dans l&rsquo;environnement. Les cristaux absorbent, concentrent, dirigent, d\u00e9toxifient, d\u00e9placent et diffusent l&rsquo;\u00e9nergie lorsqu&rsquo;ils interagissent avec les forces \u00e9lectromagn\u00e9tiques et le champ \u00e9nerg\u00e9tique humain ou environnemental.\u00a0\u00bb uncode_shortcode_id=\u00a0\u00bb326763&Prime;]Gu\u00e9rison par le cristal[\/vc_custom_heading][\/vc_column_inner][\/vc_row_inner][\/vc_column][\/vc_row][vc_row][vc_column column_width_percent=\u00a0\u00bb100&Prime; align_horizontal=\u00a0\u00bbalign_center\u00a0\u00bb gutter_size=\u00a0\u00bb3&Prime; overlay_alpha=\u00a0\u00bb50&Prime; shift_x=\u00a0\u00bb0&Prime; shift_y=\u00a0\u00bb0&Prime; shift_y_down=\u00a0\u00bb0&Prime; z_index=\u00a0\u00bb0&Prime; medium_width=\u00a0\u00bb0&Prime; mobile_width=\u00a0\u00bb0&Prime; width=\u00a0\u00bb1\/1&Prime;][vc_custom_heading heading_semantic=\u00a0\u00bbp\u00a0\u00bb text_font=\u00a0\u00bbfont-912227&Prime; text_size=\u00a0\u00bb\u00a0\u00bb text_weight=\u00a0\u00bb600&Prime; text_transform=\u00a0\u00bbuppercase\u00a0\u00bb uncode_shortcode_id=\u00a0\u00bb116424&Prime;]Gu\u00e9rison par le son[\/vc_custom_heading][vc_single_image media=\u00a0\u00bb82988&Prime; media_width_percent=\u00a0\u00bb100&Prime; alignment=\u00a0\u00bbcenter\u00a0\u00bb][\/vc_column][\/vc_row][vc_row row_height_percent=\u00a0\u00bb0&Prime; override_padding=\u00a0\u00bbyes\u00a0\u00bb h_padding=\u00a0\u00bb2&Prime; top_padding=\u00a0\u00bb2&Prime; bottom_padding=\u00a0\u00bb2&Prime; overlay_alpha=\u00a0\u00bb50&Prime; gutter_size=\u00a0\u00bb3&Prime; column_width_percent=\u00a0\u00bb100&Prime; shift_y=\u00a0\u00bb0&Prime; z_index=\u00a0\u00bb0&Prime;][vc_column column_width_percent=\u00a0\u00bb100&Prime; align_horizontal=\u00a0\u00bbalign_center\u00a0\u00bb gutter_size=\u00a0\u00bb3&Prime; overlay_alpha=\u00a0\u00bb50&Prime; shift_x=\u00a0\u00bb0&Prime; shift_y=\u00a0\u00bb0&Prime; shift_y_down=\u00a0\u00bb0&Prime; z_index=\u00a0\u00bb0&Prime; medium_width=\u00a0\u00bb0&Prime; mobile_width=\u00a0\u00bb0&Prime; width=\u00a0\u00bb1\/1&Prime;][vc_row_inner][vc_column_inner column_width_percent=\u00a0\u00bb100&Prime; align_horizontal=\u00a0\u00bbalign_center\u00a0\u00bb gutter_size=\u00a0\u00bb3&Prime; overlay_alpha=\u00a0\u00bb50&Prime; shift_x=\u00a0\u00bb0&Prime; shift_y=\u00a0\u00bb0&Prime; shift_y_down=\u00a0\u00bb0&Prime; z_index=\u00a0\u00bb0&Prime; medium_width=\u00a0\u00bb0&Prime; mobile_width=\u00a0\u00bb0&Prime; width=\u00a0\u00bb1\/2&Prime;][vc_custom_heading heading_semantic=\u00a0\u00bbp\u00a0\u00bb text_font=\u00a0\u00bbfont-912227&Prime; text_size=\u00a0\u00bb\u00a0\u00bb text_weight=\u00a0\u00bb600&Prime; subheading=\u00a0\u00bbLa m\u00e9ditation utilise des bols en cristal de quartz qui sont accord\u00e9s aux chakras du corps et \u00e9mettent des vibrations sonores qui non seulement offrent un voyage sonore relaxant, mais ont \u00e9galement de multiples propri\u00e9t\u00e9s curatives.\u00a0\u00bb uncode_shortcode_id=\u00a0\u00bb132100&Prime;]M\u00e9ditation sonore aux bols de cristal[\/vc_custom_heading][\/vc_column_inner][vc_column_inner column_width_percent=\u00a0\u00bb100&Prime; align_horizontal=\u00a0\u00bbalign_center\u00a0\u00bb gutter_size=\u00a0\u00bb3&Prime; overlay_alpha=\u00a0\u00bb50&Prime; shift_x=\u00a0\u00bb0&Prime; shift_y=\u00a0\u00bb0&Prime; shift_y_down=\u00a0\u00bb0&Prime; z_index=\u00a0\u00bb0&Prime; medium_width=\u00a0\u00bb0&Prime; mobile_width=\u00a0\u00bb0&Prime; width=\u00a0\u00bb1\/2&Prime;][vc_custom_heading heading_semantic=\u00a0\u00bbp\u00a0\u00bb text_font=\u00a0\u00bbfont-912227&Prime; text_size=\u00a0\u00bb\u00a0\u00bb text_weight=\u00a0\u00bb600&Prime; subheading=\u00a0\u00bbLes bols chantants produisent des sons qui invoquent un \u00e9tat profond de relaxation qui aide naturellement \u00e0 entrer en m\u00e9ditation, le but ultime \u00e9tant l&rsquo;illumination. Ils sont une aide essentielle \u00e0 la m\u00e9ditation et on les trouve sur des autels bouddhistes priv\u00e9s, ainsi que dans des temples, des monast\u00e8res et des salles de m\u00e9ditation du monde entier.\u00a0\u00bb uncode_shortcode_id=\u00a0\u00bb142877&Prime;]Bols tib\u00e9tains[\/vc_custom_heading][\/vc_column_inner][\/vc_row_inner][vc_row_inner][vc_column_inner column_width_percent=\u00a0\u00bb100&Prime; align_horizontal=\u00a0\u00bbalign_center\u00a0\u00bb gutter_size=\u00a0\u00bb3&Prime; overlay_alpha=\u00a0\u00bb50&Prime; shift_x=\u00a0\u00bb0&Prime; shift_y=\u00a0\u00bb0&Prime; shift_y_down=\u00a0\u00bb0&Prime; z_index=\u00a0\u00bb0&Prime; medium_width=\u00a0\u00bb0&Prime; mobile_width=\u00a0\u00bb0&Prime; width=\u00a0\u00bb1\/2&Prime;][vc_custom_heading heading_semantic=\u00a0\u00bbp\u00a0\u00bb text_font=\u00a0\u00bbfont-912227&Prime; text_size=\u00a0\u00bb\u00a0\u00bb text_weight=\u00a0\u00bb600&Prime; subheading=\u00a0\u00bbLa th\u00e9rapie du diapason est un traitement non intrusif qui vise \u00e0 aider au r\u00e9alignement et \u00e0 la mise au point des syst\u00e8mes humains (monde int\u00e9rieur) et du champ d&rsquo;\u00e9nergie universel (monde ext\u00e9rieur) \u00e0 l&rsquo;aide du son et des vibrations activ\u00e9s par les diff\u00e9rents diapasons. La th\u00e9rapie est bas\u00e9e sur la croyance que le son et les vibrations passent \u00e0 travers le corps et provoquent une r\u00e9ponse dans les syst\u00e8mes du corps, tandis que ces syst\u00e8mes r\u00e9pondent en retour au son et aux vibrations qui sont activ\u00e9s par diff\u00e9rents diapasons. Gr\u00e2ce aux r\u00e9ponses interactives entre les vibrations et les syst\u00e8mes, le corps reprend son chemin pour retrouver une plus grande harmonie avec l&rsquo;environnement.\u00a0\u00bb uncode_shortcode_id=\u00a0\u00bb427523&Prime;]Diapasons[\/vc_custom_heading][\/vc_column_inner][vc_column_inner column_width_percent=\u00a0\u00bb100&Prime; align_horizontal=\u00a0\u00bbalign_center\u00a0\u00bb gutter_size=\u00a0\u00bb3&Prime; overlay_alpha=\u00a0\u00bb50&Prime; shift_x=\u00a0\u00bb0&Prime; shift_y=\u00a0\u00bb0&Prime; shift_y_down=\u00a0\u00bb0&Prime; z_index=\u00a0\u00bb0&Prime; medium_width=\u00a0\u00bb0&Prime; mobile_width=\u00a0\u00bb0&Prime; width=\u00a0\u00bb1\/2&Prime;][\/vc_column_inner][\/vc_row_inner][\/vc_column][\/vc_row][vc_row][vc_column column_width_percent=\u00a0\u00bb100&Prime; align_horizontal=\u00a0\u00bbalign_center\u00a0\u00bb gutter_size=\u00a0\u00bb3&Prime; overlay_alpha=\u00a0\u00bb50&Prime; shift_x=\u00a0\u00bb0&Prime; shift_y=\u00a0\u00bb0&Prime; shift_y_down=\u00a0\u00bb0&Prime; z_index=\u00a0\u00bb0&Prime; medium_width=\u00a0\u00bb0&Prime; mobile_width=\u00a0\u00bb0&Prime; width=\u00a0\u00bb1\/1&Prime;][vc_custom_heading heading_semantic=\u00a0\u00bbp\u00a0\u00bb text_font=\u00a0\u00bbfont-912227&Prime; text_size=\u00a0\u00bb\u00a0\u00bb text_weight=\u00a0\u00bb600&Prime; text_transform=\u00a0\u00bbuppercase\u00a0\u00bb subheading=\u00a0\u00bbLa photographie d&rsquo;aura capture l&rsquo;aura d&rsquo;une personne dans une belle gamme de couleurs.\u00a0\u00bb uncode_shortcode_id=\u00a0\u00bb929895&Prime;]Photographie d&rsquo;aura[\/vc_custom_heading][vc_single_image media=\u00a0\u00bb82987&Prime; media_width_percent=\u00a0\u00bb100&Prime; alignment=\u00a0\u00bbcenter\u00a0\u00bb][\/vc_column][\/vc_row]<\/p>\n<\/div>","protected":false},"excerpt":{"rendered":"<p>[vc_row row_height_percent=\u00a0\u00bb0&Prime; override_padding=\u00a0\u00bbyes\u00a0\u00bb h_padding=\u00a0\u00bb2&Prime; top_padding=\u00a0\u00bb4&Prime; bottom_padding=\u00a0\u00bb2&Prime; overlay_alpha=\u00a0\u00bb50&Prime; gutter_size=\u00a0\u00bb3&Prime; column_width_percent=\u00a0\u00bb100&Prime; shift_y=\u00a0\u00bb0&Prime; z_index=\u00a0\u00bb0&Prime;][vc_column column_width_percent=\u00a0\u00bb100&Prime; align_horizontal=\u00a0\u00bbalign_center\u00a0\u00bb gutter_size=\u00a0\u00bb3&Prime; overlay_alpha=\u00a0\u00bb50&Prime; shift_x=\u00a0\u00bb0&Prime; shift_y=\u00a0\u00bb0&Prime; shift_y_down=\u00a0\u00bb0&Prime; z_index=\u00a0\u00bb0&Prime; medium_width=\u00a0\u00bb0&Prime; [&hellip;]<\/p>\n","protected":false},"author":1,"featured_media":0,"parent":0,"menu_order":2,"comment_status":"closed","ping_status":"closed","template":"","meta":{"footnotes":""},"class_list":["post-82843","page","type-page","status-publish","hentry"],"_links":{"self":[{"href":"https:\/\/esoparis.co\/fr\/wp-json\/wp\/v2\/pages\/82843","targetHints":{"allow":["GET"]}}],"collection":[{"href":"https:\/\/esoparis.co\/fr\/wp-json\/wp\/v2\/pages"}],"about":[{"href":"https:\/\/esoparis.co\/fr\/wp-json\/wp\/v2\/types\/page"}],"author":[{"embeddable":true,"href":"https:\/\/esoparis.co\/fr\/wp-json\/wp\/v2\/users\/1"}],"replies":[{"embeddable":true,"href":"https:\/\/esoparis.co\/fr\/wp-json\/wp\/v2\/comments?post=82843"}],"version-history":[{"count":61,"href":"https:\/\/esoparis.co\/fr\/wp-json\/wp\/v2\/pages\/82843\/revisions"}],"predecessor-version":[{"id":84968,"href":"https:\/\/esoparis.co\/fr\/wp-json\/wp\/v2\/pages\/82843\/revisions\/84968"}],"wp:attachment":[{"href":"https:\/\/esoparis.co\/fr\/wp-json\/wp\/v2\/media?parent=82843"}],"curies":[{"name":"wp","href":"https:\/\/api.w.org\/{rel}","templated":true}]}}