{"id":84071,"date":"2021-01-09T10:57:12","date_gmt":"2021-01-09T09:57:12","guid":{"rendered":"https:\/\/esoparis.co\/?page_id=84071"},"modified":"2022-09-02T17:41:34","modified_gmt":"2022-09-02T15:41:34","slug":"eso-school","status":"publish","type":"page","link":"https:\/\/esoparis.co\/fr\/eso-school\/","title":{"rendered":"ESO School"},"content":{"rendered":"<div class=\"wpb-content-wrapper\"><p>[vc_row row_height_percent=\u00a0\u00bb0&Prime; override_padding=\u00a0\u00bbyes\u00a0\u00bb h_padding=\u00a0\u00bb2&Prime; top_padding=\u00a0\u00bb4&Prime; bottom_padding=\u00a0\u00bb2&Prime; overlay_alpha=\u00a0\u00bb50&Prime; gutter_size=\u00a0\u00bb3&Prime; column_width_percent=\u00a0\u00bb100&Prime; shift_y=\u00a0\u00bb0&Prime; z_index=\u00a0\u00bb0&Prime;][vc_column column_width_percent=\u00a0\u00bb100&Prime; align_horizontal=\u00a0\u00bbalign_center\u00a0\u00bb gutter_size=\u00a0\u00bb3&Prime; overlay_alpha=\u00a0\u00bb50&Prime; shift_x=\u00a0\u00bb0&Prime; shift_y=\u00a0\u00bb0&Prime; shift_y_down=\u00a0\u00bb0&Prime; z_index=\u00a0\u00bb0&Prime; medium_width=\u00a0\u00bb0&Prime; mobile_width=\u00a0\u00bb0&Prime; width=\u00a0\u00bb1\/1&Prime;][vc_single_image media=\u00a0\u00bb84117&Prime; media_width_percent=\u00a0\u00bb20&Prime; alignment=\u00a0\u00bbcenter\u00a0\u00bb][vc_column_text uncode_shortcode_id=\u00a0\u00bb204025&Prime;]\u0116so school, des cours sur des sujets \u00c9sot\u00e9riques. Rejoignez notre promo 2022 &#8211; 2023 !<\/p>\n<p>Vous \u00eates passionn\u00e9s d\u2019astrologie, de tarot, de connexion avec les \u00e9nergies ou simplement vous vous sentez tr\u00e8s ouvert dans votre intuition et avez envie d\u2019explorer ce pouvoir pr\u00e9sent en chacun de nous ? Rejoignez la Eso School. Un cursus de plusieurs mati\u00e8res explor\u00e9es <strong>une fois par mois au HOY HOTEL \u00e0 Paris<\/strong>.<\/p>\n<p>De la th\u00e9orie et des exercices pratiques, ainsi que des \u00e9changes questions-r\u00e9ponses.[\/vc_column_text][\/vc_column][\/vc_row][vc_row row_height_percent=\u00a0\u00bb0&Prime; override_padding=\u00a0\u00bbyes\u00a0\u00bb h_padding=\u00a0\u00bb2&Prime; top_padding=\u00a0\u00bb2&Prime; bottom_padding=\u00a0\u00bb2&Prime; overlay_alpha=\u00a0\u00bb50&Prime; gutter_size=\u00a0\u00bb3&Prime; column_width_percent=\u00a0\u00bb100&Prime; shift_y=\u00a0\u00bb0&Prime; z_index=\u00a0\u00bb0&Prime;][vc_column column_width_percent=\u00a0\u00bb100&Prime; align_horizontal=\u00a0\u00bbalign_center\u00a0\u00bb gutter_size=\u00a0\u00bb3&Prime; overlay_alpha=\u00a0\u00bb50&Prime; shift_x=\u00a0\u00bb0&Prime; shift_y=\u00a0\u00bb0&Prime; shift_y_down=\u00a0\u00bb0&Prime; z_index=\u00a0\u00bb0&Prime; medium_width=\u00a0\u00bb0&Prime; mobile_width=\u00a0\u00bb0&Prime; width=\u00a0\u00bb1\/1&Prime;]<div class=\"woocommerce\">\t\t\t<div class=\"single-product\" data-product-page-preselected-id=\"0\">\n\t\t\t\t\n<div class=\"woocommerce-notices-wrapper\"><\/div>\n<div class=\"product type-product post-85036 status-publish first instock product_cat-school has-post-thumbnail shipping-taxable purchasable product-type-simple\">\n\t<div class=\"row-container\">\n\t\t<div class=\"row row-parent col-std-gutter double-top-padding double-bottom-padding \" >\n\t\t\t<div class=\"row-inner\">\n\t\t\t\t<div class=\"col-lg-6\">\n\t\t\t\t\t<div class=\"uncol\">\n\t\t\t\t\t\t<div class=\"uncoltable\">\n\t\t\t\t\t\t\t<div class=\"uncell\">\n\t\t\t\t\t\t\t\t<div class=\"uncont\">\n\t\t\t\t\t\t\t\t\t\t\n<div class=\"uncode-wrapper uncode-single-product-gallery\">\n\n\n<div class=\"woocommerce-product-gallery woocommerce-product-gallery--with-images woocommerce-product-gallery--columns-3 woocommerce-layout-images- images woocommerce-product-gallery--zoom-disabled\" data-columns=\"3\" style=\"opacity: 0; transition: opacity .05s ease-in-out;\" data-gallery-options=\"{&quot;globals&quot;:{&quot;vc_column_inner_width&quot;:null},&quot;default_images&quot;:[84852]}\">\n\t\t\t<div class=\"woocommerce-product-gallery__wrapper\" data-skin=\"black\">\n\n\t<div class=\"woocommerce-product-gallery__image woocommerce-product-gallery__image-first\"><span class=\"zoom-overlay\"><\/span><a  role=\"button\" href=\"https:\/\/esoparis.co\/wp-content\/uploads\/2022\/09\/esoparis-eso-school-banner.jpg\" itemprop=\"image\" class=\"woocommerce-main-image\" data-transparency=\"transparent\" data-counter=\"on\" data-caption=\"\" data-options=\"thumbnail: 'https:\/\/esoparis.co\/wp-content\/uploads\/2022\/09\/esoparis-eso-school-banner-uai-1187x1187.jpg'\" data-lbox=\"ilightbox_gallery-103910\" data-lb-index=\"0\"><img decoding=\"async\" width=\"1200\" height=\"1187\" src=\"https:\/\/esoparis.co\/wp-content\/uploads\/2022\/09\/esoparis-eso-school-banner.jpg\" class=\"woocommerce-product-gallery__image-first__img wp-post-image\" alt=\"\" data-src=\"https:\/\/esoparis.co\/wp-content\/uploads\/2022\/09\/esoparis-eso-school-banner.jpg\" data-caption=\"esoparis-eso-school-banner\" data-large_image=\"https:\/\/esoparis.co\/wp-content\/uploads\/2022\/09\/esoparis-eso-school-banner.jpg\" data-large_image_width=\"1200\" data-large_image_height=\"1187\" srcset=\"https:\/\/esoparis.co\/wp-content\/uploads\/2022\/09\/esoparis-eso-school-banner.jpg 1200w, https:\/\/esoparis.co\/wp-content\/uploads\/2022\/09\/esoparis-eso-school-banner-300x297.jpg 300w, https:\/\/esoparis.co\/wp-content\/uploads\/2022\/09\/esoparis-eso-school-banner-1024x1013.jpg 1024w, https:\/\/esoparis.co\/wp-content\/uploads\/2022\/09\/esoparis-eso-school-banner-768x760.jpg 768w, https:\/\/esoparis.co\/wp-content\/uploads\/2022\/09\/esoparis-eso-school-banner-600x594.jpg 600w, https:\/\/esoparis.co\/wp-content\/uploads\/2022\/09\/esoparis-eso-school-banner-100x100.jpg 100w\" sizes=\"(max-width: 1200px) 100vw, 1200px\" \/><\/a><\/div>\n\t\n\t<\/div>\n<\/div>\n\n\n<\/div>\t\t\t\t\t\t\t\t<\/div>\n\t\t\t\t\t\t\t<\/div>\n\t\t\t\t\t\t<\/div>\n\t\t\t\t\t<\/div>\n\t\t\t\t<\/div>\n\t\t\t\t<div class=\"col-lg-6\">\n\t\t\t\t\t<div class=\"uncol\">\n\t\t\t\t\t\t<div class=\"uncoltable\">\n\t\t\t\t\t\t\t<div class=\"uncell\">\n\t\t\t\t\t\t\t\t<div class=\"uncont\">\n\t\t\t\t\t\t\t\t\t<h1 class=\"product_title entry-title\">Un cours<\/h1>\n<div class=\"price-container\">\n\n\t<span class=\"price\"><ins class=\"h3\"><span class=\"woocommerce-Price-amount amount\">35,00<span class=\"woocommerce-Price-currencySymbol\">&euro;<\/span><\/span><\/ins><\/span>\n\n<\/div>\n<div class=\"woocommerce-product-details__short-description\">\n\t<p>Cours \u00e0 l\u2019unit\u00e9, H\u00f4tel HOY Paris<\/p>\n<\/div>\n\n\n\n\t\n\t\n\t<form class=\"cart\" action=\"\" method=\"post\" enctype='multipart\/form-data'>\n\t \t\n\t \t\n\t \t<div class=\"quantity\">\n\t\t\t\t\t<label class=\"screen-reader-text\" for=\"quantity_69d8901aa93c8\">quantit\u00e9 de Un cours<\/label><input\n\t\t\ttype=\"number\"\n\t\t\t\t\t\tid=\"quantity_69d8901aa93c8\"\n\t\t\tclass=\"input-text qty text \"\n\t\t\tname=\"quantity\"\n\t\t\tvalue=\"1\"\n\t\t\taria-label=\"Quantit\u00e9 de produits\"\n\t\t\tsize=\"4\"\n\t\t\tmin=\"1\"\n\t\t\t\t\t\t\t\t\t\tstep=\"1\"\n\t\t\t\tplaceholder=\"\"\n\t\t\t\tinputmode=\"numeric\"\n\t\t\t\tautocomplete=\"off\"\n\t\t\t\t\t\/>\t\t<\/div>\n\n\t \t\n\t \t<button type=\"submit\" name=\"add-to-cart\" data-product_id=\"85036\" data-product_sku=\"\" data-quantity=\"1\" class=\"add_to_cart_button btn-default single_add_to_cart_button button alt btn product_type_simple  \" value=\"85036\"><span class=\"add_to_cart_text\">Ajouter au panier<\/span><span class=\"view-cart added_to_cart\"><\/span><\/button>\n\t<\/form>\n\n\t\t\t<div id=\"wc-stripe-express-checkout-element\" style=\"margin-top: 1em;clear:both;display:none;\">\n\t\t\t<!-- A Stripe Element will be inserted here. -->\n\t\t<\/div>\n\t\t<wc-order-attribution-inputs id=\"wc-stripe-express-checkout__order-attribution-inputs\"><\/wc-order-attribution-inputs>\n\n\n<hr \/>\n<div class=\"product_meta\">\n\t<p>\n\t\n\t\n\t<span class=\"posted_in detail-container\"><span class=\"detail-label\">Cat\u00e9gorie<\/span><span class=\"detail-value\"> <a href=\"https:\/\/esoparis.co\/fr\/categorie-produit\/school\/\" rel=\"tag\">school<\/a><\/span><\/span>\n\t\n\t\n\t\t<\/p>\n<\/div>\n\t\t\t\t\t\t\t\t<\/div>\n\t\t\t\t\t\t\t<\/div>\n\t\t\t\t\t\t<\/div>\n\t\t\t\t\t<\/div>\n\t\t\t\t<\/div>\n\t\t\t<\/div>\n\t\t<\/div>\n\t<\/div>\n<\/div>\n<div class=\"row-container row-related\">\n\t\t  \t\t\t\t\t<div class=\"row row-parent style- no-top-padding\">\n\t\t\t\t\t\t\t\t\t\n\t<div class=\"related products\">\n\n\t\t\t\t\t<h5 class=\"related-title\">Produits similaires<\/h5>\n\t\t\n\t\t<div class=\"owl-carousel-wrapper\">\n\t<div class=\"owl-carousel-container owl-carousel-loading half-gutter\">\n\t\t<div id=\"index-321010\" class=\"owl-carousel owl-element owl-theme owl-dots-outside owl-height-auto\" data-loop=\"false\" data-dots=\"true\" data-nav=\"false\" data-navspeed=\"400\" data-autoplay=\"false\" data-lg=\"4\" data-md=\"2\" data-sm=\"1\">\n\n\t\t\t\n\t\t\t\t<div class=\"tmb tmb-light tmb-content-center tmb-no-bg tmb-woocommerce tmb-overlay-anim tmb-overlay-text-anim tmb-iso-w3 post-84113 product type-product status-publish has-post-thumbnail product_cat-school product_shipping_class-livraison-gratuite first instock product-type-simple tmb-content-under tmb-media-first tmb-no-bg\" ><div class=\"t-inside\" ><div class=\"t-entry-visual\"><div class=\"t-entry-visual-tc\"><div class=\"t-entry-visual-cont\"><div class=\"dummy\" style=\"padding-top: 47.6%;\"><\/div><a role=\"button\" tabindex=\"-1\" href=\"https:\/\/esoparis.co\/fr\/produit\/un-cours-en-replay\/\" class=\"pushed\"><div class=\"t-entry-visual-overlay\"><div class=\"t-entry-visual-overlay-in style-dark-bg\" style=\"opacity: 0.2;\"><\/div><\/div><img decoding=\"async\" class=\"wp-image-84458\" src=\"https:\/\/esoparis.co\/wp-content\/uploads\/2021\/01\/esoparis-school-11.jpg\" width=\"1440\" height=\"685\" alt=\"\" srcset=\"https:\/\/esoparis.co\/wp-content\/uploads\/2021\/01\/esoparis-school-11.jpg 1440w, https:\/\/esoparis.co\/wp-content\/uploads\/2021\/01\/esoparis-school-11-300x143.jpg 300w, https:\/\/esoparis.co\/wp-content\/uploads\/2021\/01\/esoparis-school-11-1024x487.jpg 1024w, https:\/\/esoparis.co\/wp-content\/uploads\/2021\/01\/esoparis-school-11-768x365.jpg 768w, https:\/\/esoparis.co\/wp-content\/uploads\/2021\/01\/esoparis-school-11-600x285.jpg 600w\" sizes=\"(max-width: 1440px) 100vw, 1440px\" \/><\/a><div class=\"add-to-cart-overlay\"><a href=\"https:\/\/esoparis.co\/fr\/produit\/un-cours-en-replay\/\" aria-describedby=\"woocommerce_loop_add_to_cart_link_describedby_84113\" data-quantity=\"1\" class=\"product_type_simple product_button_loop\" data-product_id=\"84113\" data-product_sku=\"\" aria-label=\"En savoir plus sur &ldquo;Un cours en replay&rdquo;\" rel=\"nofollow\" data-success_message=\"\"><span class=\"add_to_cart_text\">Lire la suite<\/span><span class=\"view-cart added_to_cart\"><\/span><\/a>\n\t<span id=\"woocommerce_loop_add_to_cart_link_describedby_84113\" class=\"screen-reader-text\">\n\t\t\t<\/span>\n<\/div><\/div>\n\t\t\t\t\t<\/div>\n\t\t\t\t<\/div><div class=\"t-entry-text\">\n\t\t\t\t\t\t\t\t\t<div class=\"t-entry-text-tc half-block-padding\"><div class=\"t-entry\"><h3 class=\"t-entry-title h6 \"><a href=\"https:\/\/esoparis.co\/fr\/produit\/un-cours-en-replay\/\">Un cours en replay<\/a><\/h3><span class=\"price h6 \"><ins class=\"h3\"><\/ins><\/span><\/div><\/div>\n\t\t\t\t\t\t\t<\/div><\/div><\/div>\n\t\t\t\n\t\t\t\t<div class=\"tmb tmb-light tmb-content-center tmb-no-bg tmb-woocommerce tmb-overlay-anim tmb-overlay-text-anim tmb-iso-w4 post-84085 product type-product status-publish has-post-thumbnail product_cat-school product_shipping_class-livraison-gratuite first outofstock shipping-taxable purchasable product-type-variable tmb-woocommerce-variable-product tmb-content-under tmb-media-first tmb-no-bg\" ><div class=\"t-inside\" ><div class=\"t-entry-visual\"><div class=\"t-entry-visual-tc\"><div class=\"t-entry-visual-cont\"><div class=\"dummy\" style=\"padding-top: 47.6%;\"><\/div><a role=\"button\" tabindex=\"-1\" href=\"https:\/\/esoparis.co\/fr\/produit\/un-cours-presentiel\/\" class=\"pushed\"><div class=\"t-entry-visual-overlay\"><div class=\"t-entry-visual-overlay-in style-dark-bg\" style=\"opacity: 0.2;\"><\/div><\/div><img decoding=\"async\" class=\"wp-image-84626\" src=\"https:\/\/esoparis.co\/wp-content\/uploads\/2021\/01\/esoparis-school-10.jpeg\" width=\"1440\" height=\"685\" alt=\"\" srcset=\"https:\/\/esoparis.co\/wp-content\/uploads\/2021\/01\/esoparis-school-10.jpeg 1440w, https:\/\/esoparis.co\/wp-content\/uploads\/2021\/01\/esoparis-school-10-300x143.jpeg 300w, https:\/\/esoparis.co\/wp-content\/uploads\/2021\/01\/esoparis-school-10-1024x487.jpeg 1024w, https:\/\/esoparis.co\/wp-content\/uploads\/2021\/01\/esoparis-school-10-768x365.jpeg 768w, https:\/\/esoparis.co\/wp-content\/uploads\/2021\/01\/esoparis-school-10-600x285.jpeg 600w\" sizes=\"(max-width: 1440px) 100vw, 1440px\" \/><\/a><div class=\"add-to-cart-overlay\"><a href=\"https:\/\/esoparis.co\/fr\/produit\/un-cours-presentiel\/\" aria-describedby=\"woocommerce_loop_add_to_cart_link_describedby_84085\" data-quantity=\"1\" class=\"product_type_variable product_button_loop\" data-product_id=\"84085\" data-product_sku=\"\" aria-label=\"S\u00e9lectionner les options pour &ldquo;Un cours pr\u00e9sentiel&rdquo;\" rel=\"nofollow\"><span class=\"add_to_cart_text\">Choix des options<\/span><span class=\"view-cart added_to_cart\"><\/span><\/a>\n\t<span id=\"woocommerce_loop_add_to_cart_link_describedby_84085\" class=\"screen-reader-text\">\n\t\tCe produit a plusieurs variations. Les options peuvent \u00eatre choisies sur la page du produit\t<\/span>\n<\/div><\/div>\n\t\t\t\t\t<\/div>\n\t\t\t\t<\/div><div class=\"t-entry-text\">\n\t\t\t\t\t\t\t\t\t<div class=\"t-entry-text-tc half-block-padding\"><div class=\"t-entry\"><h3 class=\"t-entry-title h6 \"><a href=\"https:\/\/esoparis.co\/fr\/produit\/un-cours-presentiel\/\">Un cours pr\u00e9sentiel<\/a><\/h3><span class=\"price h6 \"><ins class=\"h3\"><span class=\"woocommerce-Price-amount amount\" aria-hidden=\"true\"><bdi>25,00<span class=\"woocommerce-Price-currencySymbol\">&euro;<\/span><\/bdi><\/span> <span aria-hidden=\"true\">\u00a0\u2013\u00a0<\/span> <span class=\"woocommerce-Price-amount amount\" aria-hidden=\"true\"><bdi>35,00<span class=\"woocommerce-Price-currencySymbol\">&euro;<\/span><\/bdi><\/span><span class=\"screen-reader-text\">Plage de prix\u00a0: 25,00&euro; \u00e0 35,00&euro;<\/span><\/ins><\/span><\/div><\/div>\n\t\t\t\t\t\t\t<\/div><\/div><\/div>\n\t\t\t\n\t\t\t\t<div class=\"tmb tmb-light tmb-content-center tmb-no-bg tmb-woocommerce tmb-overlay-anim tmb-overlay-text-anim tmb-iso-w4 post-84079 product type-product status-publish has-post-thumbnail product_cat-school product_shipping_class-livraison-gratuite first outofstock purchasable product-type-variable tmb-woocommerce-variable-product tmb-content-under tmb-media-first tmb-no-bg\" ><div class=\"t-inside\" ><div class=\"t-entry-visual\"><div class=\"t-entry-visual-tc\"><div class=\"t-entry-visual-cont\"><div class=\"dummy\" style=\"padding-top: 47.6%;\"><\/div><a role=\"button\" tabindex=\"-1\" href=\"https:\/\/esoparis.co\/fr\/produit\/eso-school-un-cours\/\" class=\"pushed\"><div class=\"t-entry-visual-overlay\"><div class=\"t-entry-visual-overlay-in style-dark-bg\" style=\"opacity: 0.2;\"><\/div><\/div><img decoding=\"async\" class=\"wp-image-84464\" src=\"https:\/\/esoparis.co\/wp-content\/uploads\/2021\/01\/esoparis-school-14.jpg\" width=\"1440\" height=\"685\" alt=\"\" srcset=\"https:\/\/esoparis.co\/wp-content\/uploads\/2021\/01\/esoparis-school-14.jpg 1440w, https:\/\/esoparis.co\/wp-content\/uploads\/2021\/01\/esoparis-school-14-300x143.jpg 300w, https:\/\/esoparis.co\/wp-content\/uploads\/2021\/01\/esoparis-school-14-1024x487.jpg 1024w, https:\/\/esoparis.co\/wp-content\/uploads\/2021\/01\/esoparis-school-14-768x365.jpg 768w, https:\/\/esoparis.co\/wp-content\/uploads\/2021\/01\/esoparis-school-14-600x285.jpg 600w\" sizes=\"(max-width: 1440px) 100vw, 1440px\" \/><\/a><div class=\"add-to-cart-overlay\"><a href=\"https:\/\/esoparis.co\/fr\/produit\/eso-school-un-cours\/\" aria-describedby=\"woocommerce_loop_add_to_cart_link_describedby_84079\" data-quantity=\"1\" class=\"product_type_variable product_button_loop\" data-product_id=\"84079\" data-product_sku=\"\" aria-label=\"S\u00e9lectionner les options pour &ldquo;Un cours distanciel&rdquo;\" rel=\"nofollow\"><span class=\"add_to_cart_text\">Choix des options<\/span><span class=\"view-cart added_to_cart\"><\/span><\/a>\n\t<span id=\"woocommerce_loop_add_to_cart_link_describedby_84079\" class=\"screen-reader-text\">\n\t\tCe produit a plusieurs variations. Les options peuvent \u00eatre choisies sur la page du produit\t<\/span>\n<\/div><\/div>\n\t\t\t\t\t<\/div>\n\t\t\t\t<\/div><div class=\"t-entry-text\">\n\t\t\t\t\t\t\t\t\t<div class=\"t-entry-text-tc half-block-padding\"><div class=\"t-entry\"><h3 class=\"t-entry-title h6 \"><a href=\"https:\/\/esoparis.co\/fr\/produit\/eso-school-un-cours\/\">Un cours distanciel<\/a><\/h3><span class=\"price h6 \"><ins class=\"h3\"><span class=\"woocommerce-Price-amount amount\"><bdi>17,00<span class=\"woocommerce-Price-currencySymbol\">&euro;<\/span><\/bdi><\/span><\/ins><\/span><\/div><\/div>\n\t\t\t\t\t\t\t<\/div><\/div><\/div>\n\t\t\t\n\t\t\t\t<\/div>\n\t<\/div>\n<\/div>\n\t<\/div>\n\n\n\t\t\t\t\t\t\t\t<\/div>\n\t\t\t\t\t\t\t<\/div>\t\t\t<\/div>\n\t\t\t<\/div>[\/vc_column][\/vc_row][vc_row row_height_percent=\u00a0\u00bb0&Prime; overlay_alpha=\u00a0\u00bb50&Prime; gutter_size=\u00a0\u00bb3&Prime; column_width_percent=\u00a0\u00bb100&Prime; shift_y=\u00a0\u00bb0&Prime; z_index=\u00a0\u00bb0&Prime; desktop_visibility=\u00a0\u00bbyes\u00a0\u00bb medium_visibility=\u00a0\u00bbyes\u00a0\u00bb mobile_visibility=\u00a0\u00bbyes\u00a0\u00bb uncode_shortcode_id=\u00a0\u00bb863920&Prime;][vc_column column_width_percent=\u00a0\u00bb100&Prime; align_horizontal=\u00a0\u00bbalign_center\u00a0\u00bb gutter_size=\u00a0\u00bb3&Prime; overlay_alpha=\u00a0\u00bb50&Prime; shift_x=\u00a0\u00bb0&Prime; shift_y=\u00a0\u00bb0&Prime; shift_y_down=\u00a0\u00bb0&Prime; z_index=\u00a0\u00bb0&Prime; medium_width=\u00a0\u00bb0&Prime; mobile_width=\u00a0\u00bb0&Prime; width=\u00a0\u00bb1\/1&Prime;][vc_custom_heading heading_semantic=\u00a0\u00bbp\u00a0\u00bb text_font=\u00a0\u00bbfont-912227&Prime; text_size=\u00a0\u00bb\u00a0\u00bb text_weight=\u00a0\u00bb600&Prime; text_transform=\u00a0\u00bbuppercase\u00a0\u00bb uncode_shortcode_id=\u00a0\u00bb157365&Prime;]OFFRE[\/vc_custom_heading][\/vc_column][\/vc_row][vc_row unlock_row_content=\u00a0\u00bbyes\u00a0\u00bb row_height_percent=\u00a0\u00bb0&Prime; override_padding=\u00a0\u00bbyes\u00a0\u00bb h_padding=\u00a0\u00bb7&Prime; top_padding=\u00a0\u00bb2&Prime; bottom_padding=\u00a0\u00bb2&Prime; overlay_alpha=\u00a0\u00bb50&Prime; equal_height=\u00a0\u00bbyes\u00a0\u00bb gutter_size=\u00a0\u00bb3&Prime; column_width_percent=\u00a0\u00bb100&Prime; shift_y=\u00a0\u00bb0&Prime; z_index=\u00a0\u00bb0&Prime; desktop_visibility=\u00a0\u00bbyes\u00a0\u00bb medium_visibility=\u00a0\u00bbyes\u00a0\u00bb mobile_visibility=\u00a0\u00bbyes\u00a0\u00bb uncode_shortcode_id=\u00a0\u00bb847162&Prime;][vc_column column_width_percent=\u00a0\u00bb100&Prime; align_horizontal=\u00a0\u00bbalign_center\u00a0\u00bb gutter_size=\u00a0\u00bb3&Prime; overlay_alpha=\u00a0\u00bb50&Prime; shift_x=\u00a0\u00bb0&Prime; shift_y=\u00a0\u00bb0&Prime; shift_y_down=\u00a0\u00bb0&Prime; z_index=\u00a0\u00bb0&Prime; medium_width=\u00a0\u00bb0&Prime; mobile_width=\u00a0\u00bb0&Prime; width=\u00a0\u00bb1\/1&Prime;][uncode_index el_id=\u00a0\u00bbindex-113666&Prime; loop=\u00a0\u00bbsize:4|order_by:date|order:ASC|post_type:product|tax_query:81|taxonomy_count:10&Prime; gutter_size=\u00a0\u00bb3&Prime; product_items=\u00a0\u00bbtitle,media|featured|onpost|original|hide-sale|inherit-atc|inherit-w-atc|show-atc,price|default,text|excerpt\u00a0\u00bb screen_lg=\u00a0\u00bb1000&Prime; screen_md=\u00a0\u00bb600&Prime; screen_sm=\u00a0\u00bb480&Prime; single_width=\u00a0\u00bb6&Prime; single_overlay_opacity=\u00a0\u00bb50&Prime; single_h_align=\u00a0\u00bbcenter\u00a0\u00bb single_padding=\u00a0\u00bb2&Prime;][\/vc_column][\/vc_row][vc_row][vc_column column_width_percent=\u00a0\u00bb100&Prime; align_horizontal=\u00a0\u00bbalign_center\u00a0\u00bb gutter_size=\u00a0\u00bb3&Prime; overlay_alpha=\u00a0\u00bb50&Prime; shift_x=\u00a0\u00bb0&Prime; shift_y=\u00a0\u00bb0&Prime; shift_y_down=\u00a0\u00bb0&Prime; z_index=\u00a0\u00bb0&Prime; medium_width=\u00a0\u00bb0&Prime; mobile_width=\u00a0\u00bb0&Prime; width=\u00a0\u00bb1\/1&Prime;][vc_custom_heading heading_semantic=\u00a0\u00bbp\u00a0\u00bb text_font=\u00a0\u00bbfont-912227&Prime; text_size=\u00a0\u00bb\u00a0\u00bb text_weight=\u00a0\u00bb600&Prime; text_transform=\u00a0\u00bbuppercase\u00a0\u00bb uncode_shortcode_id=\u00a0\u00bb134481&Prime;]PROGRAMME[\/vc_custom_heading][vc_column_text uncode_shortcode_id=\u00a0\u00bb123496&Prime;]<\/p>\n<p style=\"text-align: center;\">Prochainement disponible<\/p>\n<p>[\/vc_column_text][\/vc_column][\/vc_row]<\/p>\n<\/div>","protected":false},"excerpt":{"rendered":"<p>[vc_row row_height_percent=\u00a0\u00bb0&Prime; override_padding=\u00a0\u00bbyes\u00a0\u00bb h_padding=\u00a0\u00bb2&Prime; top_padding=\u00a0\u00bb4&Prime; bottom_padding=\u00a0\u00bb2&Prime; overlay_alpha=\u00a0\u00bb50&Prime; gutter_size=\u00a0\u00bb3&Prime; column_width_percent=\u00a0\u00bb100&Prime; shift_y=\u00a0\u00bb0&Prime; z_index=\u00a0\u00bb0&Prime;][vc_column column_width_percent=\u00a0\u00bb100&Prime; align_horizontal=\u00a0\u00bbalign_center\u00a0\u00bb gutter_size=\u00a0\u00bb3&Prime; overlay_alpha=\u00a0\u00bb50&Prime; shift_x=\u00a0\u00bb0&Prime; shift_y=\u00a0\u00bb0&Prime; shift_y_down=\u00a0\u00bb0&Prime; z_index=\u00a0\u00bb0&Prime; medium_width=\u00a0\u00bb0&Prime; [&hellip;]<\/p>\n","protected":false},"author":1,"featured_media":0,"parent":0,"menu_order":2,"comment_status":"closed","ping_status":"closed","template":"","meta":{"footnotes":""},"class_list":["post-84071","page","type-page","status-publish","hentry"],"_links":{"self":[{"href":"https:\/\/esoparis.co\/fr\/wp-json\/wp\/v2\/pages\/84071","targetHints":{"allow":["GET"]}}],"collection":[{"href":"https:\/\/esoparis.co\/fr\/wp-json\/wp\/v2\/pages"}],"about":[{"href":"https:\/\/esoparis.co\/fr\/wp-json\/wp\/v2\/types\/page"}],"author":[{"embeddable":true,"href":"https:\/\/esoparis.co\/fr\/wp-json\/wp\/v2\/users\/1"}],"replies":[{"embeddable":true,"href":"https:\/\/esoparis.co\/fr\/wp-json\/wp\/v2\/comments?post=84071"}],"version-history":[{"count":51,"href":"https:\/\/esoparis.co\/fr\/wp-json\/wp\/v2\/pages\/84071\/revisions"}],"predecessor-version":[{"id":85051,"href":"https:\/\/esoparis.co\/fr\/wp-json\/wp\/v2\/pages\/84071\/revisions\/85051"}],"wp:attachment":[{"href":"https:\/\/esoparis.co\/fr\/wp-json\/wp\/v2\/media?parent=84071"}],"curies":[{"name":"wp","href":"https:\/\/api.w.org\/{rel}","templated":true}]}}