{"id":83201,"date":"2020-03-26T20:01:03","date_gmt":"2020-03-26T19:01:03","guid":{"rendered":"https:\/\/esoparis.co\/?post_type=product&#038;p=83201"},"modified":"2021-10-29T15:20:49","modified_gmt":"2021-10-29T13:20:49","slug":"virginie","status":"publish","type":"product","link":"https:\/\/esoparis.co\/fr\/produit\/virginie\/","title":{"rendered":"Virginie"},"content":{"rendered":"<div class=\"wpb-content-wrapper\"><p>[vc_row][vc_column width=\u00a0\u00bb5\/12&Prime;][vc_column_text]<strong>Sp\u00e9cialit\u00e9s <\/strong>: Clairvoyance, tarologue, logoth\u00e9rapeute<br \/>\n<strong>Type de s\u00e9ance<\/strong> : \u00e0 distance<br \/>\n<strong>Dur\u00e9e <\/strong>: 1h<br \/>\n<strong>Contenu <\/strong>: Tirage de cartes[\/vc_column_text][\/vc_column][vc_column width=\u00a0\u00bb7\/12&Prime;][vc_column_text]<em>\u00ab Vous \u00e9clairer pour avancer \u00bb<\/em><\/p>\n<p>A l\u2019\u00e2ge de 8 ans Virginie re\u00e7oit un cadeau peu commun, le Tarot persan de Mme Indira. Sa famille lui a l\u00e9gu\u00e9 son go\u00fbt pour la m\u00e9taphysique, la sensibilit\u00e9 pour les mythes et les facult\u00e9s extra-sensorielles.<\/p>\n<p>A l\u2019\u00e9coute de la Parole et des pr\u00e9occupations existentielles depuis plus de vingt-ans, son parcours personnel et professionnel a conduit Virginie \u00e0 proposer une approche int\u00e9grative du Tarot, dans sa dimension \u00e0 la fois philosophique, initiatique, th\u00e9rapeutique et divinatoire.<\/p>\n<p>Elle \u00e0 coeur de \u00ab prendre soin de l\u2019\u00catre, du sens \u00e0 donner \u00e0 la vie, \u00e0 sa vie, \u00e0 ses projets \u00bb pour construire l\u2019avenir au plus pr\u00e8s de la personnalit\u00e9 de chacun.[\/vc_column_text][\/vc_column][\/vc_row]<\/p>\n<\/div>","protected":false},"excerpt":{"rendered":"<p>Voyance (1h)<\/p>\n","protected":false},"featured_media":83439,"comment_status":"closed","ping_status":"closed","template":"","meta":[],"product_brand":[],"product_cat":[39],"product_tag":[24],"class_list":{"0":"post-83201","1":"product","2":"type-product","3":"status-publish","4":"has-post-thumbnail","6":"product_cat-voyance","7":"product_tag-booking","8":"product_shipping_class-livraison-gratuite","10":"first","11":"instock","12":"virtual","13":"purchasable","14":"product-type-simple"},"_links":{"self":[{"href":"https:\/\/esoparis.co\/fr\/wp-json\/wp\/v2\/product\/83201","targetHints":{"allow":["GET"]}}],"collection":[{"href":"https:\/\/esoparis.co\/fr\/wp-json\/wp\/v2\/product"}],"about":[{"href":"https:\/\/esoparis.co\/fr\/wp-json\/wp\/v2\/types\/product"}],"replies":[{"embeddable":true,"href":"https:\/\/esoparis.co\/fr\/wp-json\/wp\/v2\/comments?post=83201"}],"wp:featuredmedia":[{"embeddable":true,"href":"https:\/\/esoparis.co\/fr\/wp-json\/wp\/v2\/media\/83439"}],"wp:attachment":[{"href":"https:\/\/esoparis.co\/fr\/wp-json\/wp\/v2\/media?parent=83201"}],"wp:term":[{"taxonomy":"product_brand","embeddable":true,"href":"https:\/\/esoparis.co\/fr\/wp-json\/wp\/v2\/product_brand?post=83201"},{"taxonomy":"product_cat","embeddable":true,"href":"https:\/\/esoparis.co\/fr\/wp-json\/wp\/v2\/product_cat?post=83201"},{"taxonomy":"product_tag","embeddable":true,"href":"https:\/\/esoparis.co\/fr\/wp-json\/wp\/v2\/product_tag?post=83201"}],"curies":[{"name":"wp","href":"https:\/\/api.w.org\/{rel}","templated":true}]}}