{"id":83217,"date":"2020-03-27T13:30:33","date_gmt":"2020-03-27T12:30:33","guid":{"rendered":"https:\/\/esoparis.co\/?post_type=product&#038;p=83217"},"modified":"2026-01-05T20:11:09","modified_gmt":"2026-01-05T19:11:09","slug":"valerie","status":"publish","type":"product","link":"https:\/\/esoparis.co\/fr\/produit\/valerie\/","title":{"rendered":"Val\u00e9rie"},"content":{"rendered":"<div class=\"wpb-content-wrapper\"><p>[vc_row][vc_column width=\u00a0\u00bb5\/12&Prime;][vc_column_text]<strong>Sp\u00e9cialit\u00e9s <\/strong>: Voyance<br \/>\n<strong>Type de s\u00e9ance<\/strong> : \u00e0 distance<br \/>\n<strong>Dur\u00e9e <\/strong>: entre 30min et 1h<br \/>\n<strong>Contenu <\/strong>: Tirage de cartes[\/vc_column_text][\/vc_column][vc_column width=\u00a0\u00bb7\/12&Prime;][vc_column_text]Val\u00e9rie a commenc\u00e9 la voyance avec comme support les cartes. Elle exerce depuis maintenant de nombreuses ann\u00e9es.<\/p>\n<p>Aujourd\u2019hui, gr\u00e2ce \u00e0 sa m\u00e9diumnit\u00e9, elle re\u00e7oit directement les messages du monde invisible afin d\u2019\u00e9clairer les blocages, les doutes que nous pouvons tous ressentir dans notre vie.<\/p>\n<p>Sa pratique se base sur la clairvoyance de votre futur mais \u00e9galement comme une lumi\u00e8re sur les actes \u00e0 poser pour que votre futur soit tel que vous le souhaitez, car vous \u00eates et vous serez toujours le capitaine de votre vie.[\/vc_column_text][\/vc_column][\/vc_row]<\/p>\n<\/div>","protected":false},"excerpt":{"rendered":"<p>Voyance<\/p>\n","protected":false},"featured_media":83539,"comment_status":"closed","ping_status":"closed","template":"","meta":[],"product_brand":[],"product_cat":[39],"product_tag":[24],"class_list":{"0":"post-83217","1":"product","2":"type-product","3":"status-publish","4":"has-post-thumbnail","6":"product_cat-voyance","7":"product_tag-booking","8":"product_shipping_class-livraison-gratuite","10":"first","11":"instock","12":"shipping-taxable","13":"purchasable","14":"product-type-variable"},"_links":{"self":[{"href":"https:\/\/esoparis.co\/fr\/wp-json\/wp\/v2\/product\/83217","targetHints":{"allow":["GET"]}}],"collection":[{"href":"https:\/\/esoparis.co\/fr\/wp-json\/wp\/v2\/product"}],"about":[{"href":"https:\/\/esoparis.co\/fr\/wp-json\/wp\/v2\/types\/product"}],"replies":[{"embeddable":true,"href":"https:\/\/esoparis.co\/fr\/wp-json\/wp\/v2\/comments?post=83217"}],"wp:featuredmedia":[{"embeddable":true,"href":"https:\/\/esoparis.co\/fr\/wp-json\/wp\/v2\/media\/83539"}],"wp:attachment":[{"href":"https:\/\/esoparis.co\/fr\/wp-json\/wp\/v2\/media?parent=83217"}],"wp:term":[{"taxonomy":"product_brand","embeddable":true,"href":"https:\/\/esoparis.co\/fr\/wp-json\/wp\/v2\/product_brand?post=83217"},{"taxonomy":"product_cat","embeddable":true,"href":"https:\/\/esoparis.co\/fr\/wp-json\/wp\/v2\/product_cat?post=83217"},{"taxonomy":"product_tag","embeddable":true,"href":"https:\/\/esoparis.co\/fr\/wp-json\/wp\/v2\/product_tag?post=83217"}],"curies":[{"name":"wp","href":"https:\/\/api.w.org\/{rel}","templated":true}]}}