{"id":83220,"date":"2020-03-27T13:32:23","date_gmt":"2020-03-27T12:32:23","guid":{"rendered":"https:\/\/esoparis.co\/?post_type=product&#038;p=83220"},"modified":"2021-10-29T15:20:48","modified_gmt":"2021-10-29T13:20:48","slug":"selene","status":"publish","type":"product","link":"https:\/\/esoparis.co\/fr\/produit\/selene\/","title":{"rendered":"Sel\u00e9n\u00e9"},"content":{"rendered":"<div class=\"wpb-content-wrapper\"><p>[vc_row][vc_column width=\u00a0\u00bb5\/12&Prime;][vc_column_text]<strong>Sp\u00e9cialit\u00e9s\u00a0<\/strong>: Voyance<br \/>\n<strong>Type de s\u00e9ance<\/strong> : \u00e0 distance ou par mail<br \/>\n<strong>Dur\u00e9e\u00a0<\/strong>: 20 min<br \/>\n<strong>Contenu\u00a0<\/strong>: Tirage de Runes[\/vc_column_text][\/vc_column][vc_column width=\u00a0\u00bb7\/12&Prime;][vc_column_text]<em>\u00ab \u00c9criture secr\u00e8te, secret murmur\u00e9 \u00bb<\/em><\/p>\n<p>Issue de la mythologie nordique, les Runes sont les composantes d\u2019un alphabet tr\u00e8s ancien d\u00e9nomm\u00e9 Furtak.<\/p>\n<p>Cet outil divinatoire permet de vous d\u00e9voiler les influx de votre avenir imm\u00e9diat, les \u00e9volutions \u00e0 venir, sans n\u00e9gliger de faire un point sur le pass\u00e9 et ce que cela engendre pour vous au quotidien.<\/p>\n<p>C\u00e9line alias S\u00e9l\u00e9n\u00e9, telle une boussole, une lanterne, vous propose d\u2019interroger les Runes pour conna\u00eetre votre avenir, votre devenir et tout ce qui pourra vous aider \u00e0 avancer.<\/p>\n<p>Elle d\u00e9tient cette connaissance gr\u00e2ce aux dons transmis par ses anc\u00eatres. Sa bienveillance et son ouverture d\u2019esprit compl\u00e8te la lecture des Runes pour vous apporter des r\u00e9ponses compl\u00e8tes et pr\u00e9cises. Apporter une lumi\u00e8re face aux incertitudes de la vie, telle une main tendue, son authenticit\u00e9 vous s\u00e9duira.[\/vc_column_text][\/vc_column][\/vc_row]<\/p>\n<\/div>","protected":false},"excerpt":{"rendered":"<p>Voyance<\/p>\n","protected":false},"featured_media":83500,"comment_status":"closed","ping_status":"closed","template":"","meta":[],"product_brand":[],"product_cat":[39],"product_tag":[24],"class_list":{"0":"post-83220","1":"product","2":"type-product","3":"status-publish","4":"has-post-thumbnail","6":"product_cat-voyance","7":"product_tag-booking","8":"product_shipping_class-livraison-gratuite","10":"first","11":"instock","12":"shipping-taxable","13":"purchasable","14":"product-type-variable"},"_links":{"self":[{"href":"https:\/\/esoparis.co\/fr\/wp-json\/wp\/v2\/product\/83220","targetHints":{"allow":["GET"]}}],"collection":[{"href":"https:\/\/esoparis.co\/fr\/wp-json\/wp\/v2\/product"}],"about":[{"href":"https:\/\/esoparis.co\/fr\/wp-json\/wp\/v2\/types\/product"}],"replies":[{"embeddable":true,"href":"https:\/\/esoparis.co\/fr\/wp-json\/wp\/v2\/comments?post=83220"}],"wp:featuredmedia":[{"embeddable":true,"href":"https:\/\/esoparis.co\/fr\/wp-json\/wp\/v2\/media\/83500"}],"wp:attachment":[{"href":"https:\/\/esoparis.co\/fr\/wp-json\/wp\/v2\/media?parent=83220"}],"wp:term":[{"taxonomy":"product_brand","embeddable":true,"href":"https:\/\/esoparis.co\/fr\/wp-json\/wp\/v2\/product_brand?post=83220"},{"taxonomy":"product_cat","embeddable":true,"href":"https:\/\/esoparis.co\/fr\/wp-json\/wp\/v2\/product_cat?post=83220"},{"taxonomy":"product_tag","embeddable":true,"href":"https:\/\/esoparis.co\/fr\/wp-json\/wp\/v2\/product_tag?post=83220"}],"curies":[{"name":"wp","href":"https:\/\/api.w.org\/{rel}","templated":true}]}}