{"id":83227,"date":"2020-03-27T13:36:19","date_gmt":"2020-03-27T12:36:19","guid":{"rendered":"https:\/\/esoparis.co\/?post_type=product&#038;p=83227"},"modified":"2021-10-29T15:20:47","modified_gmt":"2021-10-29T13:20:47","slug":"grace","status":"publish","type":"product","link":"https:\/\/esoparis.co\/fr\/produit\/grace\/","title":{"rendered":"Grace"},"content":{"rendered":"<div class=\"wpb-content-wrapper\"><p>[vc_row][vc_column width=\u00a0\u00bb5\/12&Prime;][vc_column_text]<strong>Sp\u00e9cialit\u00e9s <\/strong>: Voyance<br \/>\n<strong>Type de s\u00e9ance<\/strong> : \u00e0 distance<br \/>\n<strong>Dur\u00e9e <\/strong>: 30 min ou 1 h<br \/>\n<strong>Contenu <\/strong>: Tirage de cartes[\/vc_column_text][\/vc_column][vc_column width=\u00a0\u00bb7\/12&Prime;][vc_column_text]Grace une approche moderne de la voyance, loin des clich\u00e9s que l&rsquo;on peut s&rsquo;en faire.<\/p>\n<p>Ses consultations allient voyance et coaching afin d&rsquo;obtenir une guidance accessible \u00e0 tous. Que vous ayez besoin d&rsquo;un \u00e9clairage sur une situation, d&rsquo;une aide \u00e0 la veille d&rsquo;une d\u00e9cision importante ou simplement de faire le point, ses capacit\u00e9s intuitives donnent des r\u00e9ponses \u00e0 vos questions et le support de ses cartes permet d&rsquo;y voir plus clair.<\/p>\n<p>Grace vous donne les moyens d&rsquo;acc\u00e9der \u00e0 vos objectifs personnels.<\/p>\n<p>D\u00e8s son plus jeune \u00e2ge, elle a appris \u00e0 tirer les cartes en observant sa m\u00e8re. Passionn\u00e9e d&rsquo;\u00e9sot\u00e9risme, elle s\u2019appuie sur sa connaissance du Tarot pour faire b\u00e9n\u00e9ficier aux personnes venant la consulter des conseils bienveillants et une guidance tr\u00e8s personnalis\u00e9e.[\/vc_column_text][\/vc_column][\/vc_row]<\/p>\n<\/div>","protected":false},"excerpt":{"rendered":"<p>Voyance<\/p>\n","protected":false},"featured_media":83433,"comment_status":"closed","ping_status":"closed","template":"","meta":[],"product_brand":[],"product_cat":[39],"product_tag":[24],"class_list":{"0":"post-83227","1":"product","2":"type-product","3":"status-publish","4":"has-post-thumbnail","6":"product_cat-voyance","7":"product_tag-booking","8":"product_shipping_class-livraison-gratuite","10":"first","11":"instock","12":"shipping-taxable","13":"purchasable","14":"product-type-variable"},"_links":{"self":[{"href":"https:\/\/esoparis.co\/fr\/wp-json\/wp\/v2\/product\/83227","targetHints":{"allow":["GET"]}}],"collection":[{"href":"https:\/\/esoparis.co\/fr\/wp-json\/wp\/v2\/product"}],"about":[{"href":"https:\/\/esoparis.co\/fr\/wp-json\/wp\/v2\/types\/product"}],"replies":[{"embeddable":true,"href":"https:\/\/esoparis.co\/fr\/wp-json\/wp\/v2\/comments?post=83227"}],"wp:featuredmedia":[{"embeddable":true,"href":"https:\/\/esoparis.co\/fr\/wp-json\/wp\/v2\/media\/83433"}],"wp:attachment":[{"href":"https:\/\/esoparis.co\/fr\/wp-json\/wp\/v2\/media?parent=83227"}],"wp:term":[{"taxonomy":"product_brand","embeddable":true,"href":"https:\/\/esoparis.co\/fr\/wp-json\/wp\/v2\/product_brand?post=83227"},{"taxonomy":"product_cat","embeddable":true,"href":"https:\/\/esoparis.co\/fr\/wp-json\/wp\/v2\/product_cat?post=83227"},{"taxonomy":"product_tag","embeddable":true,"href":"https:\/\/esoparis.co\/fr\/wp-json\/wp\/v2\/product_tag?post=83227"}],"curies":[{"name":"wp","href":"https:\/\/api.w.org\/{rel}","templated":true}]}}