{"id":83231,"date":"2020-03-27T13:37:31","date_gmt":"2020-03-27T12:37:31","guid":{"rendered":"https:\/\/esoparis.co\/?post_type=product&#038;p=83231"},"modified":"2021-10-29T15:20:46","modified_gmt":"2021-10-29T13:20:46","slug":"cecile","status":"publish","type":"product","link":"https:\/\/esoparis.co\/fr\/produit\/cecile\/","title":{"rendered":"C\u00e9cile"},"content":{"rendered":"<div class=\"wpb-content-wrapper\"><p>[vc_row][vc_column width=\u00a0\u00bb5\/12&Prime;][vc_column_text]<strong>Sp\u00e9cialit\u00e9s <\/strong>: Voyance<br \/>\n<strong>Type de s\u00e9ance<\/strong> : \u00e0 distance<br \/>\n<strong>Dur\u00e9e <\/strong>: 30 min ou 1 h<br \/>\n<strong>Contenu <\/strong>: Tirage de cartes[\/vc_column_text][\/vc_column][vc_column width=\u00a0\u00bb7\/12&Prime;][vc_column_text]Apr\u00e8s avoir exerc\u00e9 en tant que journaliste dans les plus grands groupes de presse, C\u00e9cile a d\u00e9cid\u00e9 d&#8217;emprunter un chemin plus spirituel et profond\u00e9ment en accord avec ses valeurs humanistes. Reconnue pour ses capacit\u00e9s intuitives et ses pr\u00e9dictions, \u00e0 la fois th\u00e9rapeute de l&rsquo;\u00e2me et du corps, C\u00e9cile vous d\u00e9livrera lors de ses consultations, les messages et les indications essentiels \u00e0 votre \u00e9volution personnelle.[\/vc_column_text][\/vc_column][\/vc_row]<\/p>\n<\/div>","protected":false},"excerpt":{"rendered":"<p>Voyance<\/p>\n","protected":false},"featured_media":83550,"comment_status":"closed","ping_status":"closed","template":"","meta":[],"product_brand":[],"product_cat":[39],"product_tag":[24],"class_list":{"0":"post-83231","1":"product","2":"type-product","3":"status-publish","4":"has-post-thumbnail","6":"product_cat-voyance","7":"product_tag-booking","8":"product_shipping_class-livraison-gratuite","10":"first","11":"instock","12":"shipping-taxable","13":"purchasable","14":"product-type-variable"},"_links":{"self":[{"href":"https:\/\/esoparis.co\/fr\/wp-json\/wp\/v2\/product\/83231","targetHints":{"allow":["GET"]}}],"collection":[{"href":"https:\/\/esoparis.co\/fr\/wp-json\/wp\/v2\/product"}],"about":[{"href":"https:\/\/esoparis.co\/fr\/wp-json\/wp\/v2\/types\/product"}],"replies":[{"embeddable":true,"href":"https:\/\/esoparis.co\/fr\/wp-json\/wp\/v2\/comments?post=83231"}],"wp:featuredmedia":[{"embeddable":true,"href":"https:\/\/esoparis.co\/fr\/wp-json\/wp\/v2\/media\/83550"}],"wp:attachment":[{"href":"https:\/\/esoparis.co\/fr\/wp-json\/wp\/v2\/media?parent=83231"}],"wp:term":[{"taxonomy":"product_brand","embeddable":true,"href":"https:\/\/esoparis.co\/fr\/wp-json\/wp\/v2\/product_brand?post=83231"},{"taxonomy":"product_cat","embeddable":true,"href":"https:\/\/esoparis.co\/fr\/wp-json\/wp\/v2\/product_cat?post=83231"},{"taxonomy":"product_tag","embeddable":true,"href":"https:\/\/esoparis.co\/fr\/wp-json\/wp\/v2\/product_tag?post=83231"}],"curies":[{"name":"wp","href":"https:\/\/api.w.org\/{rel}","templated":true}]}}