{"id":83233,"date":"2020-03-27T13:40:00","date_gmt":"2020-03-27T12:40:00","guid":{"rendered":"https:\/\/esoparis.co\/?post_type=product&#038;p=83233"},"modified":"2021-10-29T15:20:46","modified_gmt":"2021-10-29T13:20:46","slug":"arnaud","status":"publish","type":"product","link":"https:\/\/esoparis.co\/fr\/produit\/arnaud\/","title":{"rendered":"Arnaud"},"content":{"rendered":"<div class=\"wpb-content-wrapper\"><p>[vc_row][vc_column width=\u00a0\u00bb5\/12&Prime;][vc_column_text]<strong>Sp\u00e9cialit\u00e9s <\/strong>: Astrologie<br \/>\n<strong>Type de s\u00e9ance<\/strong> : \u00e0 distance<br \/>\n<strong>Dur\u00e9e <\/strong>: entre 1h15 et 1h30<br \/>\n<strong>Contenu <\/strong>: Th\u00e8me astral[\/vc_column_text][\/vc_column][vc_column width=\u00a0\u00bb7\/12&Prime;][vc_column_text]Arnaud Malherbe est tarologue et astrologue.<\/p>\n<p>Form\u00e9 par de grands initi\u00e9s comme Marianne Costa, Bernard Dubois ou encore Georges Colleuil, il utilise le Tarot comme un outil de d\u00e9veloppement (inter)personnel, de connaissance de soi et de r\u00e9solution de conflits notamment \u00e0 travers le R\u00e9f\u00e9rentiel de Naissance \u00ae.<\/p>\n<p>Auteur du \u00ab\u00a0Tarot Initiatique\u00a0\u00bb aux \u00e9ditions Hachette, Arnaud propose \u00e9galement des stages et des formations \u00e0 l\u2019Ancien Tarot de Marseille pour tous les niveaux, de l\u2019\u00e9tude psychologique \u00e0 l\u2019optique initiatique.[\/vc_column_text][\/vc_column][\/vc_row]<\/p>\n<\/div>","protected":false},"excerpt":{"rendered":"<p>Astrologie<\/p>\n","protected":false},"featured_media":83441,"comment_status":"closed","ping_status":"closed","template":"","meta":[],"product_brand":[],"product_cat":[42],"product_tag":[24],"class_list":{"0":"post-83233","1":"product","2":"type-product","3":"status-publish","4":"has-post-thumbnail","6":"product_cat-astrologie","7":"product_tag-booking","8":"product_shipping_class-livraison-gratuite","10":"first","11":"instock","12":"virtual","13":"purchasable","14":"product-type-simple"},"_links":{"self":[{"href":"https:\/\/esoparis.co\/fr\/wp-json\/wp\/v2\/product\/83233","targetHints":{"allow":["GET"]}}],"collection":[{"href":"https:\/\/esoparis.co\/fr\/wp-json\/wp\/v2\/product"}],"about":[{"href":"https:\/\/esoparis.co\/fr\/wp-json\/wp\/v2\/types\/product"}],"replies":[{"embeddable":true,"href":"https:\/\/esoparis.co\/fr\/wp-json\/wp\/v2\/comments?post=83233"}],"wp:featuredmedia":[{"embeddable":true,"href":"https:\/\/esoparis.co\/fr\/wp-json\/wp\/v2\/media\/83441"}],"wp:attachment":[{"href":"https:\/\/esoparis.co\/fr\/wp-json\/wp\/v2\/media?parent=83233"}],"wp:term":[{"taxonomy":"product_brand","embeddable":true,"href":"https:\/\/esoparis.co\/fr\/wp-json\/wp\/v2\/product_brand?post=83233"},{"taxonomy":"product_cat","embeddable":true,"href":"https:\/\/esoparis.co\/fr\/wp-json\/wp\/v2\/product_cat?post=83233"},{"taxonomy":"product_tag","embeddable":true,"href":"https:\/\/esoparis.co\/fr\/wp-json\/wp\/v2\/product_tag?post=83233"}],"curies":[{"name":"wp","href":"https:\/\/api.w.org\/{rel}","templated":true}]}}