{"id":83501,"date":"2020-04-03T18:48:09","date_gmt":"2020-04-03T16:48:09","guid":{"rendered":"https:\/\/esoparis.co\/?post_type=product&#038;p=83501"},"modified":"2021-10-29T15:20:45","modified_gmt":"2021-10-29T13:20:45","slug":"melissa","status":"publish","type":"product","link":"https:\/\/esoparis.co\/fr\/produit\/melissa\/","title":{"rendered":"M\u00e9lissa"},"content":{"rendered":"<div class=\"wpb-content-wrapper\"><p>[vc_row][vc_column width=\u00a0\u00bb5\/12&Prime;][vc_column_text]<strong>Sp\u00e9cialit\u00e9s <\/strong>: Human design<br \/>\n<strong>Type de s\u00e9ance<\/strong> : \u00e0 distance<br \/>\n<strong>Dur\u00e9e <\/strong>: 2h<br \/>\n<strong>Contenu <\/strong>: Guidance human design[\/vc_column_text][\/vc_column][vc_column width=\u00a0\u00bb7\/12&Prime;][vc_column_text]M\u00e9lissa est une guide de Human Design.<\/p>\n<p>Human Design est un outil de connaissance de soi bas\u00e9 sur nos informations de naissance (date, lieu et heure pr\u00e9cise). Il nous donne notre ADN \u00e9nerg\u00e9tique.<\/p>\n<p>Nous sommes tous n\u00e9s avec un mode de fonctionnement dans le monde qui nous est vraiment unique. Conna\u00eetre votre conception humaine vous permet de recevoir votre propre manuel d&rsquo;utilisation et vous fournit des outils concrets \u00e0 utiliser quotidiennement.<\/p>\n<p>Prise de d\u00e9cision, relations, communication, bien-\u00eatre, vuln\u00e9rabilit\u00e9s, forces et plus encore, une session couvre un large \u00e9ventail de sujets et vous \u00e9claire o\u00f9 que vous soyez sur votre chemin de d\u00e9couverte de soi.<\/p>\n<p>Certifi\u00e9e par une \u00e9cole am\u00e9ricaine, l&rsquo;approche de Melissa est simple, douce et positive. Elle utilise ses connaissances en conception humaine ainsi que sa vision de la spiritualit\u00e9 pour partager avec vous les informations dont vous avez besoin pour apprendre \u00e0 nouveau qui vivre simplement comme votre authentique vous-m\u00eame.[\/vc_column_text][\/vc_column][\/vc_row]<\/p>\n<\/div>","protected":false},"excerpt":{"rendered":"<p>Human design<\/p>\n","protected":false},"featured_media":83498,"comment_status":"closed","ping_status":"closed","template":"","meta":[],"product_brand":[],"product_cat":[68],"product_tag":[24],"class_list":{"0":"post-83501","1":"product","2":"type-product","3":"status-publish","4":"has-post-thumbnail","6":"product_cat-human-design","7":"product_tag-booking","8":"product_shipping_class-livraison-gratuite","10":"first","11":"instock","12":"virtual","13":"purchasable","14":"product-type-simple"},"_links":{"self":[{"href":"https:\/\/esoparis.co\/fr\/wp-json\/wp\/v2\/product\/83501","targetHints":{"allow":["GET"]}}],"collection":[{"href":"https:\/\/esoparis.co\/fr\/wp-json\/wp\/v2\/product"}],"about":[{"href":"https:\/\/esoparis.co\/fr\/wp-json\/wp\/v2\/types\/product"}],"replies":[{"embeddable":true,"href":"https:\/\/esoparis.co\/fr\/wp-json\/wp\/v2\/comments?post=83501"}],"wp:featuredmedia":[{"embeddable":true,"href":"https:\/\/esoparis.co\/fr\/wp-json\/wp\/v2\/media\/83498"}],"wp:attachment":[{"href":"https:\/\/esoparis.co\/fr\/wp-json\/wp\/v2\/media?parent=83501"}],"wp:term":[{"taxonomy":"product_brand","embeddable":true,"href":"https:\/\/esoparis.co\/fr\/wp-json\/wp\/v2\/product_brand?post=83501"},{"taxonomy":"product_cat","embeddable":true,"href":"https:\/\/esoparis.co\/fr\/wp-json\/wp\/v2\/product_cat?post=83501"},{"taxonomy":"product_tag","embeddable":true,"href":"https:\/\/esoparis.co\/fr\/wp-json\/wp\/v2\/product_tag?post=83501"}],"curies":[{"name":"wp","href":"https:\/\/api.w.org\/{rel}","templated":true}]}}