{"id":83513,"date":"2020-04-04T12:53:15","date_gmt":"2020-04-04T10:53:15","guid":{"rendered":"https:\/\/esoparis.co\/?post_type=product&#038;p=83513"},"modified":"2021-10-29T15:20:44","modified_gmt":"2021-10-29T13:20:44","slug":"tifenn-tiana-mediumnite","status":"publish","type":"product","link":"https:\/\/esoparis.co\/fr\/produit\/tifenn-tiana-mediumnite\/","title":{"rendered":"Tifenn-Tiana"},"content":{"rendered":"<div class=\"wpb-content-wrapper\"><p>[vc_row][vc_column width=\u00a0\u00bb5\/12&Prime;][vc_column_text]<strong>Sp\u00e9cialit\u00e9s <\/strong>: M\u00e9diumnite<br \/>\n<strong>Type de s\u00e9ance<\/strong> : \u00e0 distance<br \/>\n<strong>Dur\u00e9e <\/strong>: 1 h<br \/>\n<strong>Contenu <\/strong>: Psychographie[\/vc_column_text][\/vc_column][vc_column width=\u00a0\u00bb7\/12&Prime;][vc_column_text]Tifenn-Tiana est n\u00e9e avec un don de m\u00e9dium.<\/p>\n<p>Elle a toujours communiqu\u00e9 avec les esprits, notamment par le biais de la psychographie (\u00e9criture automatique). Grace \u00e0 cette technique, elle retranscrit la parole de vos proches d\u00e9funts. La session prend alors la forme d\u2019une conversation, dont elle est l\u2019interm\u00e9diaire. Vous garderez la retranscription \u00e0 l\u2019issu de la s\u00e9ance, outils pr\u00e9cieux car parfois certaines paroles prennent sens avec le temps.<\/p>\n<p>Elle est \u00e9galement cartomancienne et se sert du tarot de Marseille et du Ryder-Waite &amp; Smith pour accompagner ses flashs et intuitions. Elle en a une vision tr\u00e8s personnelle : \u00e9clairer aujourd&rsquo;hui pour mieux accompagner demain. Afin d&rsquo;appr\u00e9hender l&rsquo;avenir avec plus d&rsquo;armes et de s\u00e9r\u00e9nit\u00e9, elle r\u00e9pond \u00e0 toutes vos questions et vous accompagne sur le plan affectif, professionnel, mat\u00e9riel ou de sant\u00e9.<\/p>\n<p>Elle est \u00e9galement l&rsquo;auteur du livre Sortil\u00e8ges, Pour R\u00e9v\u00e9ler Votre F\u00e9minin Puissant, sorti aux \u00e9ditions Leducs.[\/vc_column_text][\/vc_column][\/vc_row]<\/p>\n<\/div>","protected":false},"excerpt":{"rendered":"<p>M\u00e9diumnite<\/p>\n","protected":false},"featured_media":83437,"comment_status":"closed","ping_status":"closed","template":"","meta":[],"product_brand":[],"product_cat":[46],"product_tag":[24],"class_list":{"0":"post-83513","1":"product","2":"type-product","3":"status-publish","4":"has-post-thumbnail","6":"product_cat-lithotherapie","7":"product_tag-booking","8":"product_shipping_class-livraison-gratuite","10":"first","11":"instock","12":"virtual","13":"purchasable","14":"product-type-simple"},"_links":{"self":[{"href":"https:\/\/esoparis.co\/fr\/wp-json\/wp\/v2\/product\/83513","targetHints":{"allow":["GET"]}}],"collection":[{"href":"https:\/\/esoparis.co\/fr\/wp-json\/wp\/v2\/product"}],"about":[{"href":"https:\/\/esoparis.co\/fr\/wp-json\/wp\/v2\/types\/product"}],"replies":[{"embeddable":true,"href":"https:\/\/esoparis.co\/fr\/wp-json\/wp\/v2\/comments?post=83513"}],"wp:featuredmedia":[{"embeddable":true,"href":"https:\/\/esoparis.co\/fr\/wp-json\/wp\/v2\/media\/83437"}],"wp:attachment":[{"href":"https:\/\/esoparis.co\/fr\/wp-json\/wp\/v2\/media?parent=83513"}],"wp:term":[{"taxonomy":"product_brand","embeddable":true,"href":"https:\/\/esoparis.co\/fr\/wp-json\/wp\/v2\/product_brand?post=83513"},{"taxonomy":"product_cat","embeddable":true,"href":"https:\/\/esoparis.co\/fr\/wp-json\/wp\/v2\/product_cat?post=83513"},{"taxonomy":"product_tag","embeddable":true,"href":"https:\/\/esoparis.co\/fr\/wp-json\/wp\/v2\/product_tag?post=83513"}],"curies":[{"name":"wp","href":"https:\/\/api.w.org\/{rel}","templated":true}]}}