{"id":83518,"date":"2020-04-04T13:02:20","date_gmt":"2020-04-04T11:02:20","guid":{"rendered":"https:\/\/esoparis.co\/?post_type=product&#038;p=83518"},"modified":"2021-10-29T15:20:43","modified_gmt":"2021-10-29T13:20:43","slug":"marie-rose-bols-tibetains","status":"publish","type":"product","link":"https:\/\/esoparis.co\/fr\/produit\/marie-rose-bols-tibetains\/","title":{"rendered":"Marie-Rose"},"content":{"rendered":"<div class=\"wpb-content-wrapper\"><p>[vc_row][vc_column width=\u00a0\u00bb5\/12&Prime;][vc_column_text]<strong>Sp\u00e9cialit\u00e9s <\/strong>: Bols Tib\u00e9tains<br \/>\n<strong>Type de s\u00e9ance<\/strong> : \u00e0 distance<br \/>\n<strong>Dur\u00e9e <\/strong>: 1h<br \/>\n<strong>Contenu <\/strong>: Bols Tib\u00e9tains[\/vc_column_text][\/vc_column][vc_column width=\u00a0\u00bb7\/12&Prime;][vc_column_text]Spirituelle dans l&rsquo;\u00e2me, Marie Rose est professeur de yoga certifi\u00e9 et \u00e9nergie sp\u00e9cialiste. Elle pratique le hatha yoga et la m\u00e9ditation depuis dix ans.<\/p>\n<p>Marie-Rose est \u00e9galement ma\u00eetre enseignant de Reiki Usui et de Karuna. Entra\u00eeneur avec Bols tib\u00e9tains, elle utilise des sons th\u00e9rapeutiques dans ses traitements \u00e9nerg\u00e9tiques. Sa bo\u00eete \u00e0 outils est compos\u00e9e de cristaux, de cartes lumineuses et d&rsquo;anges, d&rsquo;exercices de PNL, reiki, bols tib\u00e9tains et cristal entre autres.[\/vc_column_text][\/vc_column][\/vc_row]<\/p>\n<\/div>","protected":false},"excerpt":{"rendered":"<p>Bols Tib\u00e9tains<\/p>\n","protected":false},"featured_media":83431,"comment_status":"closed","ping_status":"closed","template":"","meta":[],"product_brand":[],"product_cat":[48],"product_tag":[24],"class_list":{"0":"post-83518","1":"product","2":"type-product","3":"status-publish","4":"has-post-thumbnail","6":"product_cat-bols-tibetains","7":"product_tag-booking","8":"product_shipping_class-livraison-gratuite","10":"first","11":"instock","12":"virtual","13":"purchasable","14":"product-type-simple"},"_links":{"self":[{"href":"https:\/\/esoparis.co\/fr\/wp-json\/wp\/v2\/product\/83518","targetHints":{"allow":["GET"]}}],"collection":[{"href":"https:\/\/esoparis.co\/fr\/wp-json\/wp\/v2\/product"}],"about":[{"href":"https:\/\/esoparis.co\/fr\/wp-json\/wp\/v2\/types\/product"}],"replies":[{"embeddable":true,"href":"https:\/\/esoparis.co\/fr\/wp-json\/wp\/v2\/comments?post=83518"}],"wp:featuredmedia":[{"embeddable":true,"href":"https:\/\/esoparis.co\/fr\/wp-json\/wp\/v2\/media\/83431"}],"wp:attachment":[{"href":"https:\/\/esoparis.co\/fr\/wp-json\/wp\/v2\/media?parent=83518"}],"wp:term":[{"taxonomy":"product_brand","embeddable":true,"href":"https:\/\/esoparis.co\/fr\/wp-json\/wp\/v2\/product_brand?post=83518"},{"taxonomy":"product_cat","embeddable":true,"href":"https:\/\/esoparis.co\/fr\/wp-json\/wp\/v2\/product_cat?post=83518"},{"taxonomy":"product_tag","embeddable":true,"href":"https:\/\/esoparis.co\/fr\/wp-json\/wp\/v2\/product_tag?post=83518"}],"curies":[{"name":"wp","href":"https:\/\/api.w.org\/{rel}","templated":true}]}}