{"id":83523,"date":"2020-04-04T13:33:18","date_gmt":"2020-04-04T11:33:18","guid":{"rendered":"https:\/\/esoparis.co\/?post_type=product&#038;p=83523"},"modified":"2021-10-29T15:20:42","modified_gmt":"2021-10-29T13:20:42","slug":"ornella-etude-theme","status":"publish","type":"product","link":"https:\/\/esoparis.co\/fr\/produit\/ornella-etude-theme\/","title":{"rendered":"Ornella"},"content":{"rendered":"<div class=\"wpb-content-wrapper\"><p>[vc_row][vc_column width=\u00a0\u00bb5\/12&Prime;][vc_column_text]<strong>Sp\u00e9cialit\u00e9s<\/strong> : Astrologie<br \/>\n<strong>Type de s\u00e9ance<\/strong> : \u00e0 distance<br \/>\n<strong>Dur\u00e9e<\/strong> : 1 heure<br \/>\n<strong>Contenu<\/strong> : \u00ab\u00a0Compl\u00e9tude et amour de Soi\u00a0\u00bb \u00c9tude du th\u00e8me Astral et du th\u00e8me Progress\u00e9 avec analyse r\u00e9dig\u00e9e. Les coordonn\u00e9es de naissance (avec heure pr\u00e9cise et lieu) devront \u00eatre donn\u00e9es d\u00e8s la prise de rendez-vous. Pour les 26 ans et plus[\/vc_column_text][\/vc_column][vc_column width=\u00a0\u00bb7\/12&Prime;][vc_column_text]C&rsquo;est l&rsquo;amour des gens et des myst\u00e8res qui poussa Ornella \u00e0 se fondre corps et \u00e2me dans l&rsquo;art de l&rsquo;astrologie.<\/p>\n<p>Son premier m\u00e9tier vise \u00e0 donner du bonheur \u00e0 court terme, sur sc\u00e8ne, par la musique et le th\u00e9\u00e2tre.<\/p>\n<p>L&rsquo;astrologie est devenue son second outil pour mettre ceux qui s&rsquo;y sentent pr\u00eats sur les rails de l&rsquo;acceptation et de la valorisation de soi, vers une vie plus douce, d\u00e9nu\u00e9e de culpabilit\u00e9 et de doutes. Montrer le chemin, afin de trouver une autonomie, dans la bienveillance et le non-jugement.[\/vc_column_text][\/vc_column][\/vc_row]<\/p>\n<\/div>","protected":false},"excerpt":{"rendered":"<p>Th\u00e8me astral et Progress\u00e9<\/p>\n","protected":false},"featured_media":83429,"comment_status":"closed","ping_status":"closed","template":"","meta":[],"product_brand":[],"product_cat":[42],"product_tag":[24],"class_list":{"0":"post-83523","1":"product","2":"type-product","3":"status-publish","4":"has-post-thumbnail","6":"product_cat-astrologie","7":"product_tag-booking","8":"product_shipping_class-livraison-gratuite","10":"first","11":"instock","12":"virtual","13":"purchasable","14":"product-type-simple"},"_links":{"self":[{"href":"https:\/\/esoparis.co\/fr\/wp-json\/wp\/v2\/product\/83523","targetHints":{"allow":["GET"]}}],"collection":[{"href":"https:\/\/esoparis.co\/fr\/wp-json\/wp\/v2\/product"}],"about":[{"href":"https:\/\/esoparis.co\/fr\/wp-json\/wp\/v2\/types\/product"}],"replies":[{"embeddable":true,"href":"https:\/\/esoparis.co\/fr\/wp-json\/wp\/v2\/comments?post=83523"}],"wp:featuredmedia":[{"embeddable":true,"href":"https:\/\/esoparis.co\/fr\/wp-json\/wp\/v2\/media\/83429"}],"wp:attachment":[{"href":"https:\/\/esoparis.co\/fr\/wp-json\/wp\/v2\/media?parent=83523"}],"wp:term":[{"taxonomy":"product_brand","embeddable":true,"href":"https:\/\/esoparis.co\/fr\/wp-json\/wp\/v2\/product_brand?post=83523"},{"taxonomy":"product_cat","embeddable":true,"href":"https:\/\/esoparis.co\/fr\/wp-json\/wp\/v2\/product_cat?post=83523"},{"taxonomy":"product_tag","embeddable":true,"href":"https:\/\/esoparis.co\/fr\/wp-json\/wp\/v2\/product_tag?post=83523"}],"curies":[{"name":"wp","href":"https:\/\/api.w.org\/{rel}","templated":true}]}}