{"id":83541,"date":"2020-04-06T12:16:18","date_gmt":"2020-04-06T10:16:18","guid":{"rendered":"https:\/\/esoparis.co\/?post_type=product&#038;p=83541"},"modified":"2021-10-29T15:20:42","modified_gmt":"2021-10-29T13:20:42","slug":"ombeline","status":"publish","type":"product","link":"https:\/\/esoparis.co\/fr\/produit\/ombeline\/","title":{"rendered":"Ombeline"},"content":{"rendered":"<div class=\"wpb-content-wrapper\"><p>[vc_row][vc_column width=\u00a0\u00bb5\/12&Prime;][vc_column_text]<strong>Sp\u00e9cialit\u00e9s<\/strong> : Kundalini<br \/>\n<strong>Type de s\u00e9ance<\/strong> : \u00e0 distance<br \/>\n<strong>Dur\u00e9e<\/strong> : 1 heure<br \/>\n<strong>Contenu<\/strong> : Yoga kundalini<br \/>\n<strong>Plus d&rsquo;infos<\/strong> : ombelinetips.com<br \/>\n[\/vc_column_text][\/vc_column][vc_column width=\u00a0\u00bb7\/12&Prime;][vc_column_text]Ombeline a \u00e9t\u00e9 pendant plus de 10 ans journaliste en t\u00e9l\u00e9vision et en presse \u00e9crite.<\/p>\n<p>Afin de r\u00e9duire le stress d\u2019une vie qui ne s\u2019arr\u00eatait jamais, elle d\u00e9cide de faire une pause et de partir je\u00fbner. Le je\u00fbne recentre et \u00e9claircit l\u2019esprit. Cette exp\u00e9rience sera un tournant dans sa vie. A sa sortie, elle d\u00e9cide d\u2019acc\u00e8s sa vie sur le bien-\u00eatre, le sport, le yoga et le d\u00e9veloppement personnel.<\/p>\n<p>\u00c9tant de plus en plus appel\u00e9e par tout ce qui touche \u00e0 la spiritualit\u00e9 elle d\u00e9cide de se former au yoga Kundalini. Cette pratique l\u2019a beaucoup aid\u00e9 \u00e0 calmer ses angoisses, \u00e0 g\u00e9rer ses \u00e9motions, \u00e0 faire confiance \u00e0 l\u2019univers et \u00e0 vivre l\u2019instant pr\u00e9sent.<\/p>\n<p>Ombeline aime transmettre le kundalini afin de propager les bienfaits de ce yoga pour que chacun trouve les cl\u00e9s de puiser dans sa propre force int\u00e9rieure afin de vaincre ses peurs.<\/p>\n<p><strong>Son mantra<\/strong> : respire ; le pass\u00e9 n\u2019existe plus le futur pas encore, seul l\u2019instant pr\u00e9sent est important ; ne fais pas de supposition ; sois doux et bienveillant avec toi m\u00eame pour ensuite pouvoir rependre ta lumi\u00e8re.[\/vc_column_text][\/vc_column][\/vc_row]<\/p>\n<\/div>","protected":false},"excerpt":{"rendered":"<p>Yoga Kundalini<\/p>\n","protected":false},"featured_media":83537,"comment_status":"closed","ping_status":"closed","template":"","meta":[],"product_brand":[],"product_cat":[71],"product_tag":[24],"class_list":{"0":"post-83541","1":"product","2":"type-product","3":"status-publish","4":"has-post-thumbnail","6":"product_cat-kundalini","7":"product_tag-booking","8":"product_shipping_class-livraison-gratuite","10":"first","11":"instock","12":"virtual","13":"purchasable","14":"product-type-simple"},"_links":{"self":[{"href":"https:\/\/esoparis.co\/fr\/wp-json\/wp\/v2\/product\/83541","targetHints":{"allow":["GET"]}}],"collection":[{"href":"https:\/\/esoparis.co\/fr\/wp-json\/wp\/v2\/product"}],"about":[{"href":"https:\/\/esoparis.co\/fr\/wp-json\/wp\/v2\/types\/product"}],"replies":[{"embeddable":true,"href":"https:\/\/esoparis.co\/fr\/wp-json\/wp\/v2\/comments?post=83541"}],"wp:featuredmedia":[{"embeddable":true,"href":"https:\/\/esoparis.co\/fr\/wp-json\/wp\/v2\/media\/83537"}],"wp:attachment":[{"href":"https:\/\/esoparis.co\/fr\/wp-json\/wp\/v2\/media?parent=83541"}],"wp:term":[{"taxonomy":"product_brand","embeddable":true,"href":"https:\/\/esoparis.co\/fr\/wp-json\/wp\/v2\/product_brand?post=83541"},{"taxonomy":"product_cat","embeddable":true,"href":"https:\/\/esoparis.co\/fr\/wp-json\/wp\/v2\/product_cat?post=83541"},{"taxonomy":"product_tag","embeddable":true,"href":"https:\/\/esoparis.co\/fr\/wp-json\/wp\/v2\/product_tag?post=83541"}],"curies":[{"name":"wp","href":"https:\/\/api.w.org\/{rel}","templated":true}]}}