{"id":83544,"date":"2020-04-06T12:32:54","date_gmt":"2020-04-06T10:32:54","guid":{"rendered":"https:\/\/esoparis.co\/?post_type=product&#038;p=83544"},"modified":"2021-10-29T15:20:41","modified_gmt":"2021-10-29T13:20:41","slug":"ilaria","status":"publish","type":"product","link":"https:\/\/esoparis.co\/fr\/produit\/ilaria\/","title":{"rendered":"Ilaria"},"content":{"rendered":"<div class=\"wpb-content-wrapper\"><p>[vc_row][vc_column width=\u00a0\u00bb5\/12&Prime;][vc_column_text]<strong>Sp\u00e9cialit\u00e9s<\/strong> : Coaching<br \/>\n<strong>Type de s\u00e9ance<\/strong> : \u00e0 distance<br \/>\n<strong>Dur\u00e9e<\/strong> : 1 heure<br \/>\n<strong>Contenu<\/strong> : Coaching pour r\u00e9ussite professionnelle, couples, d\u00e9programmation et reprogrammation du cerveau pour r\u00e9ussir sa vie, programmation neurolinguistique, perte de poids[\/vc_column_text][\/vc_column][vc_column width=\u00a0\u00bb7\/12&Prime;][vc_column_text]Dipl\u00f4m\u00e9e de la Business School Bocconi et d\u2019un master 2 en Luxury Management \u00e0 l\u2019ESSEC, apr\u00e8s 4 ans de carri\u00e8re en marketing dans la mode, Ilaria r\u00e9alise que son post ne la comble pas pleinement. Elle suit sa voix int\u00e9rieure et part pour un \u00ab\u00a0trip existentiel\u00a0\u00bb dont elle r\u00eave depuis toujours : pendant 6 mois, une qu\u00eate spirituelle la m\u00e8ne dans un monast\u00e8re de moines bouddhistes dans l&rsquo;Himalaya o\u00f9 elle enseigne l&rsquo;anglais et contribue aux activit\u00e9s du village pendant 2 mois (sans eau ni \u00e9lectricit\u00e9), puis en Inde et en Asie du Sud-est pour apprendre les techniques d&rsquo;acupressure, l&rsquo;Ayurveda et enfin, devenir professeur de yoga.<\/p>\n<p>Pendant ce p\u00e9riode solitaire, propice \u00e0 l&rsquo;introspection, elle r\u00e9organise peu \u00e0 peu sa vie autour du principe de \u00ab\u00a0mindfulness\u00a0\u00bb : un \u00e9tat de conscience naturel, ancr\u00e9 dans le pr\u00e9sent, appris \u00e0 travers des exercices de m\u00e9ditation intense et de pens\u00e9 positive, pour tourner tout obstacles en opportunit\u00e9s, pour devenir auteur conscient de sa propre vie.<\/p>\n<p>Ilaria commence alors une formation en neurosciences et cybern\u00e9tique (Ecole HCS) \u2013 qui suit les principes de l&rsquo;Ecole am\u00e9ricaine Palo Alto et de la PNL &#8211; dans le but de mieux connaitre le fonctionnement du cerveaux, de notre conscient et inconscient, du potentiel humain, pour aider la Plan\u00e8te \u00e0 mieux penser pour mieux se sentir, car nous sommes la simple r\u00e9sultante de nos pens\u00e9es.<\/p>\n<p>Ilaria lance alors en mai 2018 sa socit\u00e9 \u201cHappyHealthyIla\u201d, un ensemble de solution wellbeing : enseignement du yoga, m\u00e9ditation, workshops en human cybernetic et neurosciences pour apprendre \u00e0 utiliser sa pens\u00e9e de mani\u00e8re constructive.<\/p>\n<p>Son activit\u00e9 trouve son apoth\u00e9ose dans les retraites bien \u00eatre qu\u2019elle organise r\u00e9guli\u00e8rement au coeur de la nature, dans des lieux authentiques et tr\u00e8s haute gamme, pour offrir une pause de beaut\u00e9 et confort \u00e0 ses clients et une profonde reconnexion avec soi m\u00eame et avec les autres, dans l&rsquo;instant pr\u00e9sent, en plein \u00e9tat de conscience.<\/p>\n<p>&#8211; coaching pour r\u00e9ussite professionnelle<br \/>\n&#8211; coaching pour les couples<br \/>\n&#8211; coaching motivational pour r\u00e9ussite personnelle<br \/>\n&#8211; d\u00e9programmation et re programmation du cerveau pour r\u00e9ussir dans la vie<br \/>\n&#8211; techniques du language du cerveau PNL (programmation neurolinguistique): apprendre \u00e0 mieux parler \u00e0 soi m\u00eame et aux autres pour \u00eatre efficace et obtenir ce que l\u2019on desire<br \/>\n&#8211; coaching pour perdre du poids: mentale et physique (nutrition + yoga + motivation)[\/vc_column_text][\/vc_column][\/vc_row]<\/p>\n<\/div>","protected":false},"excerpt":{"rendered":"<p>Coaching (1h)<\/p>\n","protected":false},"featured_media":83533,"comment_status":"closed","ping_status":"closed","template":"","meta":[],"product_brand":[],"product_cat":[45],"product_tag":[24],"class_list":{"0":"post-83544","1":"product","2":"type-product","3":"status-publish","4":"has-post-thumbnail","6":"product_cat-coaching","7":"product_tag-booking","8":"product_shipping_class-livraison-gratuite","10":"first","11":"instock","12":"virtual","13":"purchasable","14":"product-type-simple"},"_links":{"self":[{"href":"https:\/\/esoparis.co\/fr\/wp-json\/wp\/v2\/product\/83544","targetHints":{"allow":["GET"]}}],"collection":[{"href":"https:\/\/esoparis.co\/fr\/wp-json\/wp\/v2\/product"}],"about":[{"href":"https:\/\/esoparis.co\/fr\/wp-json\/wp\/v2\/types\/product"}],"replies":[{"embeddable":true,"href":"https:\/\/esoparis.co\/fr\/wp-json\/wp\/v2\/comments?post=83544"}],"wp:featuredmedia":[{"embeddable":true,"href":"https:\/\/esoparis.co\/fr\/wp-json\/wp\/v2\/media\/83533"}],"wp:attachment":[{"href":"https:\/\/esoparis.co\/fr\/wp-json\/wp\/v2\/media?parent=83544"}],"wp:term":[{"taxonomy":"product_brand","embeddable":true,"href":"https:\/\/esoparis.co\/fr\/wp-json\/wp\/v2\/product_brand?post=83544"},{"taxonomy":"product_cat","embeddable":true,"href":"https:\/\/esoparis.co\/fr\/wp-json\/wp\/v2\/product_cat?post=83544"},{"taxonomy":"product_tag","embeddable":true,"href":"https:\/\/esoparis.co\/fr\/wp-json\/wp\/v2\/product_tag?post=83544"}],"curies":[{"name":"wp","href":"https:\/\/api.w.org\/{rel}","templated":true}]}}