{"id":83558,"date":"2020-04-08T12:12:30","date_gmt":"2020-04-08T10:12:30","guid":{"rendered":"https:\/\/esoparis.co\/?post_type=product&#038;p=83558"},"modified":"2021-10-29T15:20:41","modified_gmt":"2021-10-29T13:20:41","slug":"caroline","status":"publish","type":"product","link":"https:\/\/esoparis.co\/fr\/produit\/caroline\/","title":{"rendered":"Caroline"},"content":{"rendered":"<div class=\"wpb-content-wrapper\"><p>[vc_row][vc_column width=\u00a0\u00bb5\/12&Prime;][vc_column_text]<strong>Sp\u00e9cialit\u00e9s\u00a0<\/strong>: Voyance<br \/>\n<strong>Type de s\u00e9ance<\/strong>\u00a0: \u00e0 distance<br \/>\n<strong>Dur\u00e9e\u00a0<\/strong>: 1 h<br \/>\n<strong>Contenu\u00a0<\/strong>: Tirage de cartes[\/vc_column_text][\/vc_column][vc_column width=\u00a0\u00bb7\/12&Prime;][vc_column_text]Caroline est une artiste peintre, illustratrice, graphiste, \u00e0 l\u2019univers color\u00e9 et depuis que son magn\u00e9tisme et son intuitivit\u00e9 se sont d\u00e9velopp\u00e9s, il y a 3 ans maintenant, elle tire les cartes de Tarot avec le jeu Rider Waite pour r\u00e9aliser ses tirages guidances.[\/vc_column_text][\/vc_column][\/vc_row]<\/p>\n<\/div>","protected":false},"excerpt":{"rendered":"<p>Voyance<\/p>\n","protected":false},"featured_media":83531,"comment_status":"closed","ping_status":"closed","template":"","meta":[],"product_brand":[],"product_cat":[39],"product_tag":[24],"class_list":{"0":"post-83558","1":"product","2":"type-product","3":"status-publish","4":"has-post-thumbnail","6":"product_cat-voyance","7":"product_tag-booking","8":"product_shipping_class-livraison-gratuite","10":"first","11":"instock","12":"virtual","13":"purchasable","14":"product-type-simple"},"_links":{"self":[{"href":"https:\/\/esoparis.co\/fr\/wp-json\/wp\/v2\/product\/83558","targetHints":{"allow":["GET"]}}],"collection":[{"href":"https:\/\/esoparis.co\/fr\/wp-json\/wp\/v2\/product"}],"about":[{"href":"https:\/\/esoparis.co\/fr\/wp-json\/wp\/v2\/types\/product"}],"replies":[{"embeddable":true,"href":"https:\/\/esoparis.co\/fr\/wp-json\/wp\/v2\/comments?post=83558"}],"wp:featuredmedia":[{"embeddable":true,"href":"https:\/\/esoparis.co\/fr\/wp-json\/wp\/v2\/media\/83531"}],"wp:attachment":[{"href":"https:\/\/esoparis.co\/fr\/wp-json\/wp\/v2\/media?parent=83558"}],"wp:term":[{"taxonomy":"product_brand","embeddable":true,"href":"https:\/\/esoparis.co\/fr\/wp-json\/wp\/v2\/product_brand?post=83558"},{"taxonomy":"product_cat","embeddable":true,"href":"https:\/\/esoparis.co\/fr\/wp-json\/wp\/v2\/product_cat?post=83558"},{"taxonomy":"product_tag","embeddable":true,"href":"https:\/\/esoparis.co\/fr\/wp-json\/wp\/v2\/product_tag?post=83558"}],"curies":[{"name":"wp","href":"https:\/\/api.w.org\/{rel}","templated":true}]}}