{"id":83561,"date":"2020-04-08T12:23:19","date_gmt":"2020-04-08T10:23:19","guid":{"rendered":"https:\/\/esoparis.co\/?post_type=product&#038;p=83561"},"modified":"2021-10-29T15:20:40","modified_gmt":"2021-10-29T13:20:40","slug":"sixtine","status":"publish","type":"product","link":"https:\/\/esoparis.co\/fr\/produit\/sixtine\/","title":{"rendered":"Sixtine"},"content":{"rendered":"<div class=\"wpb-content-wrapper\"><p>[vc_row][vc_column width=\u00a0\u00bb5\/12&Prime;][vc_column_text]<strong>Sp\u00e9cialit\u00e9s\u00a0<\/strong>: Voyance<br \/>\n<strong>Type de s\u00e9ance<\/strong>\u00a0: \u00e0 distance<br \/>\n<strong>Dur\u00e9e\u00a0<\/strong>: 1 h<br \/>\n<strong>Contenu\u00a0<\/strong>: Tirage de cartes[\/vc_column_text][\/vc_column][vc_column width=\u00a0\u00bb7\/12&Prime;][vc_column_text]Grande intuitive depuis son plus jeune \u00e2ge, Sixtine s\u2019int\u00e9resse tr\u00e8s rapidement aux myst\u00e8res des religions pour tenter de trouver des explications \u00e0 ce qu\u2019elle ressent. Elle \u00e9tudie alors la kabbale, le soufisme, l\u2019hindouisme, l\u2019herm\u00e9tisme chr\u00e9tien&#8230;<\/p>\n<p>C\u2019est \u00e0 cette \u00e9poque qu\u2019une medium lui pr\u00e9dit qu\u2019elle fera le m\u00eame m\u00e9tier qu\u2019elle. Sixtine, directrice artistique, n\u2019y croit pas vraiment mais quelques jours plus tard elle rencontre Alejandro Jodorowsky qui lui lit le Tarot de Marseille : c\u2019est la r\u00e9v\u00e9lation d\u2019une vocation.<\/p>\n<p>Ces cartes lui sont famili\u00e8res, elles lui parlent, elle sait alors que c\u2019est avec cet outil initiatique qu\u2019elle guidera les personnes qui en auront besoin. Son approche est intuitive, philosophique, et psychologique. Elle allie \u00e0 ses lectures de consultation des propositions de pratiques holistiques en support \u00e0 la s\u00e9ance, \u00e0 exp\u00e9rimenter dans son quotidien, pour rendre plus palpable l\u2019invisible.[\/vc_column_text][\/vc_column][\/vc_row]<\/p>\n<\/div>","protected":false},"excerpt":{"rendered":"<p>Voyance<\/p>\n","protected":false},"featured_media":83535,"comment_status":"closed","ping_status":"closed","template":"","meta":[],"product_brand":[],"product_cat":[39],"product_tag":[24],"class_list":{"0":"post-83561","1":"product","2":"type-product","3":"status-publish","4":"has-post-thumbnail","6":"product_cat-voyance","7":"product_tag-booking","8":"product_shipping_class-livraison-gratuite","10":"first","11":"instock","12":"virtual","13":"purchasable","14":"product-type-simple"},"_links":{"self":[{"href":"https:\/\/esoparis.co\/fr\/wp-json\/wp\/v2\/product\/83561","targetHints":{"allow":["GET"]}}],"collection":[{"href":"https:\/\/esoparis.co\/fr\/wp-json\/wp\/v2\/product"}],"about":[{"href":"https:\/\/esoparis.co\/fr\/wp-json\/wp\/v2\/types\/product"}],"replies":[{"embeddable":true,"href":"https:\/\/esoparis.co\/fr\/wp-json\/wp\/v2\/comments?post=83561"}],"wp:featuredmedia":[{"embeddable":true,"href":"https:\/\/esoparis.co\/fr\/wp-json\/wp\/v2\/media\/83535"}],"wp:attachment":[{"href":"https:\/\/esoparis.co\/fr\/wp-json\/wp\/v2\/media?parent=83561"}],"wp:term":[{"taxonomy":"product_brand","embeddable":true,"href":"https:\/\/esoparis.co\/fr\/wp-json\/wp\/v2\/product_brand?post=83561"},{"taxonomy":"product_cat","embeddable":true,"href":"https:\/\/esoparis.co\/fr\/wp-json\/wp\/v2\/product_cat?post=83561"},{"taxonomy":"product_tag","embeddable":true,"href":"https:\/\/esoparis.co\/fr\/wp-json\/wp\/v2\/product_tag?post=83561"}],"curies":[{"name":"wp","href":"https:\/\/api.w.org\/{rel}","templated":true}]}}