{"id":83608,"date":"2020-04-09T19:54:35","date_gmt":"2020-04-09T17:54:35","guid":{"rendered":"https:\/\/esoparis.co\/?post_type=product&#038;p=83608"},"modified":"2021-10-29T15:20:40","modified_gmt":"2021-10-29T13:20:40","slug":"melissa-voyance","status":"publish","type":"product","link":"https:\/\/esoparis.co\/fr\/produit\/melissa-voyance\/","title":{"rendered":"M\u00e9lissa"},"content":{"rendered":"<div class=\"wpb-content-wrapper\"><p>[vc_row][vc_column width=\u00a0\u00bb5\/12&Prime;][vc_column_text]<strong>Sp\u00e9cialit\u00e9s <\/strong>: Voyance<br \/>\n<strong>Type de s\u00e9ance<\/strong> : \u00e0 distance<br \/>\n<strong>Dur\u00e9e <\/strong>: 1 h<br \/>\n<strong>Contenu <\/strong>: Tirage de cartes[\/vc_column_text][\/vc_column][vc_column width=\u00a0\u00bb7\/12&Prime;][vc_column_text]Cartomancienne et praticienne en hypnose ericksonienne.<\/p>\n<p>Elle a grandi dans une famille tr\u00e8s spirituelle, au pr\u00e8s d&rsquo;une m\u00e8re m\u00e9dium. Elle utilise la cartomancie m\u00e9lang\u00e9e au d\u00e9veloppement personnel, afin de vous guider en p\u00e9riode de flou, de vous aider \u00e0 comprendre les le\u00e7ons \u00e0 tirer de vos exp\u00e9riences et de vous accompagner vers un futur \u00e9panouissant.<\/p>\n<p>Son don de clairvoyance lui permet d\u2019avoir des flashs et celui de clair-audience lui permet de recevoir les messages de ses guides. Elle cherche \u00e0 d\u00e9construire les clich\u00e9s n\u00e9gatifs qui se rattachent \u00e0 l&rsquo;univers m\u00e9diumnique en y apportant une touche moderne et rafra\u00eechissante.<\/p>\n<p>Elle vous propose \u00e9galement des s\u00e9ances d&rsquo;hypnose ericksonienne m\u00e9lang\u00e9es \u00e0 une technique tr\u00e8s intuitive pour vous accompagner \u00e0 la lib\u00e9ration des blocages, \u00e0 obtenir votre vie r\u00eav\u00e9e ou encore \u00e0 parcourir vos vies ant\u00e9rieures.[\/vc_column_text][\/vc_column][\/vc_row]<\/p>\n<\/div>","protected":false},"excerpt":{"rendered":"<p>Voyance<\/p>\n","protected":false},"featured_media":83611,"comment_status":"closed","ping_status":"closed","template":"","meta":[],"product_brand":[],"product_cat":[39],"product_tag":[24],"class_list":{"0":"post-83608","1":"product","2":"type-product","3":"status-publish","4":"has-post-thumbnail","6":"product_cat-voyance","7":"product_tag-booking","8":"product_shipping_class-livraison-gratuite","10":"first","11":"instock","12":"virtual","13":"purchasable","14":"product-type-simple"},"_links":{"self":[{"href":"https:\/\/esoparis.co\/fr\/wp-json\/wp\/v2\/product\/83608","targetHints":{"allow":["GET"]}}],"collection":[{"href":"https:\/\/esoparis.co\/fr\/wp-json\/wp\/v2\/product"}],"about":[{"href":"https:\/\/esoparis.co\/fr\/wp-json\/wp\/v2\/types\/product"}],"replies":[{"embeddable":true,"href":"https:\/\/esoparis.co\/fr\/wp-json\/wp\/v2\/comments?post=83608"}],"wp:featuredmedia":[{"embeddable":true,"href":"https:\/\/esoparis.co\/fr\/wp-json\/wp\/v2\/media\/83611"}],"wp:attachment":[{"href":"https:\/\/esoparis.co\/fr\/wp-json\/wp\/v2\/media?parent=83608"}],"wp:term":[{"taxonomy":"product_brand","embeddable":true,"href":"https:\/\/esoparis.co\/fr\/wp-json\/wp\/v2\/product_brand?post=83608"},{"taxonomy":"product_cat","embeddable":true,"href":"https:\/\/esoparis.co\/fr\/wp-json\/wp\/v2\/product_cat?post=83608"},{"taxonomy":"product_tag","embeddable":true,"href":"https:\/\/esoparis.co\/fr\/wp-json\/wp\/v2\/product_tag?post=83608"}],"curies":[{"name":"wp","href":"https:\/\/api.w.org\/{rel}","templated":true}]}}