{"id":83722,"date":"2020-04-24T19:20:52","date_gmt":"2020-04-24T17:20:52","guid":{"rendered":"https:\/\/esoparis.co\/?post_type=product&#038;p=83722"},"modified":"2021-10-29T15:20:38","modified_gmt":"2021-10-29T13:20:38","slug":"stanislas","status":"publish","type":"product","link":"https:\/\/esoparis.co\/fr\/produit\/stanislas\/","title":{"rendered":"Stanislas"},"content":{"rendered":"<div class=\"wpb-content-wrapper\"><p>[vc_row][vc_column width=\u00a0\u00bb5\/12&Prime;][vc_column_text]<strong>Sp\u00e9cialit\u00e9s <\/strong>: Voyance<br \/>\n<strong>Type de s\u00e9ance<\/strong> : \u00e0 distance<br \/>\n<strong>Dur\u00e9e <\/strong>: 30 min<br \/>\n<strong>Contenu <\/strong>: Tirage de tarots[\/vc_column_text][\/vc_column][vc_column width=\u00a0\u00bb7\/12&Prime;][vc_column_text]Stanislas est voyant depuis plus de 20 ans. D\u00e8s son plus jeune \u00e2ge il est attir\u00e9 par les arts divinatoires.<\/p>\n<p>Il s&rsquo;inspire de la ligne \u00e9thique port\u00e9e par Didier Derlich, c\u00e9l\u00e8bre voyant et astrologue, ayant une approche pertinente et moderne du r\u00f4le de voyant. Il propose des consultations autour du tarot. Plus qu\u2019une simple voyance, il offre une guidance qui vous apporte les cl\u00e9s pour mieux avancer. Il \u00e9coute, conseil et oriente sans aucun jugement.<\/p>\n<p>La consultation est un moment de partage o\u00f9 le praticien et le consultant ne font qu\u2019un. Il y a comme un \u201ccourant\u201d qui passe entre l\u2019un et l\u2019autre et ce dans un \u00e9tat de bienveillance.[\/vc_column_text][\/vc_column][\/vc_row]<\/p>\n<\/div>","protected":false},"excerpt":{"rendered":"<p>Voyance<\/p>\n","protected":false},"featured_media":83734,"comment_status":"closed","ping_status":"closed","template":"","meta":[],"product_brand":[],"product_cat":[39],"product_tag":[24],"class_list":{"0":"post-83722","1":"product","2":"type-product","3":"status-publish","4":"has-post-thumbnail","6":"product_cat-voyance","7":"product_tag-booking","8":"product_shipping_class-livraison-gratuite","10":"first","11":"instock","12":"virtual","13":"purchasable","14":"product-type-simple"},"_links":{"self":[{"href":"https:\/\/esoparis.co\/fr\/wp-json\/wp\/v2\/product\/83722","targetHints":{"allow":["GET"]}}],"collection":[{"href":"https:\/\/esoparis.co\/fr\/wp-json\/wp\/v2\/product"}],"about":[{"href":"https:\/\/esoparis.co\/fr\/wp-json\/wp\/v2\/types\/product"}],"replies":[{"embeddable":true,"href":"https:\/\/esoparis.co\/fr\/wp-json\/wp\/v2\/comments?post=83722"}],"wp:featuredmedia":[{"embeddable":true,"href":"https:\/\/esoparis.co\/fr\/wp-json\/wp\/v2\/media\/83734"}],"wp:attachment":[{"href":"https:\/\/esoparis.co\/fr\/wp-json\/wp\/v2\/media?parent=83722"}],"wp:term":[{"taxonomy":"product_brand","embeddable":true,"href":"https:\/\/esoparis.co\/fr\/wp-json\/wp\/v2\/product_brand?post=83722"},{"taxonomy":"product_cat","embeddable":true,"href":"https:\/\/esoparis.co\/fr\/wp-json\/wp\/v2\/product_cat?post=83722"},{"taxonomy":"product_tag","embeddable":true,"href":"https:\/\/esoparis.co\/fr\/wp-json\/wp\/v2\/product_tag?post=83722"}],"curies":[{"name":"wp","href":"https:\/\/api.w.org\/{rel}","templated":true}]}}