{"id":83796,"date":"2020-07-10T12:39:07","date_gmt":"2020-07-10T10:39:07","guid":{"rendered":"https:\/\/esoparis.co\/?post_type=product&#038;p=83796"},"modified":"2021-10-29T15:20:38","modified_gmt":"2021-10-29T13:20:38","slug":"claire","status":"publish","type":"product","link":"https:\/\/esoparis.co\/fr\/produit\/claire\/","title":{"rendered":"Claire"},"content":{"rendered":"<div class=\"wpb-content-wrapper\"><p>[vc_row][vc_column width=\u00a0\u00bb5\/12&Prime;][vc_column_text]<strong>Sp\u00e9cialit\u00e9s <\/strong>: Voyance<br \/>\n<strong>Type de s\u00e9ance<\/strong> : \u00e0 distance<br \/>\n<strong>Dur\u00e9e <\/strong>: 60 min<br \/>\n<strong>Contenu <\/strong>: Tirage de tarots[\/vc_column_text][\/vc_column][vc_column width=\u00a0\u00bb7\/12&Prime;][vc_column_text]Claire vous accompagne d\u2019une fa\u00e7on unique gr\u00e2ce \u00e0 ses qualit\u00e9s de clairvoyance et sa grande sensibilit\u00e9. Le Tarot se fait le support d\u2019une pratique vivante exerc\u00e9e au pr\u00e9sent. Claire vous apaise dans vos moments de doute, tout en \u00e9clairant votre chemin en conscience. Issue d\u2019une formation litt\u00e9raire, elle trouve les mots justes pour \u00e9changer avec vous. Entre ses mains, le Tarot devient un objet po\u00e9tique inspirant, favorisant une mise en lumi\u00e8re consciente de votre int\u00e9riorit\u00e9. Par sa pr\u00e9sence bienveillante, elle vous aide \u00e0 accueillir ce qui a besoin de s\u2019ouvrir. Cet accompagnement est une voie de connaissance de soi, de transformation int\u00e9rieure et d\u2019\u00e9panouissement.[\/vc_column_text][\/vc_column][\/vc_row]<\/p>\n<\/div>","protected":false},"excerpt":{"rendered":"<p>Voyance<\/p>\n","protected":false},"featured_media":83799,"comment_status":"closed","ping_status":"closed","template":"","meta":[],"product_brand":[],"product_cat":[39],"product_tag":[24],"class_list":{"0":"post-83796","1":"product","2":"type-product","3":"status-publish","4":"has-post-thumbnail","6":"product_cat-voyance","7":"product_tag-booking","8":"product_shipping_class-livraison-gratuite","10":"first","11":"instock","12":"virtual","13":"purchasable","14":"product-type-simple"},"_links":{"self":[{"href":"https:\/\/esoparis.co\/fr\/wp-json\/wp\/v2\/product\/83796","targetHints":{"allow":["GET"]}}],"collection":[{"href":"https:\/\/esoparis.co\/fr\/wp-json\/wp\/v2\/product"}],"about":[{"href":"https:\/\/esoparis.co\/fr\/wp-json\/wp\/v2\/types\/product"}],"replies":[{"embeddable":true,"href":"https:\/\/esoparis.co\/fr\/wp-json\/wp\/v2\/comments?post=83796"}],"wp:featuredmedia":[{"embeddable":true,"href":"https:\/\/esoparis.co\/fr\/wp-json\/wp\/v2\/media\/83799"}],"wp:attachment":[{"href":"https:\/\/esoparis.co\/fr\/wp-json\/wp\/v2\/media?parent=83796"}],"wp:term":[{"taxonomy":"product_brand","embeddable":true,"href":"https:\/\/esoparis.co\/fr\/wp-json\/wp\/v2\/product_brand?post=83796"},{"taxonomy":"product_cat","embeddable":true,"href":"https:\/\/esoparis.co\/fr\/wp-json\/wp\/v2\/product_cat?post=83796"},{"taxonomy":"product_tag","embeddable":true,"href":"https:\/\/esoparis.co\/fr\/wp-json\/wp\/v2\/product_tag?post=83796"}],"curies":[{"name":"wp","href":"https:\/\/api.w.org\/{rel}","templated":true}]}}