{"id":83803,"date":"2020-07-12T13:09:41","date_gmt":"2020-07-12T11:09:41","guid":{"rendered":"https:\/\/esoparis.co\/?post_type=product&#038;p=83803"},"modified":"2021-10-29T15:20:38","modified_gmt":"2021-10-29T13:20:38","slug":"charlotte","status":"publish","type":"product","link":"https:\/\/esoparis.co\/fr\/produit\/charlotte\/","title":{"rendered":"Charlotte"},"content":{"rendered":"<div class=\"wpb-content-wrapper\"><p>[vc_row][vc_column width=\u00a0\u00bb5\/12&Prime;][vc_column_text]<strong>Sp\u00e9cialit\u00e9s <\/strong>: Magn\u00e9tisme, lithoth\u00e9rapie et sophrologie<br \/>\n<strong>Type de s\u00e9ance<\/strong> : \u00e0 distance<br \/>\n<strong>Dur\u00e9e <\/strong>: 1 h<br \/>\n<strong>Contenu <\/strong>: adapt\u00e9[\/vc_column_text][\/vc_column][vc_column width=\u00a0\u00bb7\/12&Prime;][vc_column_text]\u00c0 l&rsquo;aide du magn\u00e9tisme, de la lithoth\u00e9rapie et de la sophrologie, charlotte ressent votre \u00e9nergie, vois les \u00e9motions qui l&rsquo;entrave et veille \u00e0 l\u2019harmonie de votre \u00e9quilibre \u00e9nerg\u00e9tique.\u00a0L\u2019objectif ? Vous lib\u00e9rer des \u00e9motions n\u00e9gatives, vous apaiser vous et votre corps.<\/p>\n<p>\u00c0 l\u2019aide de ses mains ou\/et des pierres &amp; cristaux, Charlotte soulage les maux de votre corps et de votre esprit et tout cela sur mesure car chaque s\u00e9ance est diff\u00e9rente ! Charlotte \u00e9coute ce que votre corps lui dit et elle s&rsquo;adapte \u00e0 ses besoins.[\/vc_column_text][\/vc_column][\/vc_row]<\/p>\n<\/div>","protected":false},"excerpt":{"rendered":"<p>Magn\u00e9tisme, lithoth\u00e9rapie et sophrologie<\/p>\n","protected":false},"featured_media":83805,"comment_status":"closed","ping_status":"closed","template":"","meta":[],"product_brand":[],"product_cat":[46,43,50],"product_tag":[24],"class_list":{"0":"post-83803","1":"product","2":"type-product","3":"status-publish","4":"has-post-thumbnail","6":"product_cat-lithotherapie","7":"product_cat-magnetisme","8":"product_cat-soin-energetique","9":"product_tag-booking","10":"product_shipping_class-livraison-gratuite","12":"first","13":"instock","14":"virtual","15":"purchasable","16":"product-type-simple"},"_links":{"self":[{"href":"https:\/\/esoparis.co\/fr\/wp-json\/wp\/v2\/product\/83803","targetHints":{"allow":["GET"]}}],"collection":[{"href":"https:\/\/esoparis.co\/fr\/wp-json\/wp\/v2\/product"}],"about":[{"href":"https:\/\/esoparis.co\/fr\/wp-json\/wp\/v2\/types\/product"}],"replies":[{"embeddable":true,"href":"https:\/\/esoparis.co\/fr\/wp-json\/wp\/v2\/comments?post=83803"}],"wp:featuredmedia":[{"embeddable":true,"href":"https:\/\/esoparis.co\/fr\/wp-json\/wp\/v2\/media\/83805"}],"wp:attachment":[{"href":"https:\/\/esoparis.co\/fr\/wp-json\/wp\/v2\/media?parent=83803"}],"wp:term":[{"taxonomy":"product_brand","embeddable":true,"href":"https:\/\/esoparis.co\/fr\/wp-json\/wp\/v2\/product_brand?post=83803"},{"taxonomy":"product_cat","embeddable":true,"href":"https:\/\/esoparis.co\/fr\/wp-json\/wp\/v2\/product_cat?post=83803"},{"taxonomy":"product_tag","embeddable":true,"href":"https:\/\/esoparis.co\/fr\/wp-json\/wp\/v2\/product_tag?post=83803"}],"curies":[{"name":"wp","href":"https:\/\/api.w.org\/{rel}","templated":true}]}}