{"id":84025,"date":"2020-12-16T00:32:26","date_gmt":"2020-12-15T23:32:26","guid":{"rendered":"https:\/\/esoparis.co\/?post_type=product&#038;p=84025"},"modified":"2021-10-29T15:20:37","modified_gmt":"2021-10-29T13:20:37","slug":"nathalie","status":"publish","type":"product","link":"https:\/\/esoparis.co\/fr\/produit\/nathalie\/","title":{"rendered":"Nathalie"},"content":{"rendered":"<div class=\"wpb-content-wrapper\"><p>[vc_row][vc_column width=\u00a0\u00bb5\/12&Prime;][vc_column_text]<strong>Sp\u00e9cialit\u00e9s <\/strong>: Feng Shui et Astrologie chinoise<br \/>\n<strong>Type de s\u00e9ance<\/strong> : \u00e0 distance<br \/>\n<strong>Dur\u00e9e <\/strong>: 1h et 1h30<\/p>\n<ul>\n<li>S\u00e9ance 1h30 (191\u20ac) pour une analyse g\u00e9n\u00e9rale ce que je conseille pour une premi\u00e8re s\u00e9ance (analyse de la personnalit\u00e9, analyse de la destin\u00e9e, analyse du temps)<\/li>\n<li>S\u00e9ance 1h (105\u20ac) pour un suivi et afin d\u2019aborder des sujets sp\u00e9cifiques en profondeur &amp; s\u00e9lection de dates favorables (travaux, mariage, emm\u00e9nagement\u2026)<\/li>\n<li>S\u00e9ance 1h (80\u20ac)\u00a0\u00a0suivi mensuel sur une ann\u00e9e pour un travail de d\u00e9veloppement personnel en profondeur<\/li>\n<\/ul>\n<p>[\/vc_column_text][\/vc_column][vc_column width=\u00a0\u00bb7\/12&Prime;][vc_column_text]Bio\u00e9nerg\u00e9ticienne, expert en Feng Shui et astrologie chinoise Ba Zi qui lui ont \u00e9t\u00e9 transmis par Moune Jans (Feng Shui Master) de La Yap Cheng Hai Academy et g\u00e9obiologue (St\u00e9phane Cardinaux, Regina Martino) , Nathalie a une approche plurielle et holistique des lieux d\u2019habitation et des personnes.<\/p>\n<p>Nathalie a \u00e9galement suivi les enseignements en sonoth\u00e9rapie avec Philippe Garnier (Sage Academy), la num\u00e9rologie karmique tib\u00e9taine avec Christine Beaudoux et la lecture d\u2019oracles ainsi qu\u2019une formation de Coach certifi\u00e9 sp\u00e9cialis\u00e9e dans l\u2019accompagnement au changement (l\u2019Ecole Fran\u00e7aise de coaching dont elle est dipl\u00f4m\u00e9e) lui permettent de se tenir au plus pr\u00e8s de chacun pour conduire et op\u00e9rer les transformations au plus profond de chaque \u00eatre.<\/p>\n<p>L\u2019astrologie chinoise ou Ba Zi\u00a0permet de d\u00e9couvrir ce que la destin\u00e9e vous r\u00e9serve ce qui s\u2019apparente \u00e0 d\u00e9couvrir votre ADN\u00a0: il faut d\u2019abord trouver le code et puis \u00eatre en mesure de lire ce code.<\/p>\n<p>La destin\u00e9e n\u2019a rien \u00e0 voir avec la fatalit\u00e9\u00a0: les \u00e9v\u00e8nements ne sont pas grav\u00e9s dans le marbre\u00a0! Il s\u2019agit plut\u00f4t d\u2019une question de possibilit\u00e9s qui \u00e0 leur tour sont li\u00e9es \u00e0 celle de l\u2019Affinit\u00e9\u00a0: cela rel\u00e8ve du fait de prendre les d\u00e9cisions appropri\u00e9es qui vous aideront \u00e0 atteindre certains buts ou \u00e0 \u00e9viter certains \u00e9cueils car c\u2019est par nos choix que notre vie se dessine.<\/p>\n<p>Il nous est possible de mieux nous conna\u00eetre gr\u00e2ce \u00e0 l\u2019astrologie chinoise qui utilise la date de naissance afin d\u2019analyser nos possibilit\u00e9s et nos potentiels et ainsi d\u00e9terminer si un moment est favorable pour un changement de carri\u00e8re, une association, trouver une nouvelle maison, prendre une d\u00e9cision importante\u2026<\/p>\n<p>Il nous est possible de conna\u00eetre en partie notre destin\u00e9e gr\u00e2ce au th\u00e8me astrologique qui permet de nous guider vers les meilleurs choix pour activer la chance du ciel que l\u2019on nomme l\u2019Astrologie des quatre piliers ou Ba Zi.[\/vc_column_text][\/vc_column][\/vc_row]<\/p>\n<\/div>","protected":false},"excerpt":{"rendered":"<p>Feng Shui et Astrologie chinoise<\/p>\n","protected":false},"featured_media":84027,"comment_status":"closed","ping_status":"closed","template":"","meta":[],"product_brand":[],"product_cat":[42,50],"product_tag":[24],"class_list":{"0":"post-84025","1":"product","2":"type-product","3":"status-publish","4":"has-post-thumbnail","6":"product_cat-astrologie","7":"product_cat-soin-energetique","8":"product_tag-booking","9":"product_shipping_class-livraison-gratuite","11":"first","12":"instock","13":"virtual","14":"sold-individually","15":"purchasable","16":"product-type-booking"},"_links":{"self":[{"href":"https:\/\/esoparis.co\/fr\/wp-json\/wp\/v2\/product\/84025","targetHints":{"allow":["GET"]}}],"collection":[{"href":"https:\/\/esoparis.co\/fr\/wp-json\/wp\/v2\/product"}],"about":[{"href":"https:\/\/esoparis.co\/fr\/wp-json\/wp\/v2\/types\/product"}],"replies":[{"embeddable":true,"href":"https:\/\/esoparis.co\/fr\/wp-json\/wp\/v2\/comments?post=84025"}],"wp:featuredmedia":[{"embeddable":true,"href":"https:\/\/esoparis.co\/fr\/wp-json\/wp\/v2\/media\/84027"}],"wp:attachment":[{"href":"https:\/\/esoparis.co\/fr\/wp-json\/wp\/v2\/media?parent=84025"}],"wp:term":[{"taxonomy":"product_brand","embeddable":true,"href":"https:\/\/esoparis.co\/fr\/wp-json\/wp\/v2\/product_brand?post=84025"},{"taxonomy":"product_cat","embeddable":true,"href":"https:\/\/esoparis.co\/fr\/wp-json\/wp\/v2\/product_cat?post=84025"},{"taxonomy":"product_tag","embeddable":true,"href":"https:\/\/esoparis.co\/fr\/wp-json\/wp\/v2\/product_tag?post=84025"}],"curies":[{"name":"wp","href":"https:\/\/api.w.org\/{rel}","templated":true}]}}