{"id":84122,"date":"2021-01-16T13:26:47","date_gmt":"2021-01-16T12:26:47","guid":{"rendered":"https:\/\/esoparis.co\/?post_type=product&#038;p=84122"},"modified":"2021-10-29T15:20:35","modified_gmt":"2021-10-29T13:20:35","slug":"pauline","status":"publish","type":"product","link":"https:\/\/esoparis.co\/fr\/produit\/pauline\/","title":{"rendered":"Pauline"},"content":{"rendered":"<div class=\"wpb-content-wrapper\"><p>[vc_row][vc_column width=\u00a0\u00bb5\/12&Prime;][vc_column_text]<strong>Sp\u00e9cialit\u00e9s <\/strong>: Reiki, lois \u00e9nerg\u00e9tiques<br \/>\n<strong>Type de s\u00e9ance<\/strong> : cours<br \/>\n<strong>Dur\u00e9e <\/strong>: 1h[\/vc_column_text][\/vc_column][vc_column width=\u00a0\u00bb7\/12&Prime;][vc_column_text]Pauline est \u00e9nerg\u00e9ticienne et pratique le Reiki. Exploratrice de nombreuses m\u00e9decines alternatives elle est all\u00e9e \u00e0 la rencontre de diff\u00e9rents th\u00e9rapeutes passionn\u00e9s et experts dans leurs domaines.<\/p>\n<p>Riches de tous ces savoirs, elle enseigne aujourd\u2019hui des techniques concr\u00e8tes pour vous apprendre \u00e0 augmenter vos ressentis subtils, harmoniser vos \u00e9nergies et d\u00e9velopper votre intuition. Sa mission : vous accompagner vers la s\u00e9r\u00e9nit\u00e9 gr\u00e2ce \u00e0 la puissance de l\u2019\u00e9nerg\u00e9tique.[\/vc_column_text][\/vc_column][\/vc_row]<\/p>\n<\/div>","protected":false},"excerpt":{"rendered":"<p>Reiki et lois \u00e9nerg\u00e9tiques<\/p>\n","protected":false},"featured_media":84124,"comment_status":"closed","ping_status":"closed","template":"","meta":[],"product_brand":[],"product_cat":[47,50],"product_tag":[24],"class_list":{"0":"post-84122","1":"product","2":"type-product","3":"status-publish","4":"has-post-thumbnail","6":"product_cat-reiki","7":"product_cat-soin-energetique","8":"product_tag-booking","9":"product_shipping_class-livraison-gratuite","11":"first","12":"instock","13":"virtual","14":"purchasable","15":"product-type-simple"},"_links":{"self":[{"href":"https:\/\/esoparis.co\/fr\/wp-json\/wp\/v2\/product\/84122","targetHints":{"allow":["GET"]}}],"collection":[{"href":"https:\/\/esoparis.co\/fr\/wp-json\/wp\/v2\/product"}],"about":[{"href":"https:\/\/esoparis.co\/fr\/wp-json\/wp\/v2\/types\/product"}],"replies":[{"embeddable":true,"href":"https:\/\/esoparis.co\/fr\/wp-json\/wp\/v2\/comments?post=84122"}],"wp:featuredmedia":[{"embeddable":true,"href":"https:\/\/esoparis.co\/fr\/wp-json\/wp\/v2\/media\/84124"}],"wp:attachment":[{"href":"https:\/\/esoparis.co\/fr\/wp-json\/wp\/v2\/media?parent=84122"}],"wp:term":[{"taxonomy":"product_brand","embeddable":true,"href":"https:\/\/esoparis.co\/fr\/wp-json\/wp\/v2\/product_brand?post=84122"},{"taxonomy":"product_cat","embeddable":true,"href":"https:\/\/esoparis.co\/fr\/wp-json\/wp\/v2\/product_cat?post=84122"},{"taxonomy":"product_tag","embeddable":true,"href":"https:\/\/esoparis.co\/fr\/wp-json\/wp\/v2\/product_tag?post=84122"}],"curies":[{"name":"wp","href":"https:\/\/api.w.org\/{rel}","templated":true}]}}