{"id":84146,"date":"2021-01-16T18:02:28","date_gmt":"2021-01-16T17:02:28","guid":{"rendered":"https:\/\/esoparis.co\/?post_type=product&#038;p=84146"},"modified":"2021-10-29T15:20:35","modified_gmt":"2021-10-29T13:20:35","slug":"delphine","status":"publish","type":"product","link":"https:\/\/esoparis.co\/fr\/produit\/delphine\/","title":{"rendered":"Delphine"},"content":{"rendered":"<div class=\"wpb-content-wrapper\"><p>[vc_row][vc_column width=\u00a0\u00bb5\/12&Prime;][vc_column_text]<strong>Sp\u00e9cialit\u00e9s <\/strong>: D\u00e9veloppement personnel<br \/>\n<strong>Type de s\u00e9ance<\/strong> : cours<br \/>\n<strong>Dur\u00e9e <\/strong>: 1h[\/vc_column_text][\/vc_column][vc_column width=\u00a0\u00bb7\/12&Prime;][vc_column_text]Delphine est chamane. Elle accompagne les \u00e2mes courageuses \u00e0 explorer toutes les dimensions de leur \u00eatre pour se mettre au service de leur plein potentiel et de leur projet de vie. Son approche est nourrie d&rsquo;un double parcours spirituel et rationnel.<\/p>\n<p>Juriste de formation, elle a travaill\u00e9 quinze ans dans une multinationale du secteur industriel dans laquelle elle a exerc\u00e9 quatre m\u00e9tiers diff\u00e9rents : relations presse, marketing, organisation qualit\u00e9 et juriste.<\/p>\n<p>En parall\u00e8le, elle a men\u00e9 un processus th\u00e9rapeutique de plusieurs ann\u00e9es en individuel\u00a0(analyse transactionnelle) et en groupe. Elle a aussi d\u00e9velopp\u00e9 son potentiel individuel au travers de rencontres et formation notamment au sein de la F.S.S cr\u00e9\u00e9e par Michael Harner.<\/p>\n<p>Delphine est ravie de transmettre ses connaissances dans le domaine du d\u00e9veloppement personnel \u00e0 travers les cours propos\u00e9 sur Eso School.[\/vc_column_text][\/vc_column][\/vc_row]<\/p>\n<\/div>","protected":false},"excerpt":{"rendered":"<p>D\u00e9veloppement personnel<\/p>\n","protected":false},"featured_media":84148,"comment_status":"closed","ping_status":"closed","template":"","meta":[],"product_brand":[],"product_cat":[45],"product_tag":[24],"class_list":{"0":"post-84146","1":"product","2":"type-product","3":"status-publish","4":"has-post-thumbnail","6":"product_cat-coaching","7":"product_tag-booking","8":"product_shipping_class-livraison-gratuite","10":"first","11":"instock","12":"virtual","13":"purchasable","14":"product-type-simple"},"_links":{"self":[{"href":"https:\/\/esoparis.co\/fr\/wp-json\/wp\/v2\/product\/84146","targetHints":{"allow":["GET"]}}],"collection":[{"href":"https:\/\/esoparis.co\/fr\/wp-json\/wp\/v2\/product"}],"about":[{"href":"https:\/\/esoparis.co\/fr\/wp-json\/wp\/v2\/types\/product"}],"replies":[{"embeddable":true,"href":"https:\/\/esoparis.co\/fr\/wp-json\/wp\/v2\/comments?post=84146"}],"wp:featuredmedia":[{"embeddable":true,"href":"https:\/\/esoparis.co\/fr\/wp-json\/wp\/v2\/media\/84148"}],"wp:attachment":[{"href":"https:\/\/esoparis.co\/fr\/wp-json\/wp\/v2\/media?parent=84146"}],"wp:term":[{"taxonomy":"product_brand","embeddable":true,"href":"https:\/\/esoparis.co\/fr\/wp-json\/wp\/v2\/product_brand?post=84146"},{"taxonomy":"product_cat","embeddable":true,"href":"https:\/\/esoparis.co\/fr\/wp-json\/wp\/v2\/product_cat?post=84146"},{"taxonomy":"product_tag","embeddable":true,"href":"https:\/\/esoparis.co\/fr\/wp-json\/wp\/v2\/product_tag?post=84146"}],"curies":[{"name":"wp","href":"https:\/\/api.w.org\/{rel}","templated":true}]}}