{"id":84385,"date":"2021-05-17T19:34:00","date_gmt":"2021-05-17T17:34:00","guid":{"rendered":"https:\/\/esoparis.co\/?post_type=product&#038;p=84385"},"modified":"2021-10-29T15:20:35","modified_gmt":"2021-10-29T13:20:35","slug":"hanna-lecture-tarot","status":"publish","type":"product","link":"https:\/\/esoparis.co\/fr\/produit\/hanna-lecture-tarot\/","title":{"rendered":"Hanna"},"content":{"rendered":"<div class=\"wpb-content-wrapper\"><p>[vc_row][vc_column width=\u00a0\u00bb5\/12&Prime;][vc_column_text]<strong>Sp\u00e9cialit\u00e9s <\/strong>: Voyance<br \/>\n<strong>Type de s\u00e9ance<\/strong> : \u00e0 distance<br \/>\n<strong>Dur\u00e9e <\/strong>: 1h<br \/>\n<strong>Contenu <\/strong>: Tirage de tarots[\/vc_column_text][\/vc_column][vc_column width=\u00a0\u00bb7\/12&Prime;][vc_column_text]Hanna est une personne intuitive et tr\u00e8s sensible qui puise dans votre \u00e9nergie, vos \u00e9motions et vos sympt\u00f4mes physiques.<\/p>\n<p>En tant que m\u00e9dium, elle peut lire l&rsquo;\u00e9nergie de votre \u00e2me et voir votre futur. Il y a de nombreux r\u00e9sultats possibles pour l&rsquo;avenir, c&rsquo;est donc \u00e0 vous de choisir votre vie et le chemin que vous allez emprunter. Hanna est l\u00e0 pour vous aider \u00e0 naviguer dans ce voyage.<\/p>\n<p>Hanna lit intensivement des cartes depuis plus de 15 ans et elle a aid\u00e9 de nombreuses personnes dans leurs transformations de vie, leurs affaires et leurs r\u00e9alisations. Elle est une guide spirituelle et d\u00e9tient un espace sacr\u00e9 s\u00fbr afin que vous puissiez gu\u00e9rir. Le but est que vous voyiez clairement les choses par vous-m\u00eame &#8211; de cette fa\u00e7on, vous d\u00e9couvrirez que vous avez toujours eu votre propre magie inn\u00e9e en vous.[\/vc_column_text][\/vc_column][\/vc_row]<\/p>\n<\/div>","protected":false},"excerpt":{"rendered":"<p>Voyance<\/p>\n","protected":false},"featured_media":84381,"comment_status":"closed","ping_status":"closed","template":"","meta":[],"product_brand":[],"product_cat":[39],"product_tag":[24],"class_list":{"0":"post-84385","1":"product","2":"type-product","3":"status-publish","4":"has-post-thumbnail","6":"product_cat-voyance","7":"product_tag-booking","8":"product_shipping_class-livraison-gratuite","10":"first","11":"instock","12":"virtual","13":"purchasable","14":"product-type-simple"},"_links":{"self":[{"href":"https:\/\/esoparis.co\/fr\/wp-json\/wp\/v2\/product\/84385","targetHints":{"allow":["GET"]}}],"collection":[{"href":"https:\/\/esoparis.co\/fr\/wp-json\/wp\/v2\/product"}],"about":[{"href":"https:\/\/esoparis.co\/fr\/wp-json\/wp\/v2\/types\/product"}],"replies":[{"embeddable":true,"href":"https:\/\/esoparis.co\/fr\/wp-json\/wp\/v2\/comments?post=84385"}],"wp:featuredmedia":[{"embeddable":true,"href":"https:\/\/esoparis.co\/fr\/wp-json\/wp\/v2\/media\/84381"}],"wp:attachment":[{"href":"https:\/\/esoparis.co\/fr\/wp-json\/wp\/v2\/media?parent=84385"}],"wp:term":[{"taxonomy":"product_brand","embeddable":true,"href":"https:\/\/esoparis.co\/fr\/wp-json\/wp\/v2\/product_brand?post=84385"},{"taxonomy":"product_cat","embeddable":true,"href":"https:\/\/esoparis.co\/fr\/wp-json\/wp\/v2\/product_cat?post=84385"},{"taxonomy":"product_tag","embeddable":true,"href":"https:\/\/esoparis.co\/fr\/wp-json\/wp\/v2\/product_tag?post=84385"}],"curies":[{"name":"wp","href":"https:\/\/api.w.org\/{rel}","templated":true}]}}