{"id":84387,"date":"2021-05-17T20:08:47","date_gmt":"2021-05-17T18:08:47","guid":{"rendered":"https:\/\/esoparis.co\/?post_type=product&#038;p=84387"},"modified":"2021-10-29T15:20:34","modified_gmt":"2021-10-29T13:20:34","slug":"hanna-lecture-visage","status":"publish","type":"product","link":"https:\/\/esoparis.co\/fr\/produit\/hanna-lecture-visage\/","title":{"rendered":"Hanna"},"content":{"rendered":"<div class=\"wpb-content-wrapper\"><p>[vc_row][vc_column width=\u00a0\u00bb5\/12&Prime;][vc_column_text]<strong>Sp\u00e9cialit\u00e9s <\/strong>: Voyance<br \/>\n<strong>Type de s\u00e9ance<\/strong> : \u00e0 distance<br \/>\n<strong>Dur\u00e9e <\/strong>: 1h30<br \/>\n<strong>Contenu <\/strong>: Lecture du visage[\/vc_column_text][\/vc_column][vc_column width=\u00a0\u00bb7\/12&Prime;][vc_column_text]Les lectures de visage sont une ancienne sagesse chinoise et une forme de gu\u00e9rison plus profonde qui sont construites sur l&rsquo;\u00e9nergie des cinq \u00e9l\u00e9ments, l&rsquo;\u00e9quilibre du yin et du yang et le flux de ces \u00e9nergies \u00e0 travers l&rsquo;Univers. Notre v\u00e9ritable essence, notre esprit, notre corps et notre \u00e2me ne sont que de l&rsquo;\u00e9nergie et changent tout le temps.<\/p>\n<p>Comprendre l&rsquo;histoire de votre visage vous permet de laisser aller les anciennes \u00e9nergies et les mod\u00e8les qui vous alourdissent afin que vous puissiez faire de la place pour une vie plus heureuse.<\/p>\n<p>Une lecture de visage est utile si vous recherchez un changement dans n&rsquo;importe quelle partie de votre vie. Lorsque vous pourrez vraiment voir votre visage, vous commencerez \u00e0 accepter qui vous \u00eates d&rsquo;une mani\u00e8re nouvelle et profonde. Vous commencerez \u00e0 vous permettre d&rsquo;\u00eatre, d&rsquo;avoir et de faire tout ce que vous avez toujours voulu et r\u00eav\u00e9 \u00e0 vos conditions et en alignement avec votre \u00e2me et l&rsquo;\u00e9nergie qui est uniquement vous.<\/p>\n<p>Hanna est intuitive et guide spirituel elle vous donne acc\u00e8s a un espace sacr\u00e9 s\u00fbr afin que vous puissiez gu\u00e9rir. Le but est que vous voyiez clairement les choses par vous-m\u00eame &#8211; de cette fa\u00e7on, vous d\u00e9couvrirez que vous avez toujours eu votre propre magie inn\u00e9e en vous.[\/vc_column_text][\/vc_column][\/vc_row]<\/p>\n<\/div>","protected":false},"excerpt":{"rendered":"<p>Lecture du visage<\/p>\n","protected":false},"featured_media":84381,"comment_status":"closed","ping_status":"closed","template":"","meta":[],"product_brand":[],"product_cat":[39],"product_tag":[24],"class_list":{"0":"post-84387","1":"product","2":"type-product","3":"status-publish","4":"has-post-thumbnail","6":"product_cat-voyance","7":"product_tag-booking","8":"product_shipping_class-livraison-gratuite","10":"first","11":"instock","12":"virtual","13":"purchasable","14":"product-type-simple"},"_links":{"self":[{"href":"https:\/\/esoparis.co\/fr\/wp-json\/wp\/v2\/product\/84387","targetHints":{"allow":["GET"]}}],"collection":[{"href":"https:\/\/esoparis.co\/fr\/wp-json\/wp\/v2\/product"}],"about":[{"href":"https:\/\/esoparis.co\/fr\/wp-json\/wp\/v2\/types\/product"}],"replies":[{"embeddable":true,"href":"https:\/\/esoparis.co\/fr\/wp-json\/wp\/v2\/comments?post=84387"}],"wp:featuredmedia":[{"embeddable":true,"href":"https:\/\/esoparis.co\/fr\/wp-json\/wp\/v2\/media\/84381"}],"wp:attachment":[{"href":"https:\/\/esoparis.co\/fr\/wp-json\/wp\/v2\/media?parent=84387"}],"wp:term":[{"taxonomy":"product_brand","embeddable":true,"href":"https:\/\/esoparis.co\/fr\/wp-json\/wp\/v2\/product_brand?post=84387"},{"taxonomy":"product_cat","embeddable":true,"href":"https:\/\/esoparis.co\/fr\/wp-json\/wp\/v2\/product_cat?post=84387"},{"taxonomy":"product_tag","embeddable":true,"href":"https:\/\/esoparis.co\/fr\/wp-json\/wp\/v2\/product_tag?post=84387"}],"curies":[{"name":"wp","href":"https:\/\/api.w.org\/{rel}","templated":true}]}}