{"id":84389,"date":"2021-05-17T20:17:17","date_gmt":"2021-05-17T18:17:17","guid":{"rendered":"https:\/\/esoparis.co\/?post_type=product&#038;p=84389"},"modified":"2021-10-29T15:20:34","modified_gmt":"2021-10-29T13:20:34","slug":"claudie","status":"publish","type":"product","link":"https:\/\/esoparis.co\/fr\/produit\/claudie\/","title":{"rendered":"Claudie"},"content":{"rendered":"<div class=\"wpb-content-wrapper\"><p>[vc_row][vc_column width=\u00a0\u00bb5\/12&Prime;][vc_column_text]<strong>Sp\u00e9cialit\u00e9s <\/strong>: Astrologie<br \/>\n<strong>Type de s\u00e9ance<\/strong> : \u00e0 distance<br \/>\n<strong>Dur\u00e9e <\/strong>: 1h<\/p>\n<ul>\n<li>Th\u00e8me Natal: Enfant et Adulte<\/li>\n<li>Consultation PsychoAstrologique<\/li>\n<\/ul>\n<p>[\/vc_column_text][\/vc_column][vc_column width=\u00a0\u00bb7\/12&Prime;][vc_column_text]La rencontre avec elle-m\u00eame qu\u2019elle a voulu transformer comme une rencontre possible avec d&rsquo;autres, montrer par les outils d\u00e9clin\u00e9s ce qui est en chacun.<\/p>\n<p>&#8211;<\/p>\n<p>Apr\u00e8s 15 ann\u00e9es pass\u00e9es \u00e0 enseigner, elle a \u00e9cout\u00e9 enfin le Ciel et a donn\u00e9 libre court \u00e0 qui elle est r\u00e9ellement. C&rsquo;est au travers de rencontres, (avec des sages bouddhistes, hindous, professeurs de yoga, th\u00e9rapeues&#8230;) de formations, (astrologie traditionnaliste, humaniste&#8230;)<\/p>\n<p>D&rsquo;etudes universitaires Master Psychanalyse, Sciences des Religions et Communication digitale par la suite. Qu\u2019elle a eu l&rsquo;id\u00e9e de cr\u00e9er MOH21 pour une approche s\u00e9rieuse, mais qui ne se prend pas au s\u00e9rieux. De l&rsquo;optimisation personnelle, professionnelle via la Spiritualit\u00e9, la Psychologie et l&rsquo;Esot\u00e9risme. Trendy &amp; Accessible. La spiritualit\u00e9 dans tous ses \u00e9tats.<\/p>\n<p>Optimisation Perso. Professionnelle et Spirituelle. Astrologie &#8211; Psychologie Analytique Tarologie &#8211; Num\u00e9rologie<\/p>\n<p>Toutes th\u00e9matiques confondues: question affective, professionnelles&#8230;projets divers.<\/p>\n<p>&nbsp;<\/p>\n<p>2 types de Consultations :<\/p>\n<p><strong>Th\u00e8me Natal: Enfant et Adulte<\/strong><\/p>\n<ul>\n<li>Incluant la charte Astrologique de naissance.<\/li>\n<li>Le Profil Psychoastrologique,<\/li>\n<li>Num\u00e9rologie Naissance et Annuelle.<\/li>\n<\/ul>\n<p><strong>Consultation PsychoAstrologique<\/strong><\/p>\n<ul>\n<li>Analyse du profil.<\/li>\n<li>Optimisation des situations pr\u00e9sentes et futures en analysant les transits et aspects sur 3 \u00e0 6 mois.<\/li>\n<li>Un tirage \u00e9nerg\u00e9tique pour recevoir une guidance personnalis\u00e9e. Tarots ou Oracles.<\/li>\n<\/ul>\n<p>[\/vc_column_text][\/vc_column][\/vc_row]<\/p>\n<\/div>","protected":false},"excerpt":{"rendered":"<p>Astrologie<\/p>\n","protected":false},"featured_media":84379,"comment_status":"closed","ping_status":"closed","template":"","meta":[],"product_brand":[],"product_cat":[42],"product_tag":[24],"class_list":{"0":"post-84389","1":"product","2":"type-product","3":"status-publish","4":"has-post-thumbnail","6":"product_cat-astrologie","7":"product_tag-booking","8":"product_shipping_class-livraison-gratuite","10":"first","11":"instock","12":"virtual","13":"purchasable","14":"product-type-simple"},"_links":{"self":[{"href":"https:\/\/esoparis.co\/fr\/wp-json\/wp\/v2\/product\/84389","targetHints":{"allow":["GET"]}}],"collection":[{"href":"https:\/\/esoparis.co\/fr\/wp-json\/wp\/v2\/product"}],"about":[{"href":"https:\/\/esoparis.co\/fr\/wp-json\/wp\/v2\/types\/product"}],"replies":[{"embeddable":true,"href":"https:\/\/esoparis.co\/fr\/wp-json\/wp\/v2\/comments?post=84389"}],"wp:featuredmedia":[{"embeddable":true,"href":"https:\/\/esoparis.co\/fr\/wp-json\/wp\/v2\/media\/84379"}],"wp:attachment":[{"href":"https:\/\/esoparis.co\/fr\/wp-json\/wp\/v2\/media?parent=84389"}],"wp:term":[{"taxonomy":"product_brand","embeddable":true,"href":"https:\/\/esoparis.co\/fr\/wp-json\/wp\/v2\/product_brand?post=84389"},{"taxonomy":"product_cat","embeddable":true,"href":"https:\/\/esoparis.co\/fr\/wp-json\/wp\/v2\/product_cat?post=84389"},{"taxonomy":"product_tag","embeddable":true,"href":"https:\/\/esoparis.co\/fr\/wp-json\/wp\/v2\/product_tag?post=84389"}],"curies":[{"name":"wp","href":"https:\/\/api.w.org\/{rel}","templated":true}]}}