{"id":84394,"date":"2021-05-17T20:26:59","date_gmt":"2021-05-17T18:26:59","guid":{"rendered":"https:\/\/esoparis.co\/?post_type=product&#038;p=84394"},"modified":"2021-10-29T15:20:33","modified_gmt":"2021-10-29T13:20:33","slug":"annabelle","status":"publish","type":"product","link":"https:\/\/esoparis.co\/fr\/produit\/annabelle\/","title":{"rendered":"Annabelle"},"content":{"rendered":"<div class=\"wpb-content-wrapper\"><p>[vc_row][vc_column width=\u00a0\u00bb5\/12&Prime;][vc_column_text]<strong>Sp\u00e9cialit\u00e9s <\/strong>: Astrologie<br \/>\n<strong>Type de s\u00e9ance<\/strong> : \u00e0 distance<br \/>\n<strong>Dur\u00e9e <\/strong>: 1h<br \/>\n<strong>Contenu<\/strong> : Lecture intuitive de th\u00e8me et analyse[\/vc_column_text][\/vc_column][vc_column width=\u00a0\u00bb7\/12&Prime;][vc_column_text]Fille d&rsquo;artistes peintres, elle a grandi expatri\u00e9e en Inde dans le Tamil Nadu \u00e0 Pondich\u00e9ry\u00a0puis \u00e0 Bangalore. Devenue polyglotte suite \u00e0 une \u00e9ducation internationale, ces ann\u00e9es d\u2019expatriation ont marqu\u00e9 sa construction et fortement transform\u00e9 son appr\u00e9hension du monde. Apr\u00e8s avoir \u00e9tudi\u00e9 l&rsquo;art dramatique\u00a0et la musique assist\u00e9e par ordinateur\u00a0dans des ann\u00e9es de premier cycle, elle a commenc\u00e9 sa carri\u00e8re en tant qu&rsquo;artiste visuelle et musicale sous le nom de Velour Modular en 2013. Sign\u00e9e sur le label anglais CR2 Records, son travail enthousiasme les critiques outre-manche et je re\u00e7ois les \u00e9loges de supports comme The Guardian, The line of the best fit, XLR8R&#8230;<\/p>\n<p>Elle a commenc\u00e9 \u00e0 \u00e9tudier l&rsquo;astrologie dans son adolescence.\u00a0\u00a0Le m\u00e9lange fascinant d&rsquo;histoire, de mythologie et de sciences qui compose ce langage symbolique est venu combler son app\u00e9tence cr\u00e9ative. L&rsquo;influence des enseignements hell\u00e9nistique et humanistes de Chris Brennan, Robert Hand et Jan Spiller, pour n&rsquo;en citer que quelques-uns, l&rsquo;ont amen\u00e9e \u00e0 se sp\u00e9cialiser dans sa pratique.<\/p>\n<p>L&rsquo;astrologie fournit une carte, le th\u00e8me astral, qui comme une boussole nous guide dans\u00a0notre trajectoire\u00a0unique et nous donne le calendrier de chaque \u00e9tape de notre chemin de vie.<\/p>\n<p>L&rsquo;environnement\u00a0dans lequel nous \u00e9voluons et les choix que nous prenons orientent\u00a0constamment les diff\u00e9rents aspects de notre psych\u00e9 et influent sur\u00a0notre\u00a0bien-\u00eatre g\u00e9n\u00e9ral. C\u2019est ce que nos cartes du ciel refl\u00e8tent. Id\u00e9alement nous cherchons tous \u00e0\u00a0devenir la meilleure version de nous-m\u00eame\u00a0et le r\u00f4le du conseiller astrologique est d\u2019aider le consultant \u00e0 int\u00e9grer cette vision int\u00e9rieure.<\/p>\n<p>Cette approche agrandit nos perspectives sur nos cycles de vie personnels nous permettant d\u2019\u00eatre en pleine conscience, r\u00e9solu et en phase avec notre propre chemin. Ainsi nous pouvons commencer \u00e0\u00a0exploiter notre \u00e9nergie, la ch\u00e9rir, avec une direction et un but, prenant nos responsabilit\u00e9s afin de trouver des le\u00e7ons et des opportunit\u00e9s dans tout ce que nous faisons.[\/vc_column_text][\/vc_column][\/vc_row]<\/p>\n<\/div>","protected":false},"excerpt":{"rendered":"<p>Astrologie, lecture intuitive et analyse<\/p>\n","protected":false},"featured_media":84489,"comment_status":"closed","ping_status":"closed","template":"","meta":[],"product_brand":[],"product_cat":[42],"product_tag":[24],"class_list":{"0":"post-84394","1":"product","2":"type-product","3":"status-publish","4":"has-post-thumbnail","6":"product_cat-astrologie","7":"product_tag-booking","8":"product_shipping_class-livraison-gratuite","10":"first","11":"instock","12":"shipping-taxable","13":"purchasable","14":"product-type-variable"},"_links":{"self":[{"href":"https:\/\/esoparis.co\/fr\/wp-json\/wp\/v2\/product\/84394","targetHints":{"allow":["GET"]}}],"collection":[{"href":"https:\/\/esoparis.co\/fr\/wp-json\/wp\/v2\/product"}],"about":[{"href":"https:\/\/esoparis.co\/fr\/wp-json\/wp\/v2\/types\/product"}],"replies":[{"embeddable":true,"href":"https:\/\/esoparis.co\/fr\/wp-json\/wp\/v2\/comments?post=84394"}],"wp:featuredmedia":[{"embeddable":true,"href":"https:\/\/esoparis.co\/fr\/wp-json\/wp\/v2\/media\/84489"}],"wp:attachment":[{"href":"https:\/\/esoparis.co\/fr\/wp-json\/wp\/v2\/media?parent=84394"}],"wp:term":[{"taxonomy":"product_brand","embeddable":true,"href":"https:\/\/esoparis.co\/fr\/wp-json\/wp\/v2\/product_brand?post=84394"},{"taxonomy":"product_cat","embeddable":true,"href":"https:\/\/esoparis.co\/fr\/wp-json\/wp\/v2\/product_cat?post=84394"},{"taxonomy":"product_tag","embeddable":true,"href":"https:\/\/esoparis.co\/fr\/wp-json\/wp\/v2\/product_tag?post=84394"}],"curies":[{"name":"wp","href":"https:\/\/api.w.org\/{rel}","templated":true}]}}