{"id":84515,"date":"2021-10-29T14:50:11","date_gmt":"2021-10-29T12:50:11","guid":{"rendered":"https:\/\/esoparis.co\/?post_type=product&#038;p=84515"},"modified":"2021-10-29T15:20:32","modified_gmt":"2021-10-29T13:20:32","slug":"alicia","status":"publish","type":"product","link":"https:\/\/esoparis.co\/fr\/produit\/alicia\/","title":{"rendered":"Alicia"},"content":{"rendered":"<div class=\"wpb-content-wrapper\"><p>[vc_row][vc_column width=\u00a0\u00bb5\/12&Prime;][vc_column_text uncode_shortcode_id=\u00a0\u00bb107794&Prime;]<strong>Sp\u00e9cialit\u00e9s <\/strong>: Medium, cartomancie, soins \u00e9nerg\u00e9tiques<br \/>\n<strong>Type de s\u00e9ance<\/strong> : \u00e0 distance<br \/>\n<strong>Dur\u00e9e <\/strong>: 1h[\/vc_column_text][\/vc_column][vc_column width=\u00a0\u00bb7\/12&Prime;][vc_column_text uncode_shortcode_id=\u00a0\u00bb568274&Prime;]M\u00e9dium et \u00e9nerg\u00e9ticienne, j&rsquo;ai d\u00e9marr\u00e9 mon cheminement spirituel dans le monde du Reiki. La vie s&rsquo;est charg\u00e9e par la suite de me mettre des cartes dans les mains et de me permettre de d\u00e9velopper mes comp\u00e9tences en mati\u00e8re de contact spirite. Je mets aujourd&rsquo;hui mes comp\u00e9tences au service des autres pour proposer des prestations les plus adapt\u00e9es et les plus qualitatives possibles.<\/p>\n<p>Je propose trois types de consultations (1h \u00e0 chaque fois) :<\/p>\n<p><strong>Des contacts d\u00e9funts<\/strong> durant lesquels je vous retransmets les messages re\u00e7us en direct via Whats&rsquo;App, il me faudra simplement une photo du d\u00e9funt dont vous souhaitez recevoir les messages ainsi que son pr\u00e9nom. Les \u00e9changes s&rsquo;effectuent en direct afin de pouvoir confirmer l&rsquo;identit\u00e9 du d\u00e9funt en vous donnant le plus de d\u00e9tails possibles sur sa mani\u00e8re de parler, des souvenirs, des anecdotes, un trait physique particulier\u2026 Chaque exp\u00e9rience est singuli\u00e8re et je suis pr\u00e9sente en amont et durant chaque \u00e9tape de la consultation pour r\u00e9pondre \u00e0 vos questionnements.<\/p>\n<p><strong>Consultation en cartomancie<\/strong> : Durant une heure, nous nous retrouvons pour aborder ensemble tous les questionnements qui vous traversent afin de regarder ensemble quelles \u00e9nergies en pr\u00e9sence vous accompagnent, mais aussi aborder l&rsquo;aspect pr\u00e9dictif de chaque probl\u00e9matique. Je traite tous les domaines hormis la sant\u00e9 et les questions li\u00e9es \u00e0 la grossesse.<\/p>\n<p><strong>Soin \u00e9nerg\u00e9tique<\/strong> : je vous propose un moment de d\u00e9tente ax\u00e9 sur votre \u00e9quilibre physique et psychique pour pouvoir vous all\u00e9ger du stress, lever des blocages et travailler sur les m\u00e9moires qui vous impactent encore de mani\u00e8re n\u00e9gative. Chaque soin dure une heure, vous recevrez \u00e0 l&rsquo;issue de ce dernier un compte-rendu par mail vous expliquant les points travaill\u00e9s et tous mes ressentis durant cette s\u00e9ance. Au choix : Soin de Reiki ou de Lahochi.[\/vc_column_text][\/vc_column][\/vc_row]<\/p>\n<\/div>","protected":false},"excerpt":{"rendered":"<p>Medium, cartomancie, soins \u00e9nerg\u00e9tiques<\/p>\n","protected":false},"featured_media":84519,"comment_status":"closed","ping_status":"closed","template":"","meta":[],"product_brand":[],"product_cat":[42,50],"product_tag":[24],"class_list":{"0":"post-84515","1":"product","2":"type-product","3":"status-publish","4":"has-post-thumbnail","6":"product_cat-astrologie","7":"product_cat-soin-energetique","8":"product_tag-booking","9":"product_shipping_class-livraison-gratuite","11":"first","12":"instock","13":"shipping-taxable","14":"purchasable","15":"product-type-variable"},"_links":{"self":[{"href":"https:\/\/esoparis.co\/fr\/wp-json\/wp\/v2\/product\/84515","targetHints":{"allow":["GET"]}}],"collection":[{"href":"https:\/\/esoparis.co\/fr\/wp-json\/wp\/v2\/product"}],"about":[{"href":"https:\/\/esoparis.co\/fr\/wp-json\/wp\/v2\/types\/product"}],"replies":[{"embeddable":true,"href":"https:\/\/esoparis.co\/fr\/wp-json\/wp\/v2\/comments?post=84515"}],"wp:featuredmedia":[{"embeddable":true,"href":"https:\/\/esoparis.co\/fr\/wp-json\/wp\/v2\/media\/84519"}],"wp:attachment":[{"href":"https:\/\/esoparis.co\/fr\/wp-json\/wp\/v2\/media?parent=84515"}],"wp:term":[{"taxonomy":"product_brand","embeddable":true,"href":"https:\/\/esoparis.co\/fr\/wp-json\/wp\/v2\/product_brand?post=84515"},{"taxonomy":"product_cat","embeddable":true,"href":"https:\/\/esoparis.co\/fr\/wp-json\/wp\/v2\/product_cat?post=84515"},{"taxonomy":"product_tag","embeddable":true,"href":"https:\/\/esoparis.co\/fr\/wp-json\/wp\/v2\/product_tag?post=84515"}],"curies":[{"name":"wp","href":"https:\/\/api.w.org\/{rel}","templated":true}]}}