{"id":84783,"date":"2022-04-14T16:23:57","date_gmt":"2022-04-14T14:23:57","guid":{"rendered":"https:\/\/esoparis.co\/?post_type=product&#038;p=84783"},"modified":"2026-01-05T22:40:55","modified_gmt":"2026-01-05T21:40:55","slug":"assiettes-ceramique-collection-astrologie","status":"publish","type":"product","link":"https:\/\/esoparis.co\/fr\/produit\/assiettes-ceramique-collection-astrologie\/","title":{"rendered":"Assiettes en c\u00e9ramique Collection Astrologie"},"content":{"rendered":"<p>Assiettes signe du zodiaque et plat \u00abroue du zodiaque\u00bb r\u00e9alis\u00e9s \u00e0 la main, \u00e0 Paris, par la c\u00e9ramiste Morgane Pasqualini.<\/p>\n<p><strong>D\u00e9lais de production<\/strong><\/p>\n<ul>\n<li>plat : 7 semaines<\/li>\n<li>assiettes : 3 semaines<\/li>\n<\/ul>\n","protected":false},"excerpt":{"rendered":"<p>Eso &amp; Morgane Pasqualini C\u00e9ramique \u2013 collection Astrologie<\/p>\n","protected":false},"featured_media":84775,"comment_status":"closed","ping_status":"closed","template":"","meta":[],"product_brand":[],"product_cat":[15],"product_tag":[],"class_list":{"0":"post-84783","1":"product","2":"type-product","3":"status-publish","4":"has-post-thumbnail","6":"product_cat-produit","7":"product_shipping_class-chronopost","9":"first","10":"outofstock","11":"shipping-taxable","12":"purchasable","13":"product-type-variable"},"_links":{"self":[{"href":"https:\/\/esoparis.co\/fr\/wp-json\/wp\/v2\/product\/84783","targetHints":{"allow":["GET"]}}],"collection":[{"href":"https:\/\/esoparis.co\/fr\/wp-json\/wp\/v2\/product"}],"about":[{"href":"https:\/\/esoparis.co\/fr\/wp-json\/wp\/v2\/types\/product"}],"replies":[{"embeddable":true,"href":"https:\/\/esoparis.co\/fr\/wp-json\/wp\/v2\/comments?post=84783"}],"wp:featuredmedia":[{"embeddable":true,"href":"https:\/\/esoparis.co\/fr\/wp-json\/wp\/v2\/media\/84775"}],"wp:attachment":[{"href":"https:\/\/esoparis.co\/fr\/wp-json\/wp\/v2\/media?parent=84783"}],"wp:term":[{"taxonomy":"product_brand","embeddable":true,"href":"https:\/\/esoparis.co\/fr\/wp-json\/wp\/v2\/product_brand?post=84783"},{"taxonomy":"product_cat","embeddable":true,"href":"https:\/\/esoparis.co\/fr\/wp-json\/wp\/v2\/product_cat?post=84783"},{"taxonomy":"product_tag","embeddable":true,"href":"https:\/\/esoparis.co\/fr\/wp-json\/wp\/v2\/product_tag?post=84783"}],"curies":[{"name":"wp","href":"https:\/\/api.w.org\/{rel}","templated":true}]}}