{"id":85067,"date":"2022-09-16T13:46:02","date_gmt":"2022-09-16T11:46:02","guid":{"rendered":"https:\/\/esoparis.co\/?post_type=product&#038;p=85067"},"modified":"2026-01-05T22:35:32","modified_gmt":"2026-01-05T21:35:32","slug":"eso-x-huages","status":"publish","type":"product","link":"https:\/\/esoparis.co\/fr\/produit\/eso-x-huages\/","title":{"rendered":"\u0116so x Huages"},"content":{"rendered":"","protected":false},"excerpt":{"rendered":"<p>Huages s\u2019associe \u00e0 la magie d\u2019\u0116SO, pour un \u00e9veil holistique et spirituel. Une huile de camomille au CBD, pour ch\u00e9rir son corps et son esprit.<\/p>\n<p>Cette formule \u00e0 l&rsquo;extrait de camomille, poss\u00e8de de nombreux bienfaits : La camomille est la plante alli\u00e9e du bien-\u00eatre et de la d\u00e9tente. Utilis\u00e9e depuis des si\u00e8cles \u00e0 l\u2019heure du coucher pour ses effets calmants et relaxants, la camomille est ainsi associ\u00e9e au soir, sommeil, au calme. C\u2019est le moment pour vous connecter \u00e0 vos ressources int\u00e9rieures: physiques ou spirituelles. La camomille est \u00e9galement riche en apig\u00e9nine qui a des propri\u00e9t\u00e9s anti-inflammatoires, associ\u00e9 \u00e0 celles du CBD son effet est amplifi\u00e9. Maux, douleurs menstruelles, douleurs musculaires suite \u00e0 un effort sportif pourront \u00eatre soulag\u00e9s.<\/p>\n<p>Belle d\u00e9couverte !<\/p>\n<p>&nbsp;<\/p>\n<p><strong>Composition<\/strong><\/p>\n<p>Une huile concentr\u00e9e \u00e0 15% de CBD \u00e0 l\u2019huile de noix de coco et extrait de camomille bio. Huile de noix de coco MCT bio et extrait de camomille BIO. Extrait de Chanvre \/ CBD Spectre Large : 1500 mg (15%). Nos formules sont 100% naturelles et fabriqu\u00e9es en France.<\/p>\n<p><strong>Les bienfaits du CBD<\/strong><\/p>\n<ul>\n<li>Permet de se relaxer instantan\u00e9ment et durablement.<\/li>\n<li>Soulage efficacement les maux (migraines, douleurs menstruelles, etc)<\/li>\n<li>Agit pour un sommeil de meilleure qualit\u00e9<\/li>\n<li>Aide \u00e0 la concentration<\/li>\n<li>Contribue \u00e0 la relaxation des muscles apr\u00e8s l\u2019effort<\/li>\n<\/ul>\n<p><strong>Utilisation<\/strong><\/p>\n<ul>\n<li>Directement par voie orale, en d\u00e9posant quelques gouttes sous la langue. La voie sublinguale permet une action rapide : les vaisseaux sanguins pr\u00e9sents sous la langue absorbent directement le CBD. Les premiers effets du CBD peuvent \u00eatre ressentis entre 5 et 30 min apr\u00e8s une prise sublinguale.\u2060<\/li>\n<li>L\u2019huile peut aussi \u00eatre appliqu\u00e9e de mani\u00e8re cutan\u00e9e localement sur visage ou muscle du corps avant de masser.<\/li>\n<li>Vous pouvez \u00e9galement la m\u00e9langer avec une cr\u00e8me de soin ou dans vos recettes culinaires !<\/li>\n<\/ul>\n","protected":false},"featured_media":85066,"comment_status":"closed","ping_status":"closed","template":"","meta":[],"product_brand":[],"product_cat":[15],"product_tag":[],"class_list":{"0":"post-85067","1":"product","2":"type-product","3":"status-publish","4":"has-post-thumbnail","6":"product_cat-produit","7":"product_shipping_class-chronopost","9":"first","10":"outofstock","11":"shipping-taxable","12":"purchasable","13":"product-type-simple"},"_links":{"self":[{"href":"https:\/\/esoparis.co\/fr\/wp-json\/wp\/v2\/product\/85067","targetHints":{"allow":["GET"]}}],"collection":[{"href":"https:\/\/esoparis.co\/fr\/wp-json\/wp\/v2\/product"}],"about":[{"href":"https:\/\/esoparis.co\/fr\/wp-json\/wp\/v2\/types\/product"}],"replies":[{"embeddable":true,"href":"https:\/\/esoparis.co\/fr\/wp-json\/wp\/v2\/comments?post=85067"}],"wp:featuredmedia":[{"embeddable":true,"href":"https:\/\/esoparis.co\/fr\/wp-json\/wp\/v2\/media\/85066"}],"wp:attachment":[{"href":"https:\/\/esoparis.co\/fr\/wp-json\/wp\/v2\/media?parent=85067"}],"wp:term":[{"taxonomy":"product_brand","embeddable":true,"href":"https:\/\/esoparis.co\/fr\/wp-json\/wp\/v2\/product_brand?post=85067"},{"taxonomy":"product_cat","embeddable":true,"href":"https:\/\/esoparis.co\/fr\/wp-json\/wp\/v2\/product_cat?post=85067"},{"taxonomy":"product_tag","embeddable":true,"href":"https:\/\/esoparis.co\/fr\/wp-json\/wp\/v2\/product_tag?post=85067"}],"curies":[{"name":"wp","href":"https:\/\/api.w.org\/{rel}","templated":true}]}}