{"id":85132,"date":"2023-11-25T18:13:08","date_gmt":"2023-11-25T17:13:08","guid":{"rendered":"https:\/\/esoparis.co\/product\/marine\/"},"modified":"2023-11-27T16:42:01","modified_gmt":"2023-11-27T15:42:01","slug":"marine","status":"publish","type":"product","link":"https:\/\/esoparis.co\/fr\/produit\/marine\/","title":{"rendered":"Marine"},"content":{"rendered":"<div class=\"wpb-content-wrapper\"><p>[vc_row][vc_column width=\u00a0\u00bb5\/12&Prime;][vc_column_text uncode_shortcode_id=\u00a0\u00bb149398&Prime;]<strong>Specialiti\u00e9s<\/strong>: Voyance<br \/>\n<strong>Type de s\u00e9ance<\/strong> : \u00e0 distance<br \/>\n<strong>Dur\u00e9e<\/strong> : entre 30 min et 1h<br \/>\n<strong>Content<\/strong>: Cartomancie, tirage de cartes[\/vc_column_text][\/vc_column][vc_column width=\u00a0\u00bb7\/12&Prime;][vc_column_text uncode_shortcode_id=\u00a0\u00bb757615&Prime;]Marine est une n\u00e9o-tarologue qui propose un \u0153il neuf et moderne sur le Tarot. Une cartomancie qu\u2019elle souhaite d\u00e9mystifier, d\u00e9poussi\u00e9rer et r\u00e9habiliter pour r\u00e9pondre \u00e0 nos questions contemporaines dans un cadre loin des clich\u00e9s et de l\u2019aust\u00e9rit\u00e9 \u00e0 laquelle pr\u00e9tend cette pratique.<\/p>\n<p>Elle a d\u00e9velopp\u00e9 une nouvelle approche de la lecture des cartes, privil\u00e9giant l\u2019\u00e9change sur l\u2019influence. Elle envisage ses consultations comme un moment de partage et d\u2019\u00e9changes, anim\u00e9 par l\u2019envie de cr\u00e9er un espace o\u00f9 on prend le temps d\u2019une pause, pour r\u00e9fl\u00e9chir sur soi, faire le point, afin de gagner un nouvel \u00e9lan.<\/p>\n<p>Ses consultations sont sur mesure et s\u2019articulent autour de tirages de guidance psychologique et\/ou de tirages divinatoires qui abordent une ou plusieurs th\u00e9matique discut\u00e9.es au pr\u00e9alable.[\/vc_column_text][\/vc_column][\/vc_row]<\/p>\n<\/div>","protected":false},"excerpt":{"rendered":"<p>Voyance<\/p>\n","protected":false},"featured_media":85122,"comment_status":"closed","ping_status":"closed","template":"","meta":[],"product_brand":[],"product_cat":[92,23,42],"product_tag":[24],"class_list":{"0":"post-85132","1":"product","2":"type-product","3":"status-publish","4":"has-post-thumbnail","6":"product_cat-voyance-fr","7":"product_cat-seance","8":"product_cat-astrologie","9":"product_tag-booking","10":"product_shipping_class-livraison-gratuite","12":"first","13":"instock","14":"shipping-taxable","15":"purchasable","16":"product-type-variable"},"_links":{"self":[{"href":"https:\/\/esoparis.co\/fr\/wp-json\/wp\/v2\/product\/85132","targetHints":{"allow":["GET"]}}],"collection":[{"href":"https:\/\/esoparis.co\/fr\/wp-json\/wp\/v2\/product"}],"about":[{"href":"https:\/\/esoparis.co\/fr\/wp-json\/wp\/v2\/types\/product"}],"replies":[{"embeddable":true,"href":"https:\/\/esoparis.co\/fr\/wp-json\/wp\/v2\/comments?post=85132"}],"wp:featuredmedia":[{"embeddable":true,"href":"https:\/\/esoparis.co\/fr\/wp-json\/wp\/v2\/media\/85122"}],"wp:attachment":[{"href":"https:\/\/esoparis.co\/fr\/wp-json\/wp\/v2\/media?parent=85132"}],"wp:term":[{"taxonomy":"product_brand","embeddable":true,"href":"https:\/\/esoparis.co\/fr\/wp-json\/wp\/v2\/product_brand?post=85132"},{"taxonomy":"product_cat","embeddable":true,"href":"https:\/\/esoparis.co\/fr\/wp-json\/wp\/v2\/product_cat?post=85132"},{"taxonomy":"product_tag","embeddable":true,"href":"https:\/\/esoparis.co\/fr\/wp-json\/wp\/v2\/product_tag?post=85132"}],"curies":[{"name":"wp","href":"https:\/\/api.w.org\/{rel}","templated":true}]}}