{"id":85139,"date":"2023-11-27T09:18:35","date_gmt":"2023-11-27T08:18:35","guid":{"rendered":"https:\/\/esoparis.co\/?post_type=product&#038;p=85139"},"modified":"2023-11-27T10:09:10","modified_gmt":"2023-11-27T09:09:10","slug":"nathalie-mendes","status":"publish","type":"product","link":"https:\/\/esoparis.co\/fr\/produit\/nathalie-mendes\/","title":{"rendered":"Nathalie Mendes"},"content":{"rendered":"<div class=\"wpb-content-wrapper\"><p>[vc_row][vc_column width=\u00a0\u00bb5\/12&Prime;][vc_column_text uncode_shortcode_id=\u00a0\u00bb192558&Prime;]<strong>Sp\u00e9cialit\u00e9s<\/strong> : astrologie<br \/>\n<strong>Type de s\u00e9ance<\/strong> : \u00e0 distance<br \/>\n<strong>Dur\u00e9e<\/strong> : entre 30 min et 1h<br \/>\n<strong>Contenu<\/strong> : th\u00e8me astral[\/vc_column_text][\/vc_column][vc_column width=\u00a0\u00bb7\/12&Prime;][vc_column_text uncode_shortcode_id=\u00a0\u00bb140465&Prime;]Nathalie est une tarologue exp\u00e9riment\u00e9e, formatrice, guide intuitive et coach chamanique. Forte de 38 ans de pratique du Tarot, elle est guid\u00e9e par une \u00e9thique rigoureuse et une sinc\u00e8re bienveillance.<\/p>\n<p>Ses consultations sont des moments uniques d\u2019\u00e9change convivial, fournissant des \u00e9claircissements sur vos questionnements quotidiens, facilitant ainsi la r\u00e9solution de blocages ou incertitudes entravant le parcours de votre chemin de vie.<\/p>\n<p>Nathalie, au-del\u00e0 de partager ses perceptions, vous propose une guidance intuitive pour accompagner votre transmutation int\u00e9rieure, vous conduisant vers une perspective positive et une vie \u00e9panouie. Son objectif est de vous reconnecter \u00e0 vos r\u00eaves afin que vous puissiez les incarner au mieux. Sa comp\u00e9tence a \u00e9t\u00e9 mise en avant par sa s\u00e9lection dans le Guide de la Voyance en 2019 des 10 meilleurs voyants, m\u00e9diums et tarologues.<\/p>\n<p>Elle est aussi la fondatrice de la Tarot Acad\u00e9mie by Sheluna, un espace d\u2019apprentissage o\u00f9 elle transmet sa passion et son expertise du Tarot.[\/vc_column_text][\/vc_column][\/vc_row]<\/p>\n<\/div>","protected":false},"excerpt":{"rendered":"<p>Lecture et analyse intuitives des th\u00e8mes<\/p>\n","protected":false},"featured_media":85142,"comment_status":"closed","ping_status":"closed","template":"","meta":[],"product_brand":[],"product_cat":[39],"product_tag":[24],"class_list":{"0":"post-85139","1":"product","2":"type-product","3":"status-publish","4":"has-post-thumbnail","6":"product_cat-voyance","7":"product_tag-booking","9":"first","10":"instock","11":"shipping-taxable","12":"purchasable","13":"product-type-variable"},"_links":{"self":[{"href":"https:\/\/esoparis.co\/fr\/wp-json\/wp\/v2\/product\/85139","targetHints":{"allow":["GET"]}}],"collection":[{"href":"https:\/\/esoparis.co\/fr\/wp-json\/wp\/v2\/product"}],"about":[{"href":"https:\/\/esoparis.co\/fr\/wp-json\/wp\/v2\/types\/product"}],"replies":[{"embeddable":true,"href":"https:\/\/esoparis.co\/fr\/wp-json\/wp\/v2\/comments?post=85139"}],"wp:featuredmedia":[{"embeddable":true,"href":"https:\/\/esoparis.co\/fr\/wp-json\/wp\/v2\/media\/85142"}],"wp:attachment":[{"href":"https:\/\/esoparis.co\/fr\/wp-json\/wp\/v2\/media?parent=85139"}],"wp:term":[{"taxonomy":"product_brand","embeddable":true,"href":"https:\/\/esoparis.co\/fr\/wp-json\/wp\/v2\/product_brand?post=85139"},{"taxonomy":"product_cat","embeddable":true,"href":"https:\/\/esoparis.co\/fr\/wp-json\/wp\/v2\/product_cat?post=85139"},{"taxonomy":"product_tag","embeddable":true,"href":"https:\/\/esoparis.co\/fr\/wp-json\/wp\/v2\/product_tag?post=85139"}],"curies":[{"name":"wp","href":"https:\/\/api.w.org\/{rel}","templated":true}]}}